{"id":88854,"date":"2026-04-21T03:11:30","date_gmt":"2026-04-21T09:11:30","guid":{"rendered":"https:\/\/www.veneciacr.com\/index.php\/producto\/spray-silicon-grado-alimenticio-13oz-lb8801-loctite\/"},"modified":"2026-04-21T03:11:31","modified_gmt":"2026-04-21T09:11:31","slug":"spray-silicon-grado-alimenticio-13oz-lb8021-loctite","status":"publish","type":"product","link":"https:\/\/www.veneciacr.com\/index.php\/producto\/spray-silicon-grado-alimenticio-13oz-lb8021-loctite\/","title":{"rendered":"SPRAY SILICON GRADO ALIMENTICIO 13OZ LB8021 LOCTITE"},"content":{"rendered":"<div class=\"product__features\">Lubricante &#8211; aceite de silicona. Para superficies met\u00e1licas y no met\u00e1licas. Adecuado como agente desmoldante.<\/div>\n<div class=\"product__descriptionText\" data-original-html=\"LOCTITE\u00ae LB 8021 es un lubricante universal para componentes sometidos a bajo esfuerzo como bisagras de las puertas y del maletero, cerraduras, ra\u00edles de los asientos, reposacabezas, techo solar, etc. Tambi\u00e9n se puede utilizar como agente desmoldeante. Su intervalo t\u00e9rmico operativo va desde -30 \u00baC a +150 \u00baC (en continuo) y -50 \u00baC a +250 \u00baC (exposiciones puntuales) despu\u00e9s de la evaporaci\u00f3n completa de los solventes\">LOCTITE\u00ae LB 8021 es un lubricante universal para componentes sometidos a bajo esfuerzo como bisagras de las puertas y del maletero, cerraduras, ra\u00edles de los asientos, reposacabezas, techo solar, etc. Tambi\u00e9n se puede utilizar como agente desmoldeante. Su intervalo t\u00e9rmico operativo va desde -30 \u00baC a +150 \u00baC (en continuo) y -50 \u00baC a +250 \u00baC (exposiciones puntuales) despu\u00e9s de la evaporaci\u00f3n completa de los solventes<\/div>\n<div class=\"product__benefitsList\">\n<ul>\n<li>Aceite de silicona<\/li>\n<li>Lubrica las superficies met\u00e1licas y no met\u00e1licas<\/li>\n<li>Adecuado como agente desmoldante<\/li>\n<li>Registro NSF H1 n.\u00ba: 141642<\/li>\n<\/ul>\n<\/div>\n","protected":false},"excerpt":{"rendered":"<p>Lubricante &#8211; aceite de silicona. Para superficies met\u00e1licas y no met\u00e1licas. Adecuado como agente desmoldante. LOCTITE\u00ae LB 8021 es un<\/p>\n","protected":false},"featured_media":88855,"comment_status":"closed","ping_status":"open","template":"","meta":[],"product_brand":[],"product_cat":[15],"product_tag":[],"class_list":{"0":"post-88854","1":"product","2":"type-product","3":"status-publish","4":"has-post-thumbnail","6":"product_cat-uncategorized","8":"first","9":"instock","10":"purchasable","11":"product-type-simple"},"jetpack_sharing_enabled":true,"_links":{"self":[{"href":"https:\/\/www.veneciacr.com\/index.php\/wp-json\/wp\/v2\/product\/88854","targetHints":{"allow":["GET"]}}],"collection":[{"href":"https:\/\/www.veneciacr.com\/index.php\/wp-json\/wp\/v2\/product"}],"about":[{"href":"https:\/\/www.veneciacr.com\/index.php\/wp-json\/wp\/v2\/types\/product"}],"replies":[{"embeddable":true,"href":"https:\/\/www.veneciacr.com\/index.php\/wp-json\/wp\/v2\/comments?post=88854"}],"wp:featuredmedia":[{"embeddable":true,"href":"https:\/\/www.veneciacr.com\/index.php\/wp-json\/wp\/v2\/media\/88855"}],"wp:attachment":[{"href":"https:\/\/www.veneciacr.com\/index.php\/wp-json\/wp\/v2\/media?parent=88854"}],"wp:term":[{"taxonomy":"product_brand","embeddable":true,"href":"https:\/\/www.veneciacr.com\/index.php\/wp-json\/wp\/v2\/product_brand?post=88854"},{"taxonomy":"product_cat","embeddable":true,"href":"https:\/\/www.veneciacr.com\/index.php\/wp-json\/wp\/v2\/product_cat?post=88854"},{"taxonomy":"product_tag","embeddable":true,"href":"https:\/\/www.veneciacr.com\/index.php\/wp-json\/wp\/v2\/product_tag?post=88854"}],"curies":[{"name":"wp","href":"https:\/\/api.w.org\/{rel}","templated":true}]}}