{"id":88783,"date":"2026-04-21T02:54:20","date_gmt":"2026-04-21T08:54:20","guid":{"rendered":"https:\/\/www.veneciacr.com\/index.php\/producto\/retenedor-cilindricos-6ml-640-loctite\/"},"modified":"2026-04-21T02:54:21","modified_gmt":"2026-04-21T08:54:21","slug":"retenedor-cilindricos-6ml-640-loctite","status":"publish","type":"product","link":"https:\/\/www.veneciacr.com\/index.php\/producto\/retenedor-cilindricos-6ml-640-loctite\/","title":{"rendered":"RETENEDOR CILINDRICOS 6ML 640 LOCTITE"},"content":{"rendered":"<div class=\"product__features\">Retenedor de alta resistencia en base \u00e9ster de metacrilato, de curado lento; ideal para piezas de di\u00e1metro grande y metales activos como el lat\u00f3n.<\/div>\n<div class=\"product__descriptionText\" data-original-html=\"LOCTITE\u00ae 640 es un retenedor anaer\u00f3bico verde en base \u00e9ster de metacrilato ideal para piezas que requieren de un tiempo de posicionamiento largo. El tiempo de fijaci\u00f3n en acero es de 2 h. Tambi\u00e9n se utiliza en metales activos como el lat\u00f3n. Es un producto de alta resistencia, con buena resistencia t\u00e9rmica. La holgura diametral m\u00e1xima es de 0,1 mm y el intervalo t\u00e9rmico operativo va desde -55 a +175 \u00baC. Fluorescencia: positivo bajo luz UV.\">LOCTITE\u00ae 640 es un retenedor anaer\u00f3bico verde en base \u00e9ster de metacrilato ideal para piezas que requieren de un tiempo de posicionamiento largo. El tiempo de fijaci\u00f3n en acero es de 2 h. Tambi\u00e9n se utiliza en metales activos como el lat\u00f3n. Es un producto de alta resistencia, con buena resistencia t\u00e9rmica. La holgura diametral m\u00e1xima es de 0,1 mm y el intervalo t\u00e9rmico operativo va desde -55 a +175 \u00baC. Fluorescencia: positivo bajo luz UV.<\/div>\n<div class=\"product__benefitsList\">\n<ul>\n<li>Producto monocomponente no es necesario mezclar<\/li>\n<li>Curado lento<\/li>\n<li>Ideal para piezas grandes<\/li>\n<li>Alta resistencia<\/li>\n<li>Tambi\u00e9n para metales activos, como el lat\u00f3n<\/li>\n<li>Buena resistencia t\u00e9rmica<\/li>\n<\/ul>\n<\/div>\n","protected":false},"excerpt":{"rendered":"<p>Retenedor de alta resistencia en base \u00e9ster de metacrilato, de curado lento; ideal para piezas de di\u00e1metro grande y metales<\/p>\n","protected":false},"featured_media":97763,"comment_status":"closed","ping_status":"open","template":"","meta":[],"product_brand":[],"product_cat":[15],"product_tag":[],"class_list":{"0":"post-88783","1":"product","2":"type-product","3":"status-publish","4":"has-post-thumbnail","6":"product_cat-uncategorized","8":"first","9":"instock","10":"purchasable","11":"product-type-simple"},"jetpack_sharing_enabled":true,"_links":{"self":[{"href":"https:\/\/www.veneciacr.com\/index.php\/wp-json\/wp\/v2\/product\/88783","targetHints":{"allow":["GET"]}}],"collection":[{"href":"https:\/\/www.veneciacr.com\/index.php\/wp-json\/wp\/v2\/product"}],"about":[{"href":"https:\/\/www.veneciacr.com\/index.php\/wp-json\/wp\/v2\/types\/product"}],"replies":[{"embeddable":true,"href":"https:\/\/www.veneciacr.com\/index.php\/wp-json\/wp\/v2\/comments?post=88783"}],"wp:featuredmedia":[{"embeddable":true,"href":"https:\/\/www.veneciacr.com\/index.php\/wp-json\/wp\/v2\/media\/97763"}],"wp:attachment":[{"href":"https:\/\/www.veneciacr.com\/index.php\/wp-json\/wp\/v2\/media?parent=88783"}],"wp:term":[{"taxonomy":"product_brand","embeddable":true,"href":"https:\/\/www.veneciacr.com\/index.php\/wp-json\/wp\/v2\/product_brand?post=88783"},{"taxonomy":"product_cat","embeddable":true,"href":"https:\/\/www.veneciacr.com\/index.php\/wp-json\/wp\/v2\/product_cat?post=88783"},{"taxonomy":"product_tag","embeddable":true,"href":"https:\/\/www.veneciacr.com\/index.php\/wp-json\/wp\/v2\/product_tag?post=88783"}],"curies":[{"name":"wp","href":"https:\/\/api.w.org\/{rel}","templated":true}]}}