{"id":8874,"date":"2026-04-21T04:19:25","date_gmt":"2026-04-21T10:19:25","guid":{"rendered":"https:\/\/www.veneciacr.com\/index.php\/product\/caja-herramienta-16-trans-30830-4767-rimax\/"},"modified":"2026-04-21T04:19:26","modified_gmt":"2026-04-21T10:19:26","slug":"caja-herramientas-16-trans-30830-4767-rimax","status":"publish","type":"product","link":"https:\/\/www.veneciacr.com\/index.php\/producto\/caja-herramientas-16-trans-30830-4767-rimax\/","title":{"rendered":"CAJA HERRAMIENTAS 16&#8243; TRANS 30830 #4767 RIMAX"},"content":{"rendered":"<p>La Caja Vanity Elegance es un elegante y pr\u00e1ctico organizador dise\u00f1ado para almacenar y ordenar tus objetos de belleza con estilo. Equipado con una bandeja plegable, compartimentos removibles y un espejo integrado, esta caja no solo proporciona funcionalidad, sino tambi\u00e9n un toque de sofisticaci\u00f3n a tu espacio de cuidado personal. Su dise\u00f1o port\u00e1til incluye una manija que facilita su transporte, convirti\u00e9ndola en el accesorio perfecto para mantener en orden tus productos de cuidado personal y maquillaje.<\/p>\n<p>Beneficios<br \/>\nOrganizaci\u00f3n Pr\u00e1ctica y Elegante: La Caja Vanity Elegance cuenta con una bandeja plegable y compartimentos interiores removibles que permiten una organizaci\u00f3n eficiente y personalizada de tus productos de belleza. El espejo integrado facilita tu rutina diaria, manteniendo todo accesible y ordenado.<\/p>\n<p>Flexibilidad Personalizada: Los tres compartimentos interiores removibles brindan mayor espacio y se adaptan a cualquier necesidad, lo que te permite organizar tus productos seg\u00fan tus preferencias y necesidades espec\u00edficas.<\/p>\n<p>Portabilidad y Estilo: Gracias a su manija incorporada, la caja es f\u00e1cil de transportar, permiti\u00e9ndote llevar tus productos de belleza a cualquier lugar. Adem\u00e1s, sus colores divertidos y modernos la hacen ideal para cualquier gusto, a\u00f1adiendo un toque de estilo a tu espacio.<\/p>\n<div class=\"item\">\n<div class=\"icon\"><img data-recalc-dims=\"1\" decoding=\"async\" src=\"https:\/\/i0.wp.com\/rimax.vtexassets.com\/assets\/vtex.file-manager-graphql\/images\/20a8ef09-4628-4f33-b089-c729712ac9d8___39f2ce4cc1b8a1a426714546da17640a.png?ssl=1\" \/><\/div>\n<div class=\"label\">Profundidad:<\/div>\n<div class=\"value\">22.1 cm<\/div>\n<\/div>\n<div class=\"item\">\n<div class=\"icon\"><img data-recalc-dims=\"1\" decoding=\"async\" src=\"https:\/\/i0.wp.com\/rimax.vtexassets.com\/assets\/vtex.file-manager-graphql\/images\/89140313-ba0e-4899-b87f-10c61acbb93b___a4ada81defda5ae003a1735777f25827.png?ssl=1\" \/><\/div>\n<div class=\"label\">Ancho:<\/div>\n<div class=\"value\">40.6 cm<\/div>\n<\/div>\n<div class=\"item\">\n<div class=\"icon\"><img data-recalc-dims=\"1\" decoding=\"async\" src=\"https:\/\/i0.wp.com\/rimax.vtexassets.com\/assets\/vtex.file-manager-graphql\/images\/95e69b5c-83a9-41cc-881b-57aab4313841___93373653fbc377fc8d2bec409e472a8e.png?ssl=1\" \/><\/div>\n<div class=\"label\">Altura:<\/div>\n<div class=\"value\">21.8 cm<\/div>\n<\/div>\n<p>&nbsp;<\/p>\n","protected":false},"excerpt":{"rendered":"<p>La Caja Vanity Elegance es un elegante y pr\u00e1ctico organizador dise\u00f1ado para almacenar y ordenar tus objetos de belleza con<\/p>\n","protected":false},"featured_media":76823,"comment_status":"closed","ping_status":"open","template":"","meta":[],"product_brand":[],"product_cat":[22,23],"product_tag":[],"class_list":{"0":"post-8874","1":"product","2":"type-product","3":"status-publish","4":"has-post-thumbnail","6":"product_cat-almacenamiento","7":"product_cat-herramientas","9":"first","10":"instock","11":"purchasable","12":"product-type-simple"},"jetpack_sharing_enabled":true,"_links":{"self":[{"href":"https:\/\/www.veneciacr.com\/index.php\/wp-json\/wp\/v2\/product\/8874","targetHints":{"allow":["GET"]}}],"collection":[{"href":"https:\/\/www.veneciacr.com\/index.php\/wp-json\/wp\/v2\/product"}],"about":[{"href":"https:\/\/www.veneciacr.com\/index.php\/wp-json\/wp\/v2\/types\/product"}],"replies":[{"embeddable":true,"href":"https:\/\/www.veneciacr.com\/index.php\/wp-json\/wp\/v2\/comments?post=8874"}],"wp:featuredmedia":[{"embeddable":true,"href":"https:\/\/www.veneciacr.com\/index.php\/wp-json\/wp\/v2\/media\/76823"}],"wp:attachment":[{"href":"https:\/\/www.veneciacr.com\/index.php\/wp-json\/wp\/v2\/media?parent=8874"}],"wp:term":[{"taxonomy":"product_brand","embeddable":true,"href":"https:\/\/www.veneciacr.com\/index.php\/wp-json\/wp\/v2\/product_brand?post=8874"},{"taxonomy":"product_cat","embeddable":true,"href":"https:\/\/www.veneciacr.com\/index.php\/wp-json\/wp\/v2\/product_cat?post=8874"},{"taxonomy":"product_tag","embeddable":true,"href":"https:\/\/www.veneciacr.com\/index.php\/wp-json\/wp\/v2\/product_tag?post=8874"}],"curies":[{"name":"wp","href":"https:\/\/api.w.org\/{rel}","templated":true}]}}