{"id":8864,"date":"2026-04-21T04:19:27","date_gmt":"2026-04-21T10:19:27","guid":{"rendered":"https:\/\/www.veneciacr.com\/index.php\/product\/caja-organizadora-trans-360-5525-rimax\/"},"modified":"2026-04-21T04:19:28","modified_gmt":"2026-04-21T10:19:28","slug":"caja-organizadora-trans-360-5525-rimax","status":"publish","type":"product","link":"https:\/\/www.veneciacr.com\/index.php\/producto\/caja-organizadora-trans-360-5525-rimax\/","title":{"rendered":"CAJA ORGANIZADORA TRANS 360 5525 RIMAX"},"content":{"rendered":"<p>Esta caja est\u00e1 elaborada en pl\u00e1stico, un material que no se oxida, no se deteriora con la humedad y es resistente al desgaste. Su dise\u00f1o con divisiones es ideal para guardar y organizar diferentes tama\u00f1os de accesorios.<\/p>\n","protected":false},"excerpt":{"rendered":"<p>Esta caja est\u00e1 elaborada en pl\u00e1stico, un material que no se oxida, no se deteriora con la humedad y es<\/p>\n","protected":false},"featured_media":76818,"comment_status":"closed","ping_status":"open","template":"","meta":[],"product_brand":[],"product_cat":[22,23],"product_tag":[],"class_list":{"0":"post-8864","1":"product","2":"type-product","3":"status-publish","4":"has-post-thumbnail","6":"product_cat-almacenamiento","7":"product_cat-herramientas","9":"first","10":"outofstock","11":"purchasable","12":"product-type-simple"},"jetpack_sharing_enabled":true,"_links":{"self":[{"href":"https:\/\/www.veneciacr.com\/index.php\/wp-json\/wp\/v2\/product\/8864","targetHints":{"allow":["GET"]}}],"collection":[{"href":"https:\/\/www.veneciacr.com\/index.php\/wp-json\/wp\/v2\/product"}],"about":[{"href":"https:\/\/www.veneciacr.com\/index.php\/wp-json\/wp\/v2\/types\/product"}],"replies":[{"embeddable":true,"href":"https:\/\/www.veneciacr.com\/index.php\/wp-json\/wp\/v2\/comments?post=8864"}],"wp:featuredmedia":[{"embeddable":true,"href":"https:\/\/www.veneciacr.com\/index.php\/wp-json\/wp\/v2\/media\/76818"}],"wp:attachment":[{"href":"https:\/\/www.veneciacr.com\/index.php\/wp-json\/wp\/v2\/media?parent=8864"}],"wp:term":[{"taxonomy":"product_brand","embeddable":true,"href":"https:\/\/www.veneciacr.com\/index.php\/wp-json\/wp\/v2\/product_brand?post=8864"},{"taxonomy":"product_cat","embeddable":true,"href":"https:\/\/www.veneciacr.com\/index.php\/wp-json\/wp\/v2\/product_cat?post=8864"},{"taxonomy":"product_tag","embeddable":true,"href":"https:\/\/www.veneciacr.com\/index.php\/wp-json\/wp\/v2\/product_tag?post=8864"}],"curies":[{"name":"wp","href":"https:\/\/api.w.org\/{rel}","templated":true}]}}