{"id":8860,"date":"2026-04-21T04:19:27","date_gmt":"2026-04-21T10:19:27","guid":{"rendered":"https:\/\/www.veneciacr.com\/index.php\/product\/caja-org-botiquin-230-5434-rimax\/"},"modified":"2026-04-21T04:19:29","modified_gmt":"2026-04-21T10:19:29","slug":"caja-organizadora-botiquin-230-5434-rimax","status":"publish","type":"product","link":"https:\/\/www.veneciacr.com\/index.php\/producto\/caja-organizadora-botiquin-230-5434-rimax\/","title":{"rendered":"CAJA ORGANIZADORA BOTIQUIN 230 #5434 RIMAX"},"content":{"rendered":"<p>La Caja Organizadora Botiqu\u00edn de 230 mil\u00edmetros es una soluci\u00f3n compacta y eficiente para almacenar y organizar suministros m\u00e9dicos y de primeros auxilios. Fabricada con materiales pl\u00e1sticos duraderos, esta caja es resistente y proporciona una excelente protecci\u00f3n para su contenido. Con su dise\u00f1o compacto de 230 mil\u00edmetros (23 cm), es ideal para espacios peque\u00f1os y f\u00e1cil de transportar, lo que la convierte en perfecta para el hogar, la oficina, el coche o para llevar en actividades al aire libre. La caja incluye compartimentos internos para organizar adecuadamente los art\u00edculos, y un cierre seguro para mantener el contenido protegido.<\/p>\n<p>Beneficios<br \/>\nCompacta y port\u00e1til: Su tama\u00f1o de 230 mil\u00edmetros la hace f\u00e1cil de transportar y almacenar, ideal para viajes, el coche, la oficina o el hogar.<\/p>\n<p>Durabilidad: Fabricada con materiales pl\u00e1sticos resistentes, asegura una larga vida \u00fatil y protecci\u00f3n para los suministros almacenados.<\/p>\n<p>Organizaci\u00f3n eficiente: Incluye compartimentos internos que permiten una f\u00e1cil clasificaci\u00f3n y acceso r\u00e1pido a los suministros m\u00e9dicos y de primeros auxilios.<\/p>\n<p>&nbsp;<\/p>\n<div class=\"item\">\n<div class=\"icon\"><img data-recalc-dims=\"1\" decoding=\"async\" src=\"https:\/\/i0.wp.com\/rimax.vtexassets.com\/assets\/vtex.file-manager-graphql\/images\/20a8ef09-4628-4f33-b089-c729712ac9d8___39f2ce4cc1b8a1a426714546da17640a.png?ssl=1\" \/><\/div>\n<div class=\"label\">Profundidad:<\/div>\n<div class=\"value\">16.2 cm<\/div>\n<\/div>\n<div class=\"item\">\n<div class=\"icon\"><img data-recalc-dims=\"1\" decoding=\"async\" src=\"https:\/\/i0.wp.com\/rimax.vtexassets.com\/assets\/vtex.file-manager-graphql\/images\/89140313-ba0e-4899-b87f-10c61acbb93b___a4ada81defda5ae003a1735777f25827.png?ssl=1\" \/><\/div>\n<div class=\"label\">Ancho:<\/div>\n<div class=\"value\">23 cm<\/div>\n<\/div>\n<div class=\"item\">\n<div class=\"icon\"><img data-recalc-dims=\"1\" decoding=\"async\" src=\"https:\/\/i0.wp.com\/rimax.vtexassets.com\/assets\/vtex.file-manager-graphql\/images\/95e69b5c-83a9-41cc-881b-57aab4313841___93373653fbc377fc8d2bec409e472a8e.png?ssl=1\" \/><\/div>\n<div class=\"label\">Altura:<\/div>\n<div class=\"value\">4.6 cm<\/div>\n<\/div>\n","protected":false},"excerpt":{"rendered":"<p>La Caja Organizadora Botiqu\u00edn de 230 mil\u00edmetros es una soluci\u00f3n compacta y eficiente para almacenar y organizar suministros m\u00e9dicos y<\/p>\n","protected":false},"featured_media":76816,"comment_status":"closed","ping_status":"open","template":"","meta":[],"product_brand":[],"product_cat":[22,23],"product_tag":[],"class_list":{"0":"post-8860","1":"product","2":"type-product","3":"status-publish","4":"has-post-thumbnail","6":"product_cat-almacenamiento","7":"product_cat-herramientas","9":"first","10":"instock","11":"purchasable","12":"product-type-simple"},"jetpack_sharing_enabled":true,"_links":{"self":[{"href":"https:\/\/www.veneciacr.com\/index.php\/wp-json\/wp\/v2\/product\/8860","targetHints":{"allow":["GET"]}}],"collection":[{"href":"https:\/\/www.veneciacr.com\/index.php\/wp-json\/wp\/v2\/product"}],"about":[{"href":"https:\/\/www.veneciacr.com\/index.php\/wp-json\/wp\/v2\/types\/product"}],"replies":[{"embeddable":true,"href":"https:\/\/www.veneciacr.com\/index.php\/wp-json\/wp\/v2\/comments?post=8860"}],"wp:featuredmedia":[{"embeddable":true,"href":"https:\/\/www.veneciacr.com\/index.php\/wp-json\/wp\/v2\/media\/76816"}],"wp:attachment":[{"href":"https:\/\/www.veneciacr.com\/index.php\/wp-json\/wp\/v2\/media?parent=8860"}],"wp:term":[{"taxonomy":"product_brand","embeddable":true,"href":"https:\/\/www.veneciacr.com\/index.php\/wp-json\/wp\/v2\/product_brand?post=8860"},{"taxonomy":"product_cat","embeddable":true,"href":"https:\/\/www.veneciacr.com\/index.php\/wp-json\/wp\/v2\/product_cat?post=8860"},{"taxonomy":"product_tag","embeddable":true,"href":"https:\/\/www.veneciacr.com\/index.php\/wp-json\/wp\/v2\/product_tag?post=8860"}],"curies":[{"name":"wp","href":"https:\/\/api.w.org\/{rel}","templated":true}]}}