{"id":88443,"date":"2026-04-22T01:55:26","date_gmt":"2026-04-22T07:55:26","guid":{"rendered":"https:\/\/www.veneciacr.com\/index.php\/producto\/medidor-angulos-esp-1-2-tqa001-uyustools\/"},"modified":"2026-04-22T01:55:27","modified_gmt":"2026-04-22T07:55:27","slug":"medidor-angulos-esp-1-2-tqa001-uyustools","status":"publish","type":"product","link":"https:\/\/www.veneciacr.com\/index.php\/producto\/medidor-angulos-esp-1-2-tqa001-uyustools\/","title":{"rendered":"MEDIDOR ANGULOS ESP 1\/2 TQA001 UYUSTOOLS"},"content":{"rendered":"<p>\u2013 Usados para ajustar el \u00e1ngulo de torque cuando el fabricante lo indique, despu\u00e9s de aplicar el torque con el torqu\u00edmetro.<br \/>\n\u2013 Usado para ajustar tornillos de culatas y otros tornillos donde se requiere un torque angular.<br \/>\n\u2013 Cuadrante de 1\/2\u201d.<br \/>\n\u2013 Marca: Uyustools.<br \/>\n\u2013 Referencia: TQA001.<\/p>\n","protected":false},"excerpt":{"rendered":"<p>\u2013 Usados para ajustar el \u00e1ngulo de torque cuando el fabricante lo indique, despu\u00e9s de aplicar el torque con el<\/p>\n","protected":false},"featured_media":88444,"comment_status":"closed","ping_status":"open","template":"","meta":[],"product_brand":[],"product_cat":[15],"product_tag":[],"class_list":{"0":"post-88443","1":"product","2":"type-product","3":"status-publish","4":"has-post-thumbnail","6":"product_cat-uncategorized","8":"first","9":"instock","10":"purchasable","11":"product-type-simple"},"jetpack_sharing_enabled":true,"_links":{"self":[{"href":"https:\/\/www.veneciacr.com\/index.php\/wp-json\/wp\/v2\/product\/88443","targetHints":{"allow":["GET"]}}],"collection":[{"href":"https:\/\/www.veneciacr.com\/index.php\/wp-json\/wp\/v2\/product"}],"about":[{"href":"https:\/\/www.veneciacr.com\/index.php\/wp-json\/wp\/v2\/types\/product"}],"replies":[{"embeddable":true,"href":"https:\/\/www.veneciacr.com\/index.php\/wp-json\/wp\/v2\/comments?post=88443"}],"wp:featuredmedia":[{"embeddable":true,"href":"https:\/\/www.veneciacr.com\/index.php\/wp-json\/wp\/v2\/media\/88444"}],"wp:attachment":[{"href":"https:\/\/www.veneciacr.com\/index.php\/wp-json\/wp\/v2\/media?parent=88443"}],"wp:term":[{"taxonomy":"product_brand","embeddable":true,"href":"https:\/\/www.veneciacr.com\/index.php\/wp-json\/wp\/v2\/product_brand?post=88443"},{"taxonomy":"product_cat","embeddable":true,"href":"https:\/\/www.veneciacr.com\/index.php\/wp-json\/wp\/v2\/product_cat?post=88443"},{"taxonomy":"product_tag","embeddable":true,"href":"https:\/\/www.veneciacr.com\/index.php\/wp-json\/wp\/v2\/product_tag?post=88443"}],"curies":[{"name":"wp","href":"https:\/\/api.w.org\/{rel}","templated":true}]}}