{"id":88427,"date":"2026-04-21T02:54:42","date_gmt":"2026-04-21T08:54:42","guid":{"rendered":"https:\/\/www.veneciacr.com\/index.php\/producto\/butaco-bano-blanco-10826-rimax\/"},"modified":"2026-04-21T02:54:42","modified_gmt":"2026-04-21T08:54:42","slug":"butaco-bano-blanco-10826-rimax","status":"publish","type":"product","link":"https:\/\/www.veneciacr.com\/index.php\/producto\/butaco-bano-blanco-10826-rimax\/","title":{"rendered":"BUTACO BANO BLANCO 10826 RIMAX"},"content":{"rendered":"<p>El inodoro occidental modifica la posici\u00f3n natural del cuerpo dificultando la evacuaci\u00f3n intestinal. Cuando se est\u00e1 sentado en el inodoro, la posici\u00f3n ideal es la de cuclillas, de esta manera se obtiene la posici\u00f3n natural en el \u00e1ngulo correcto, que facilita la evacuaci\u00f3n intestinal.<\/p>\n<p>Beneficios<\/p>\n<p>Con tac\u00f3n antideslizante.<\/p>\n<p>Altura ideal para mejorar la postura. Estando de cuclillas es m\u00e1s f\u00e1cil evacuar.<\/p>\n<div class=\"item\">\n<div class=\"icon\"><img data-recalc-dims=\"1\" decoding=\"async\" src=\"https:\/\/i0.wp.com\/rimax.vtexassets.com\/assets\/vtex.file-manager-graphql\/images\/20a8ef09-4628-4f33-b089-c729712ac9d8___39f2ce4cc1b8a1a426714546da17640a.png?ssl=1\" \/><\/div>\n<div class=\"label\">Profundidad:<\/div>\n<div class=\"value\">33.7 cm<\/div>\n<\/div>\n<div class=\"item\">\n<div class=\"icon\"><img data-recalc-dims=\"1\" decoding=\"async\" src=\"https:\/\/i0.wp.com\/rimax.vtexassets.com\/assets\/vtex.file-manager-graphql\/images\/89140313-ba0e-4899-b87f-10c61acbb93b___a4ada81defda5ae003a1735777f25827.png?ssl=1\" \/><\/div>\n<div class=\"label\">Ancho:<\/div>\n<div class=\"value\">52.5 cm<\/div>\n<\/div>\n<div class=\"item\">\n<div class=\"icon\"><img data-recalc-dims=\"1\" decoding=\"async\" src=\"https:\/\/i0.wp.com\/rimax.vtexassets.com\/assets\/vtex.file-manager-graphql\/images\/95e69b5c-83a9-41cc-881b-57aab4313841___93373653fbc377fc8d2bec409e472a8e.png?ssl=1\" \/><\/div>\n<div class=\"label\">Altura:<\/div>\n<div class=\"value\">19.8 cm<\/div>\n<\/div>\n","protected":false},"excerpt":{"rendered":"<p>El inodoro occidental modifica la posici\u00f3n natural del cuerpo dificultando la evacuaci\u00f3n intestinal. Cuando se est\u00e1 sentado en el inodoro,<\/p>\n","protected":false},"featured_media":88428,"comment_status":"closed","ping_status":"open","template":"","meta":[],"product_brand":[],"product_cat":[131],"product_tag":[],"class_list":{"0":"post-88427","1":"product","2":"type-product","3":"status-publish","4":"has-post-thumbnail","6":"product_cat-hogar","8":"first","9":"outofstock","10":"purchasable","11":"product-type-simple"},"jetpack_sharing_enabled":true,"_links":{"self":[{"href":"https:\/\/www.veneciacr.com\/index.php\/wp-json\/wp\/v2\/product\/88427","targetHints":{"allow":["GET"]}}],"collection":[{"href":"https:\/\/www.veneciacr.com\/index.php\/wp-json\/wp\/v2\/product"}],"about":[{"href":"https:\/\/www.veneciacr.com\/index.php\/wp-json\/wp\/v2\/types\/product"}],"replies":[{"embeddable":true,"href":"https:\/\/www.veneciacr.com\/index.php\/wp-json\/wp\/v2\/comments?post=88427"}],"wp:featuredmedia":[{"embeddable":true,"href":"https:\/\/www.veneciacr.com\/index.php\/wp-json\/wp\/v2\/media\/88428"}],"wp:attachment":[{"href":"https:\/\/www.veneciacr.com\/index.php\/wp-json\/wp\/v2\/media?parent=88427"}],"wp:term":[{"taxonomy":"product_brand","embeddable":true,"href":"https:\/\/www.veneciacr.com\/index.php\/wp-json\/wp\/v2\/product_brand?post=88427"},{"taxonomy":"product_cat","embeddable":true,"href":"https:\/\/www.veneciacr.com\/index.php\/wp-json\/wp\/v2\/product_cat?post=88427"},{"taxonomy":"product_tag","embeddable":true,"href":"https:\/\/www.veneciacr.com\/index.php\/wp-json\/wp\/v2\/product_tag?post=88427"}],"curies":[{"name":"wp","href":"https:\/\/api.w.org\/{rel}","templated":true}]}}