{"id":88372,"date":"2026-04-21T04:18:53","date_gmt":"2026-04-21T10:18:53","guid":{"rendered":"https:\/\/www.veneciacr.com\/index.php\/producto\/botiquin-12-tapa-org-natural-5628-rimax\/"},"modified":"2026-04-21T04:18:55","modified_gmt":"2026-04-21T10:18:55","slug":"botiquin-12-tapa-org-natural-5628-rimax","status":"publish","type":"product","link":"https:\/\/www.veneciacr.com\/index.php\/producto\/botiquin-12-tapa-org-natural-5628-rimax\/","title":{"rendered":"BOTIQUIN 12&#8243; TAPA-ORG NATURAL 5628 RIMAX"},"content":{"rendered":"<p>El Botiqu\u00edn Pl\u00e1stico de 12&#8243; es un recipiente compacto y robusto dise\u00f1ado para almacenar y organizar suministros m\u00e9dicos y de primeros auxilios. Fabricado con pl\u00e1stico resistente, este botiqu\u00edn es duradero y capaz de soportar el uso diario en diversos entornos como el hogar, oficina, carro, o durante actividades al aire libre. Su dise\u00f1o incluye compartimentos internos para mantener los art\u00edculos ordenados y de f\u00e1cil acceso. Adem\u00e1s, cuenta con un cierre seguro que evita aperturas accidentales y mantiene su contenido protegido.<\/p>\n<p>Beneficios<br \/>\nPortabilidad: Su tama\u00f1o compacto de 12&#8243; (30 cm aproximadamente) lo hace f\u00e1cil de transportar y almacenar, ideal para el hogar, veh\u00edculo o actividades al aire libre.<\/p>\n<p>Durabilidad: Fabricado en pl\u00e1stico resistente, asegura una larga vida \u00fatil y protege los suministros almacenados en su interior.<\/p>\n<p>Organizaci\u00f3n eficiente: Incluye compartimentos internos que facilitan la separaci\u00f3n y organizaci\u00f3n de diferentes suministros m\u00e9dicos, garantizando un acceso r\u00e1pido y ordenado en situaciones de emergencia.<\/p>\n<div class=\"item\">\n<div class=\"icon\"><img data-recalc-dims=\"1\" decoding=\"async\" src=\"https:\/\/i0.wp.com\/rimax.vtexassets.com\/assets\/vtex.file-manager-graphql\/images\/20a8ef09-4628-4f33-b089-c729712ac9d8___39f2ce4cc1b8a1a426714546da17640a.png?ssl=1\" \/><\/div>\n<div class=\"label\">Profundidad:<\/div>\n<div class=\"value\">15.7 cm<\/div>\n<\/div>\n<div class=\"item\">\n<div class=\"icon\"><img data-recalc-dims=\"1\" decoding=\"async\" src=\"https:\/\/i0.wp.com\/rimax.vtexassets.com\/assets\/vtex.file-manager-graphql\/images\/89140313-ba0e-4899-b87f-10c61acbb93b___a4ada81defda5ae003a1735777f25827.png?ssl=1\" \/><\/div>\n<div class=\"label\">Ancho:<\/div>\n<div class=\"value\">30.4 cm<\/div>\n<\/div>\n<div class=\"item\">\n<div class=\"icon\"><img data-recalc-dims=\"1\" decoding=\"async\" src=\"https:\/\/i0.wp.com\/rimax.vtexassets.com\/assets\/vtex.file-manager-graphql\/images\/95e69b5c-83a9-41cc-881b-57aab4313841___93373653fbc377fc8d2bec409e472a8e.png?ssl=1\" \/><\/div>\n<div class=\"label\">Altura:<\/div>\n<div class=\"value\">12.7 cm<\/div>\n<\/div>\n","protected":false},"excerpt":{"rendered":"<p>El Botiqu\u00edn Pl\u00e1stico de 12&#8243; es un recipiente compacto y robusto dise\u00f1ado para almacenar y organizar suministros m\u00e9dicos y de<\/p>\n","protected":false},"featured_media":88373,"comment_status":"closed","ping_status":"open","template":"","meta":[],"product_brand":[],"product_cat":[131],"product_tag":[],"class_list":{"0":"post-88372","1":"product","2":"type-product","3":"status-publish","4":"has-post-thumbnail","6":"product_cat-hogar","8":"first","9":"instock","10":"purchasable","11":"product-type-simple"},"jetpack_sharing_enabled":true,"_links":{"self":[{"href":"https:\/\/www.veneciacr.com\/index.php\/wp-json\/wp\/v2\/product\/88372","targetHints":{"allow":["GET"]}}],"collection":[{"href":"https:\/\/www.veneciacr.com\/index.php\/wp-json\/wp\/v2\/product"}],"about":[{"href":"https:\/\/www.veneciacr.com\/index.php\/wp-json\/wp\/v2\/types\/product"}],"replies":[{"embeddable":true,"href":"https:\/\/www.veneciacr.com\/index.php\/wp-json\/wp\/v2\/comments?post=88372"}],"wp:featuredmedia":[{"embeddable":true,"href":"https:\/\/www.veneciacr.com\/index.php\/wp-json\/wp\/v2\/media\/88373"}],"wp:attachment":[{"href":"https:\/\/www.veneciacr.com\/index.php\/wp-json\/wp\/v2\/media?parent=88372"}],"wp:term":[{"taxonomy":"product_brand","embeddable":true,"href":"https:\/\/www.veneciacr.com\/index.php\/wp-json\/wp\/v2\/product_brand?post=88372"},{"taxonomy":"product_cat","embeddable":true,"href":"https:\/\/www.veneciacr.com\/index.php\/wp-json\/wp\/v2\/product_cat?post=88372"},{"taxonomy":"product_tag","embeddable":true,"href":"https:\/\/www.veneciacr.com\/index.php\/wp-json\/wp\/v2\/product_tag?post=88372"}],"curies":[{"name":"wp","href":"https:\/\/api.w.org\/{rel}","templated":true}]}}