{"id":88307,"date":"2026-04-21T02:54:58","date_gmt":"2026-04-21T08:54:58","guid":{"rendered":"https:\/\/www.veneciacr.com\/index.php\/producto\/enchufe-220v-30a-80l-eagle\/"},"modified":"2026-04-21T02:55:00","modified_gmt":"2026-04-21T08:55:00","slug":"enchufe-220v-30a-80l-eagle","status":"publish","type":"product","link":"https:\/\/www.veneciacr.com\/index.php\/producto\/enchufe-220v-30a-80l-eagle\/","title":{"rendered":"ENCHUFE 220V 30A 80L EAGLE"},"content":{"rendered":"<div class=\"StyleWrapper_wrapper \">\n<div class=\"Details_description\">\n<div id=\"description_i8g8c3zru\" class=\"fr-view\">El Enchufe 80L de EAGLE es la elecci\u00f3n perfecta para aplicaciones comerciales que requieren una conexi\u00f3n el\u00e9ctrica robusta y de alto rendimiento. Este enchufe cuenta con una construcci\u00f3n de alta resistencia mec\u00e1nica y un dise\u00f1o compacto que cumple con las especificaciones de rendimiento del grado comercial. Su sistema de f\u00e1cil cableado y su capacidad para trabajar con cables de cobre o aluminio de calibres #10 &#8211; #4 lo hacen vers\u00e1til y pr\u00e1ctico. Con certificaciones NOM-ANCE.<\/div>\n<\/div>\n<\/div>\n<div class=\"StyleWrapper_wrapper \">\n<h2>Especificaciones<\/h2>\n<div id=\"ML_mainId\">\n<table>\n<tbody>\n<tr>\n<td>Grado Comercial:<\/td>\n<td align=\"left\">S\u00ed<\/td>\n<td><\/td>\n<td>Material de los Contactos:<\/td>\n<td align=\"left\">Bronce<\/td>\n<\/tr>\n<tr>\n<td>Certificaciones:<\/td>\n<td align=\"left\">NOM-ANCE 201401C11525<\/td>\n<td><\/td>\n<td>Conexi\u00f3n:<\/td>\n<td align=\"left\">3 Polos, 3 Hilos<\/td>\n<\/tr>\n<tr>\n<td><\/td>\n<td align=\"left\"><\/td>\n<td><\/td>\n<td>Material del Cuerpo:<\/td>\n<td align=\"left\">Termoestable<\/td>\n<\/tr>\n<tr>\n<td>Cableado:<\/td>\n<td align=\"left\">Cable #10 &#8211; #4 AWG de Cobre o Aluminio<\/td>\n<td><\/td>\n<td>Tornillos:<\/td>\n<td align=\"left\">Con Ranuras Planas y Phillips de Cabeza Grande<\/td>\n<\/tr>\n<tr>\n<td>Corriente:<\/td>\n<td align=\"left\">30A<\/td>\n<td><\/td>\n<td>Tensi\u00f3n:<\/td>\n<td align=\"left\">125\/250V~<\/td>\n<\/tr>\n<\/tbody>\n<\/table>\n<\/div>\n<\/div>\n","protected":false},"excerpt":{"rendered":"<p>El Enchufe 80L de EAGLE es la elecci\u00f3n perfecta para aplicaciones comerciales que requieren una conexi\u00f3n el\u00e9ctrica robusta y de<\/p>\n","protected":false},"featured_media":88308,"comment_status":"closed","ping_status":"open","template":"","meta":[],"product_brand":[],"product_cat":[80],"product_tag":[],"class_list":{"0":"post-88307","1":"product","2":"type-product","3":"status-publish","4":"has-post-thumbnail","6":"product_cat-electrico","8":"first","9":"outofstock","10":"purchasable","11":"product-type-simple"},"jetpack_sharing_enabled":true,"_links":{"self":[{"href":"https:\/\/www.veneciacr.com\/index.php\/wp-json\/wp\/v2\/product\/88307","targetHints":{"allow":["GET"]}}],"collection":[{"href":"https:\/\/www.veneciacr.com\/index.php\/wp-json\/wp\/v2\/product"}],"about":[{"href":"https:\/\/www.veneciacr.com\/index.php\/wp-json\/wp\/v2\/types\/product"}],"replies":[{"embeddable":true,"href":"https:\/\/www.veneciacr.com\/index.php\/wp-json\/wp\/v2\/comments?post=88307"}],"wp:featuredmedia":[{"embeddable":true,"href":"https:\/\/www.veneciacr.com\/index.php\/wp-json\/wp\/v2\/media\/88308"}],"wp:attachment":[{"href":"https:\/\/www.veneciacr.com\/index.php\/wp-json\/wp\/v2\/media?parent=88307"}],"wp:term":[{"taxonomy":"product_brand","embeddable":true,"href":"https:\/\/www.veneciacr.com\/index.php\/wp-json\/wp\/v2\/product_brand?post=88307"},{"taxonomy":"product_cat","embeddable":true,"href":"https:\/\/www.veneciacr.com\/index.php\/wp-json\/wp\/v2\/product_cat?post=88307"},{"taxonomy":"product_tag","embeddable":true,"href":"https:\/\/www.veneciacr.com\/index.php\/wp-json\/wp\/v2\/product_tag?post=88307"}],"curies":[{"name":"wp","href":"https:\/\/api.w.org\/{rel}","templated":true}]}}