{"id":87913,"date":"2026-04-21T02:55:16","date_gmt":"2026-04-21T08:55:16","guid":{"rendered":"https:\/\/www.veneciacr.com\/index.php\/producto\/set-cubos-torx-macho-t15-t60-esp-3-8-10pzs-jpt-3-8x10-truper\/"},"modified":"2026-04-21T02:55:17","modified_gmt":"2026-04-21T08:55:17","slug":"set-cubos-torx-macho-t15-t60-esp-3-8-10pzs-jpt-3-8x10-truper","status":"publish","type":"product","link":"https:\/\/www.veneciacr.com\/index.php\/producto\/set-cubos-torx-macho-t15-t60-esp-3-8-10pzs-jpt-3-8x10-truper\/","title":{"rendered":"SET CUBOS TORX MACHO T15-T60 ESP 3\/8&#8243; 10PZS JPT-3\/8X10 TRUPER"},"content":{"rendered":"<p>Fabricado en acero al cromo vanadio con acabado pulido espejo para f\u00e1cil limpieza y resistente a la oxidaci\u00f3n<br \/>\nSistema de sujeci\u00f3n Truper-Drive con puntas convexas que aseguran y aumentan el torque sin da\u00f1ar tuercas ni cabezas de tornillo<br \/>\nMedida marcada con l\u00e1ser, para f\u00e1cil identificaci\u00f3n<br \/>\nEstuche met\u00e1lico con broche<\/p>\n<p>ESPECIFICACIONES<\/p>\n<p>Cuadro mando: 3\/8&#8243; (9.5 mm)<br \/>\nEmpaque individual: Estuche<br \/>\n10 Dados punta torx (T-15, T-20, T-25, T-27, T-30, T-40, T-45, T-50, T-55, T-60)<\/p>\n<p>Aplicaciones<br \/>\nEn Mec\u00e1nica<br \/>\nPara apretar o aflojar tuercas o tornillos<\/p>\n<p>CUIDADOS<br \/>\nUtilizar el tama\u00f1o exacto para la tuerca o tornillos, los dados de mayor tama\u00f1o pueden barrer la tuerca o tornillo<br \/>\nNo usar dados fisurados, fracturados o barrido<\/p>\n","protected":false},"excerpt":{"rendered":"<p>Fabricado en acero al cromo vanadio con acabado pulido espejo para f\u00e1cil limpieza y resistente a la oxidaci\u00f3n Sistema de<\/p>\n","protected":false},"featured_media":87914,"comment_status":"closed","ping_status":"open","template":"","meta":[],"product_brand":[],"product_cat":[15],"product_tag":[],"class_list":{"0":"post-87913","1":"product","2":"type-product","3":"status-publish","4":"has-post-thumbnail","6":"product_cat-uncategorized","8":"first","9":"instock","10":"purchasable","11":"product-type-simple"},"jetpack_sharing_enabled":true,"_links":{"self":[{"href":"https:\/\/www.veneciacr.com\/index.php\/wp-json\/wp\/v2\/product\/87913","targetHints":{"allow":["GET"]}}],"collection":[{"href":"https:\/\/www.veneciacr.com\/index.php\/wp-json\/wp\/v2\/product"}],"about":[{"href":"https:\/\/www.veneciacr.com\/index.php\/wp-json\/wp\/v2\/types\/product"}],"replies":[{"embeddable":true,"href":"https:\/\/www.veneciacr.com\/index.php\/wp-json\/wp\/v2\/comments?post=87913"}],"wp:featuredmedia":[{"embeddable":true,"href":"https:\/\/www.veneciacr.com\/index.php\/wp-json\/wp\/v2\/media\/87914"}],"wp:attachment":[{"href":"https:\/\/www.veneciacr.com\/index.php\/wp-json\/wp\/v2\/media?parent=87913"}],"wp:term":[{"taxonomy":"product_brand","embeddable":true,"href":"https:\/\/www.veneciacr.com\/index.php\/wp-json\/wp\/v2\/product_brand?post=87913"},{"taxonomy":"product_cat","embeddable":true,"href":"https:\/\/www.veneciacr.com\/index.php\/wp-json\/wp\/v2\/product_cat?post=87913"},{"taxonomy":"product_tag","embeddable":true,"href":"https:\/\/www.veneciacr.com\/index.php\/wp-json\/wp\/v2\/product_tag?post=87913"}],"curies":[{"name":"wp","href":"https:\/\/api.w.org\/{rel}","templated":true}]}}