{"id":87876,"date":"2026-04-21T02:55:19","date_gmt":"2026-04-21T08:55:19","guid":{"rendered":"https:\/\/www.veneciacr.com\/index.php\/producto\/socket-fijo-porcelana-cuad-e-27-popo-11-volteck\/"},"modified":"2026-04-21T02:55:21","modified_gmt":"2026-04-21T08:55:21","slug":"socket-fijo-porcelana-cuad-e-27-popo-11-volteck","status":"publish","type":"product","link":"https:\/\/www.veneciacr.com\/index.php\/producto\/socket-fijo-porcelana-cuad-e-27-popo-11-volteck\/","title":{"rendered":"SOCKET FIJO PORCELANA CUAD E-27 POPO-11 VOLTECK"},"content":{"rendered":"<p>Tensi\u00f3n 120 V<br \/>\nFrecuencia 60 Hz<br \/>\nCorriente 4 A<br \/>\nAltura 4.3 cm<br \/>\nDi\u00e1metro 3.9 cm<br \/>\nTemperatura m\u00e1xima 350 \u00b0C<br \/>\nEmpaque Caballete<br \/>\nCARACTER\u00cdSTICAS<br \/>\nCuerpo fabricado de porcelana y casquillo fabricado en aluminio<br \/>\nBase E26<br \/>\nDe sobreponer<br \/>\nSoporta temperaturas elevadas<\/p>\n","protected":false},"excerpt":{"rendered":"<p>Tensi\u00f3n 120 V Frecuencia 60 Hz Corriente 4 A Altura 4.3 cm Di\u00e1metro 3.9 cm Temperatura m\u00e1xima 350 \u00b0C Empaque<\/p>\n","protected":false},"featured_media":87877,"comment_status":"closed","ping_status":"open","template":"","meta":[],"product_brand":[],"product_cat":[15],"product_tag":[],"class_list":{"0":"post-87876","1":"product","2":"type-product","3":"status-publish","4":"has-post-thumbnail","6":"product_cat-uncategorized","8":"first","9":"instock","10":"purchasable","11":"product-type-simple"},"jetpack_sharing_enabled":true,"_links":{"self":[{"href":"https:\/\/www.veneciacr.com\/index.php\/wp-json\/wp\/v2\/product\/87876","targetHints":{"allow":["GET"]}}],"collection":[{"href":"https:\/\/www.veneciacr.com\/index.php\/wp-json\/wp\/v2\/product"}],"about":[{"href":"https:\/\/www.veneciacr.com\/index.php\/wp-json\/wp\/v2\/types\/product"}],"replies":[{"embeddable":true,"href":"https:\/\/www.veneciacr.com\/index.php\/wp-json\/wp\/v2\/comments?post=87876"}],"wp:featuredmedia":[{"embeddable":true,"href":"https:\/\/www.veneciacr.com\/index.php\/wp-json\/wp\/v2\/media\/87877"}],"wp:attachment":[{"href":"https:\/\/www.veneciacr.com\/index.php\/wp-json\/wp\/v2\/media?parent=87876"}],"wp:term":[{"taxonomy":"product_brand","embeddable":true,"href":"https:\/\/www.veneciacr.com\/index.php\/wp-json\/wp\/v2\/product_brand?post=87876"},{"taxonomy":"product_cat","embeddable":true,"href":"https:\/\/www.veneciacr.com\/index.php\/wp-json\/wp\/v2\/product_cat?post=87876"},{"taxonomy":"product_tag","embeddable":true,"href":"https:\/\/www.veneciacr.com\/index.php\/wp-json\/wp\/v2\/product_tag?post=87876"}],"curies":[{"name":"wp","href":"https:\/\/api.w.org\/{rel}","templated":true}]}}