{"id":87690,"date":"2026-04-21T02:55:31","date_gmt":"2026-04-21T08:55:31","guid":{"rendered":"https:\/\/www.veneciacr.com\/index.php\/producto\/destupidor-acordeon-pd-103-coflex\/"},"modified":"2026-04-21T02:55:34","modified_gmt":"2026-04-21T08:55:34","slug":"destupidor-acordeon-pd-103-coflex","status":"publish","type":"product","link":"https:\/\/www.veneciacr.com\/index.php\/producto\/destupidor-acordeon-pd-103-coflex\/","title":{"rendered":"DESTUPIDOR ACORDEON PD-103 COFLEX"},"content":{"rendered":"<p>Resistente<\/p>\n<p>Altura de 53 cm<\/p>\n<p>Fabricado de pl\u00e1stico negro<\/p>\n<p>Di\u00e1metro del acorde\u00f3n 14 cm<\/p>\n<p>Di\u00e1metro de la boca de succi\u00f3n 7 cm<\/p>\n","protected":false},"excerpt":{"rendered":"<p>Resistente Altura de 53 cm Fabricado de pl\u00e1stico negro Di\u00e1metro del acorde\u00f3n 14 cm Di\u00e1metro de la boca de succi\u00f3n<\/p>\n","protected":false},"featured_media":87691,"comment_status":"closed","ping_status":"open","template":"","meta":[],"product_brand":[],"product_cat":[15],"product_tag":[],"class_list":{"0":"post-87690","1":"product","2":"type-product","3":"status-publish","4":"has-post-thumbnail","6":"product_cat-uncategorized","8":"first","9":"outofstock","10":"purchasable","11":"product-type-simple"},"jetpack_sharing_enabled":true,"_links":{"self":[{"href":"https:\/\/www.veneciacr.com\/index.php\/wp-json\/wp\/v2\/product\/87690","targetHints":{"allow":["GET"]}}],"collection":[{"href":"https:\/\/www.veneciacr.com\/index.php\/wp-json\/wp\/v2\/product"}],"about":[{"href":"https:\/\/www.veneciacr.com\/index.php\/wp-json\/wp\/v2\/types\/product"}],"replies":[{"embeddable":true,"href":"https:\/\/www.veneciacr.com\/index.php\/wp-json\/wp\/v2\/comments?post=87690"}],"wp:featuredmedia":[{"embeddable":true,"href":"https:\/\/www.veneciacr.com\/index.php\/wp-json\/wp\/v2\/media\/87691"}],"wp:attachment":[{"href":"https:\/\/www.veneciacr.com\/index.php\/wp-json\/wp\/v2\/media?parent=87690"}],"wp:term":[{"taxonomy":"product_brand","embeddable":true,"href":"https:\/\/www.veneciacr.com\/index.php\/wp-json\/wp\/v2\/product_brand?post=87690"},{"taxonomy":"product_cat","embeddable":true,"href":"https:\/\/www.veneciacr.com\/index.php\/wp-json\/wp\/v2\/product_cat?post=87690"},{"taxonomy":"product_tag","embeddable":true,"href":"https:\/\/www.veneciacr.com\/index.php\/wp-json\/wp\/v2\/product_tag?post=87690"}],"curies":[{"name":"wp","href":"https:\/\/api.w.org\/{rel}","templated":true}]}}