{"id":87516,"date":"2026-05-06T01:11:05","date_gmt":"2026-05-06T07:11:05","guid":{"rendered":"https:\/\/www.veneciacr.com\/index.php\/producto\/bateria-recargable-aa-4pzs-1300mha-volteck\/"},"modified":"2026-05-06T01:11:06","modified_gmt":"2026-05-06T07:11:06","slug":"bateria-recargable-aa-4pzs-1300mah-re-aa2-volteck","status":"publish","type":"product","link":"https:\/\/www.veneciacr.com\/index.php\/producto\/bateria-recargable-aa-4pzs-1300mah-re-aa2-volteck\/","title":{"rendered":"BATERIA RECARGABLE AA 4PZS 1300MAH RE-AA2 VOLTECK"},"content":{"rendered":"<p>Tama\u00f1o AA<br \/>\nCapacidad de carga 1,300 mAh<br \/>\nTensi\u00f3n 1.2 V<br \/>\nEmpaque 4 x Blister<\/p>\n<p>CARACTER\u00cdSTICAS<br \/>\nPilas de Ni-MH (n\u00edquel &#8211; metal hidruro)<br \/>\nDuran hasta 1,000 ciclos de recarga<\/p>\n<p>USOS<br \/>\nUso general para aparatos el\u00e9ctricos y electr\u00f3nicos<br \/>\nIdeales para c\u00e1maras digitales, reproductores de audio, grabadoras, comunicadores de largo alcance, juegos de videos, etc\u00e9tera<\/p>\n","protected":false},"excerpt":{"rendered":"<p>Tama\u00f1o AA Capacidad de carga 1,300 mAh Tensi\u00f3n 1.2 V Empaque 4 x Blister CARACTER\u00cdSTICAS Pilas de Ni-MH (n\u00edquel &#8211;<\/p>\n","protected":false},"featured_media":97952,"comment_status":"closed","ping_status":"open","template":"","meta":[],"product_brand":[],"product_cat":[15],"product_tag":[],"class_list":{"0":"post-87516","1":"product","2":"type-product","3":"status-publish","4":"has-post-thumbnail","6":"product_cat-uncategorized","8":"first","9":"instock","10":"purchasable","11":"product-type-simple"},"jetpack_sharing_enabled":true,"_links":{"self":[{"href":"https:\/\/www.veneciacr.com\/index.php\/wp-json\/wp\/v2\/product\/87516","targetHints":{"allow":["GET"]}}],"collection":[{"href":"https:\/\/www.veneciacr.com\/index.php\/wp-json\/wp\/v2\/product"}],"about":[{"href":"https:\/\/www.veneciacr.com\/index.php\/wp-json\/wp\/v2\/types\/product"}],"replies":[{"embeddable":true,"href":"https:\/\/www.veneciacr.com\/index.php\/wp-json\/wp\/v2\/comments?post=87516"}],"wp:featuredmedia":[{"embeddable":true,"href":"https:\/\/www.veneciacr.com\/index.php\/wp-json\/wp\/v2\/media\/97952"}],"wp:attachment":[{"href":"https:\/\/www.veneciacr.com\/index.php\/wp-json\/wp\/v2\/media?parent=87516"}],"wp:term":[{"taxonomy":"product_brand","embeddable":true,"href":"https:\/\/www.veneciacr.com\/index.php\/wp-json\/wp\/v2\/product_brand?post=87516"},{"taxonomy":"product_cat","embeddable":true,"href":"https:\/\/www.veneciacr.com\/index.php\/wp-json\/wp\/v2\/product_cat?post=87516"},{"taxonomy":"product_tag","embeddable":true,"href":"https:\/\/www.veneciacr.com\/index.php\/wp-json\/wp\/v2\/product_tag?post=87516"}],"curies":[{"name":"wp","href":"https:\/\/api.w.org\/{rel}","templated":true}]}}