{"id":87157,"date":"2026-04-21T03:18:40","date_gmt":"2026-04-21T09:18:40","guid":{"rendered":"https:\/\/www.veneciacr.com\/index.php\/producto\/modulo-led-1-2w-12v-chip-samsung\/"},"modified":"2026-04-21T03:18:42","modified_gmt":"2026-04-21T09:18:42","slug":"modulo-led-1-2w-12v-chip-samsung","status":"publish","type":"product","link":"https:\/\/www.veneciacr.com\/index.php\/producto\/modulo-led-1-2w-12v-chip-samsung\/","title":{"rendered":"MODULO LED 1.2W 12V CHIP SAMSUNG"},"content":{"rendered":"<p>Modelo: 5730U-3LED<br \/>\nTama\u00f1o (largo x ancho): 66 mm x 15 mm (2,6&#8243; x 0,59&#8243;)<br \/>\nTipo de LED: 5730<br \/>\nMaterial del chip: AlGaInP<br \/>\nChip LED: Epistar<br \/>\nCantidad de LED: 3 piezas<br \/>\nVoltaje de funcionamiento: DC12V<br \/>\nPotencia de salida: 1,2 W<br \/>\nL\u00famenes: 165-180 lm\/PC<br \/>\n\u00c1ngulo de visi\u00f3n: 120\u00b0<br \/>\nLa parte trasera tiene cinta de doble cara.<br \/>\nCon lentes de pulido mate<br \/>\nNivel de impermeabilidad: IP68<br \/>\nColores: Blanco c\u00e1lido, blanco fr\u00edo, azul, verde, amarillo, rojo, rosa<br \/>\n\u00cdndice de reproducci\u00f3n crom\u00e1tica: &gt;80Ra<br \/>\n\u00c1ngulo de visi\u00f3n: 180\u00b0<br \/>\nBaja generaci\u00f3n de calor, sin radiaci\u00f3n UV ni IR.<\/p>\n","protected":false},"excerpt":{"rendered":"<p>Modelo: 5730U-3LED Tama\u00f1o (largo x ancho): 66 mm x 15 mm (2,6&#8243; x 0,59&#8243;) Tipo de LED: 5730 Material del<\/p>\n","protected":false},"featured_media":87158,"comment_status":"closed","ping_status":"open","template":"","meta":[],"product_brand":[],"product_cat":[15],"product_tag":[],"class_list":{"0":"post-87157","1":"product","2":"type-product","3":"status-publish","4":"has-post-thumbnail","6":"product_cat-uncategorized","8":"first","9":"instock","10":"purchasable","11":"product-type-simple"},"jetpack_sharing_enabled":true,"_links":{"self":[{"href":"https:\/\/www.veneciacr.com\/index.php\/wp-json\/wp\/v2\/product\/87157","targetHints":{"allow":["GET"]}}],"collection":[{"href":"https:\/\/www.veneciacr.com\/index.php\/wp-json\/wp\/v2\/product"}],"about":[{"href":"https:\/\/www.veneciacr.com\/index.php\/wp-json\/wp\/v2\/types\/product"}],"replies":[{"embeddable":true,"href":"https:\/\/www.veneciacr.com\/index.php\/wp-json\/wp\/v2\/comments?post=87157"}],"wp:featuredmedia":[{"embeddable":true,"href":"https:\/\/www.veneciacr.com\/index.php\/wp-json\/wp\/v2\/media\/87158"}],"wp:attachment":[{"href":"https:\/\/www.veneciacr.com\/index.php\/wp-json\/wp\/v2\/media?parent=87157"}],"wp:term":[{"taxonomy":"product_brand","embeddable":true,"href":"https:\/\/www.veneciacr.com\/index.php\/wp-json\/wp\/v2\/product_brand?post=87157"},{"taxonomy":"product_cat","embeddable":true,"href":"https:\/\/www.veneciacr.com\/index.php\/wp-json\/wp\/v2\/product_cat?post=87157"},{"taxonomy":"product_tag","embeddable":true,"href":"https:\/\/www.veneciacr.com\/index.php\/wp-json\/wp\/v2\/product_tag?post=87157"}],"curies":[{"name":"wp","href":"https:\/\/api.w.org\/{rel}","templated":true}]}}