{"id":87,"date":"2026-04-21T06:35:53","date_gmt":"2026-04-21T12:35:53","guid":{"rendered":"http:\/\/34.83.78.142\/index.php\/product\/pulidora-7-prof-1200w-pula-7a3-truper\/"},"modified":"2026-04-21T06:35:53","modified_gmt":"2026-04-21T12:35:53","slug":"pulidora-7-1200w-pula-7a3-truper","status":"publish","type":"product","link":"https:\/\/www.veneciacr.com\/index.php\/producto\/pulidora-7-1200w-pula-7a3-truper\/","title":{"rendered":"PULIDORA 7&#8243; 1200W PULA-7A3 TRUPER"},"content":{"rendered":"<p>CARACTER\u00cdSTICAS<br \/>\nMotor de 1200 W, montado sobre balero de bolas para mayor vida \u00fatil y mejor desempe\u00f1o<br \/>\nSelector de 7 velocidades, para mayor control para el operador<br \/>\nMango tipo &#8220;D&#8221; para pulido vertical y horizontal<br \/>\nCarbones expuestos que permiten un cambio f\u00e1cil y r\u00e1pido<br \/>\nInterruptor en mango trasero con bot\u00f3n de uso continuo<br \/>\nBorla intercambiable<br \/>\nIdeal para encerado, pulido de pinturas, metales, pl\u00e1sticos y fibra de vidrio<\/p>\n<p>NORMA<br \/>\nCumple la norma NOM-003-SCFI<\/p>\n<p>ESPECIFICACIONES<br \/>\nPotencia: 1,200 W<br \/>\nTensi\u00f3n \/ Frecuencia: 127 V \/ 60 Hz<br \/>\nConsumo: 10 A<br \/>\nVelocidad: 600 &#8211; 3,300 rpm<br \/>\nCapacidad de pulido: 7&#8243; (178 mm)<br \/>\nCarbones: Expuestos<br \/>\nCiclo de trabajo: 30 minutos de trabajo por 15 minutos de descanso. M\u00e1ximo diario 3 horas<br \/>\nPeso: 3.3 kg<br \/>\nEmpaque individual: Caja<br \/>\nMango tipo &#8220;D&#8221;<br \/>\nBorla<br \/>\nLlave allen<br \/>\nDisco con velcro 7\u201d<br \/>\nCarbones de repuesto<br \/>\nTornilleria<\/p>\n","protected":false},"excerpt":{"rendered":"<p>CARACTER\u00cdSTICAS Motor de 1200 W, montado sobre balero de bolas para mayor vida \u00fatil y mejor desempe\u00f1o Selector de 7<\/p>\n","protected":false},"featured_media":73775,"comment_status":"closed","ping_status":"open","template":"","meta":[],"product_brand":[],"product_cat":[23,87],"product_tag":[],"class_list":{"0":"post-87","1":"product","2":"type-product","3":"status-publish","4":"has-post-thumbnail","6":"product_cat-herramientas","7":"product_cat-herramientas-electricas","9":"first","10":"outofstock","11":"purchasable","12":"product-type-simple"},"jetpack_sharing_enabled":true,"_links":{"self":[{"href":"https:\/\/www.veneciacr.com\/index.php\/wp-json\/wp\/v2\/product\/87","targetHints":{"allow":["GET"]}}],"collection":[{"href":"https:\/\/www.veneciacr.com\/index.php\/wp-json\/wp\/v2\/product"}],"about":[{"href":"https:\/\/www.veneciacr.com\/index.php\/wp-json\/wp\/v2\/types\/product"}],"replies":[{"embeddable":true,"href":"https:\/\/www.veneciacr.com\/index.php\/wp-json\/wp\/v2\/comments?post=87"}],"wp:featuredmedia":[{"embeddable":true,"href":"https:\/\/www.veneciacr.com\/index.php\/wp-json\/wp\/v2\/media\/73775"}],"wp:attachment":[{"href":"https:\/\/www.veneciacr.com\/index.php\/wp-json\/wp\/v2\/media?parent=87"}],"wp:term":[{"taxonomy":"product_brand","embeddable":true,"href":"https:\/\/www.veneciacr.com\/index.php\/wp-json\/wp\/v2\/product_brand?post=87"},{"taxonomy":"product_cat","embeddable":true,"href":"https:\/\/www.veneciacr.com\/index.php\/wp-json\/wp\/v2\/product_cat?post=87"},{"taxonomy":"product_tag","embeddable":true,"href":"https:\/\/www.veneciacr.com\/index.php\/wp-json\/wp\/v2\/product_tag?post=87"}],"curies":[{"name":"wp","href":"https:\/\/api.w.org\/{rel}","templated":true}]}}