{"id":86954,"date":"2026-04-21T02:58:01","date_gmt":"2026-04-21T08:58:01","guid":{"rendered":"https:\/\/www.veneciacr.com\/index.php\/producto\/taladro-inal-3-8-20v-2bat-utdli20012-total\/"},"modified":"2026-04-21T02:58:02","modified_gmt":"2026-04-21T08:58:02","slug":"taladro-inalambrico-3-8-20v-2-baterias-utdli200528-total","status":"publish","type":"product","link":"https:\/\/www.veneciacr.com\/index.php\/producto\/taladro-inalambrico-3-8-20v-2-baterias-utdli200528-total\/","title":{"rendered":"TALADRO INALAMBRICO 3\/8&#8243; 20V 2 BATERIAS UTDLI200528 TOTAL"},"content":{"rendered":"<p>-Material: Pl\u00e1stico \u2013 Metal<\/p>\n<p>-Luz LED integrada<\/p>\n<p>-Cambio mec\u00e1nico 2 velocidades<\/p>\n<p>-Indicador de energ\u00eda bater\u00eda LED<\/p>\n<p>-Capacidad del portabrocas: 1\/32-3\/8\u2033<\/p>\n<p>-Configuraciones de torque: 15+1<\/p>\n<p>-Especificaciones: Funci\u00f3n de bloqueo del husillo<\/p>\n<p>-Torque\/Fuerza: 45Nm<\/p>\n<p>-Velocidad sin carga:0-400\/0-1500rpm<\/p>\n<p>-Volumen: de carga: 110-120V~50\/60Hz<\/p>\n<p>-Incluye: 2 bater\u00edas 2Ah, 1 cargador, y 47 accesorios<\/p>\n","protected":false},"excerpt":{"rendered":"<p>-Material: Pl\u00e1stico \u2013 Metal -Luz LED integrada -Cambio mec\u00e1nico 2 velocidades -Indicador de energ\u00eda bater\u00eda LED -Capacidad del portabrocas: 1\/32-3\/8\u2033<\/p>\n","protected":false},"featured_media":86955,"comment_status":"closed","ping_status":"open","template":"","meta":[],"product_brand":[],"product_cat":[23,87],"product_tag":[],"class_list":{"0":"post-86954","1":"product","2":"type-product","3":"status-publish","4":"has-post-thumbnail","6":"product_cat-herramientas","7":"product_cat-herramientas-electricas","9":"first","10":"outofstock","11":"purchasable","12":"product-type-simple"},"jetpack_sharing_enabled":true,"_links":{"self":[{"href":"https:\/\/www.veneciacr.com\/index.php\/wp-json\/wp\/v2\/product\/86954","targetHints":{"allow":["GET"]}}],"collection":[{"href":"https:\/\/www.veneciacr.com\/index.php\/wp-json\/wp\/v2\/product"}],"about":[{"href":"https:\/\/www.veneciacr.com\/index.php\/wp-json\/wp\/v2\/types\/product"}],"replies":[{"embeddable":true,"href":"https:\/\/www.veneciacr.com\/index.php\/wp-json\/wp\/v2\/comments?post=86954"}],"wp:featuredmedia":[{"embeddable":true,"href":"https:\/\/www.veneciacr.com\/index.php\/wp-json\/wp\/v2\/media\/86955"}],"wp:attachment":[{"href":"https:\/\/www.veneciacr.com\/index.php\/wp-json\/wp\/v2\/media?parent=86954"}],"wp:term":[{"taxonomy":"product_brand","embeddable":true,"href":"https:\/\/www.veneciacr.com\/index.php\/wp-json\/wp\/v2\/product_brand?post=86954"},{"taxonomy":"product_cat","embeddable":true,"href":"https:\/\/www.veneciacr.com\/index.php\/wp-json\/wp\/v2\/product_cat?post=86954"},{"taxonomy":"product_tag","embeddable":true,"href":"https:\/\/www.veneciacr.com\/index.php\/wp-json\/wp\/v2\/product_tag?post=86954"}],"curies":[{"name":"wp","href":"https:\/\/api.w.org\/{rel}","templated":true}]}}