{"id":86916,"date":"2026-04-21T02:58:04","date_gmt":"2026-04-21T08:58:04","guid":{"rendered":"https:\/\/www.veneciacr.com\/index.php\/producto\/grapadora-neumatica-1-4-cal18-enne-120-truper\/"},"modified":"2026-04-21T02:58:05","modified_gmt":"2026-04-21T08:58:05","slug":"grapadora-neumatica-1-4-cal18-enne-120-truper","status":"publish","type":"product","link":"https:\/\/www.veneciacr.com\/index.php\/producto\/grapadora-neumatica-1-4-cal18-enne-120-truper\/","title":{"rendered":"GRAPADORA NEUMATICA 1\/4&#8243; CAL18 ENNE-120 TRUPER"},"content":{"rendered":"<p>Engrapadora neum\u00e1tica, calibre 18, Truper<br \/>\nSistema de liberaci\u00f3n de cambio r\u00e1pido<br \/>\nUtiliza grapas de 1\/2&#8243;, 5\/8&#8243;, 3\/4&#8243;, 7\/8&#8243;, 1&#8243;, 1 1\/8&#8243;, 1 1\/4&#8243;, 1 3\/8&#8243;, 1 1\/2&#8243;, 1 5\/8&#8243;<br \/>\nPresi\u00f3n de trabajo 75 &#8211; 110 psi<br \/>\nV\u00e1lvula m\u00f3vil para direccionar la salida de aire<br \/>\nCarcasa de aluminio y mango ergon\u00f3mico para mayor comodidad del operador<br \/>\n13176-01<br \/>\nV\u00e1lvula m\u00f3vil<\/p>\n<p>Especificaciones<br \/>\nPresi\u00f3n de trabajo 75 &#8211; 110 psi<br \/>\nConsumo nominal 3.3 CFM @ 90 psi<br \/>\nEntrada de aire 1\/4&#8243; NPT<br \/>\nDi\u00e1metro interno de manguera 3\/8&#8243; (9.5 mm)<br \/>\nCapacidad de cartucho 100 grapas<br \/>\nLargo de grapas 1\/2&#8243; (13 mm), 5\/8&#8243; (16 mm), 3\/4&#8243; (19 mm), 7\/8&#8243; (22 mm), 1&#8243; (25 mm), 1 1\/8&#8243; (28 mm), 1 1\/4&#8243; (32 mm), 1 3\/8&#8243; (35 mm), 1 1\/2&#8243; (38 mm), 1 5\/8&#8243; (40 mm)<br \/>\nEspesor de grapa Calibre 18 (1.2 mm)<br \/>\nCorona de grapa 1\/4&#8243;<br \/>\nCiclo de trabajo Continuo (lubrique constantemente)<br \/>\nDimensiones (alto x largo) 25 x 25 cm<br \/>\nPeso 1.5 kg<br \/>\nEmpaque Estuche<\/p>\n","protected":false},"excerpt":{"rendered":"<p>Engrapadora neum\u00e1tica, calibre 18, Truper Sistema de liberaci\u00f3n de cambio r\u00e1pido Utiliza grapas de 1\/2&#8243;, 5\/8&#8243;, 3\/4&#8243;, 7\/8&#8243;, 1&#8243;, 1<\/p>\n","protected":false},"featured_media":86917,"comment_status":"closed","ping_status":"open","template":"","meta":[],"product_brand":[],"product_cat":[15],"product_tag":[],"class_list":{"0":"post-86916","1":"product","2":"type-product","3":"status-publish","4":"has-post-thumbnail","6":"product_cat-uncategorized","8":"first","9":"outofstock","10":"purchasable","11":"product-type-simple"},"jetpack_sharing_enabled":true,"_links":{"self":[{"href":"https:\/\/www.veneciacr.com\/index.php\/wp-json\/wp\/v2\/product\/86916","targetHints":{"allow":["GET"]}}],"collection":[{"href":"https:\/\/www.veneciacr.com\/index.php\/wp-json\/wp\/v2\/product"}],"about":[{"href":"https:\/\/www.veneciacr.com\/index.php\/wp-json\/wp\/v2\/types\/product"}],"replies":[{"embeddable":true,"href":"https:\/\/www.veneciacr.com\/index.php\/wp-json\/wp\/v2\/comments?post=86916"}],"wp:featuredmedia":[{"embeddable":true,"href":"https:\/\/www.veneciacr.com\/index.php\/wp-json\/wp\/v2\/media\/86917"}],"wp:attachment":[{"href":"https:\/\/www.veneciacr.com\/index.php\/wp-json\/wp\/v2\/media?parent=86916"}],"wp:term":[{"taxonomy":"product_brand","embeddable":true,"href":"https:\/\/www.veneciacr.com\/index.php\/wp-json\/wp\/v2\/product_brand?post=86916"},{"taxonomy":"product_cat","embeddable":true,"href":"https:\/\/www.veneciacr.com\/index.php\/wp-json\/wp\/v2\/product_cat?post=86916"},{"taxonomy":"product_tag","embeddable":true,"href":"https:\/\/www.veneciacr.com\/index.php\/wp-json\/wp\/v2\/product_tag?post=86916"}],"curies":[{"name":"wp","href":"https:\/\/api.w.org\/{rel}","templated":true}]}}