{"id":86869,"date":"2026-04-21T03:59:40","date_gmt":"2026-04-21T09:59:40","guid":{"rendered":"https:\/\/www.veneciacr.com\/index.php\/producto\/set-destornilladores-5pzs-comfort-dtj-5b-truper\/"},"modified":"2026-04-21T03:59:41","modified_gmt":"2026-04-21T09:59:41","slug":"set-destornilladores-5pzs-comfort-dtj-5b-truper","status":"publish","type":"product","link":"https:\/\/www.veneciacr.com\/index.php\/producto\/set-destornilladores-5pzs-comfort-dtj-5b-truper\/","title":{"rendered":"SET DESTORNILLADORES 5PZS COMFORT DTJ-5B TRUPER"},"content":{"rendered":"<p>Mango antiderrapante de polipropileno y TPR<br \/>\nPuntas magn\u00e9ticas fabricadas en acero al cromo vanadio<br \/>\nDesarmadores de 1\/4&#8243; con hex\u00e1gono en la barra para aplicar torque con una llave<br \/>\nOrganizador pl\u00e1stico deslizable<br \/>\nHex\u00e1gono en la barra maximiza el torque con llave<br \/>\nMarcado y c\u00f3digo de color para f\u00e1cil identificaci\u00f3n de medida y punta<br \/>\nPuntas magnetizadas<\/p>\n<p>ESPECIFICACIONES<br \/>\nDureza de puntas: 55 HRc<br \/>\nEmpaque individual: Tarjeta<br \/>\n1 Desarmador de cruz de 3\/16&#8243; x 3&#8243; (4.7x76mm)<br \/>\n1 Desarmador de cruz 1\/4&#8243; x 4&#8243; (6.3&#215;101.6mm)<br \/>\n1 Desarmador plano 1\/4&#8243; x 6&#8243; (6.3x152mm)<br \/>\n1 Desarmador plano 3\/16&#8243; x 4&#8243; (4.7x101mm)<br \/>\n1 Desarmador Cabinet 3\/16&#8243; x 4&#8243; (4.7x101mm)<\/p>\n","protected":false},"excerpt":{"rendered":"<p>Mango antiderrapante de polipropileno y TPR Puntas magn\u00e9ticas fabricadas en acero al cromo vanadio Desarmadores de 1\/4&#8243; con hex\u00e1gono en<\/p>\n","protected":false},"featured_media":77425,"comment_status":"closed","ping_status":"open","template":"","meta":[],"product_brand":[],"product_cat":[23,24],"product_tag":[],"class_list":{"0":"post-86869","1":"product","2":"type-product","3":"status-publish","4":"has-post-thumbnail","6":"product_cat-herramientas","7":"product_cat-herramientas-manuales","9":"first","10":"instock","11":"purchasable","12":"product-type-simple"},"jetpack_sharing_enabled":true,"_links":{"self":[{"href":"https:\/\/www.veneciacr.com\/index.php\/wp-json\/wp\/v2\/product\/86869","targetHints":{"allow":["GET"]}}],"collection":[{"href":"https:\/\/www.veneciacr.com\/index.php\/wp-json\/wp\/v2\/product"}],"about":[{"href":"https:\/\/www.veneciacr.com\/index.php\/wp-json\/wp\/v2\/types\/product"}],"replies":[{"embeddable":true,"href":"https:\/\/www.veneciacr.com\/index.php\/wp-json\/wp\/v2\/comments?post=86869"}],"wp:featuredmedia":[{"embeddable":true,"href":"https:\/\/www.veneciacr.com\/index.php\/wp-json\/wp\/v2\/media\/77425"}],"wp:attachment":[{"href":"https:\/\/www.veneciacr.com\/index.php\/wp-json\/wp\/v2\/media?parent=86869"}],"wp:term":[{"taxonomy":"product_brand","embeddable":true,"href":"https:\/\/www.veneciacr.com\/index.php\/wp-json\/wp\/v2\/product_brand?post=86869"},{"taxonomy":"product_cat","embeddable":true,"href":"https:\/\/www.veneciacr.com\/index.php\/wp-json\/wp\/v2\/product_cat?post=86869"},{"taxonomy":"product_tag","embeddable":true,"href":"https:\/\/www.veneciacr.com\/index.php\/wp-json\/wp\/v2\/product_tag?post=86869"}],"curies":[{"name":"wp","href":"https:\/\/api.w.org\/{rel}","templated":true}]}}