{"id":86863,"date":"2026-04-21T06:30:44","date_gmt":"2026-04-21T12:30:44","guid":{"rendered":"https:\/\/www.veneciacr.com\/index.php\/producto\/grapadora-metalica-1-4-5-16-et-19-truper-8924\/"},"modified":"2026-04-21T06:30:46","modified_gmt":"2026-04-21T12:30:46","slug":"grapadora-metalica-1-4-5-16-et-19-truper-8924","status":"publish","type":"product","link":"https:\/\/www.veneciacr.com\/index.php\/producto\/grapadora-metalica-1-4-5-16-et-19-truper-8924\/","title":{"rendered":"GRAPADORA METALICA 1\/4 &#8211; 5\/16 ET-19 TRUPER #8924"},"content":{"rendered":"<p>Medida de grapas 1\/4&#8243; (6.3mm) y 5\/16&#8243; (7.9mm)<br \/>\nPeso 404 g<br \/>\nEmpaque Blister<\/p>\n<p>Incluye:<br \/>\n1 Caja con 200 grapas de 5\/16&#8243; (7.9mm)<\/p>\n<p>CARACTER\u00cdSTICAS<br \/>\nFabricada en acero con acabado cromado<br \/>\nMecanismo interno de acero al carbono templado<br \/>\nFija grapas sin contragolpe<\/p>\n<p>USOS<br \/>\nEn aplicaciones industriales tales como tapicer\u00eda, coj\u00edn de alfombras, cerrar cajas, forros, techos y trabajos livianos de exhibici\u00f3n<\/p>\n","protected":false},"excerpt":{"rendered":"<p>Medida de grapas 1\/4&#8243; (6.3mm) y 5\/16&#8243; (7.9mm) Peso 404 g Empaque Blister Incluye: 1 Caja con 200 grapas de<\/p>\n","protected":false},"featured_media":74002,"comment_status":"closed","ping_status":"open","template":"","meta":[],"product_brand":[],"product_cat":[98,19],"product_tag":[],"class_list":{"0":"post-86863","1":"product","2":"type-product","3":"status-publish","4":"has-post-thumbnail","6":"product_cat-clavos-y-grapas","7":"product_cat-ferreteria","9":"first","10":"outofstock","11":"purchasable","12":"product-type-simple"},"jetpack_sharing_enabled":true,"_links":{"self":[{"href":"https:\/\/www.veneciacr.com\/index.php\/wp-json\/wp\/v2\/product\/86863","targetHints":{"allow":["GET"]}}],"collection":[{"href":"https:\/\/www.veneciacr.com\/index.php\/wp-json\/wp\/v2\/product"}],"about":[{"href":"https:\/\/www.veneciacr.com\/index.php\/wp-json\/wp\/v2\/types\/product"}],"replies":[{"embeddable":true,"href":"https:\/\/www.veneciacr.com\/index.php\/wp-json\/wp\/v2\/comments?post=86863"}],"wp:featuredmedia":[{"embeddable":true,"href":"https:\/\/www.veneciacr.com\/index.php\/wp-json\/wp\/v2\/media\/74002"}],"wp:attachment":[{"href":"https:\/\/www.veneciacr.com\/index.php\/wp-json\/wp\/v2\/media?parent=86863"}],"wp:term":[{"taxonomy":"product_brand","embeddable":true,"href":"https:\/\/www.veneciacr.com\/index.php\/wp-json\/wp\/v2\/product_brand?post=86863"},{"taxonomy":"product_cat","embeddable":true,"href":"https:\/\/www.veneciacr.com\/index.php\/wp-json\/wp\/v2\/product_cat?post=86863"},{"taxonomy":"product_tag","embeddable":true,"href":"https:\/\/www.veneciacr.com\/index.php\/wp-json\/wp\/v2\/product_tag?post=86863"}],"curies":[{"name":"wp","href":"https:\/\/api.w.org\/{rel}","templated":true}]}}