{"id":86854,"date":"2026-04-21T06:22:25","date_gmt":"2026-04-21T12:22:25","guid":{"rendered":"https:\/\/www.veneciacr.com\/index.php\/producto\/llave-francesa-12-pet-12x-truper\/"},"modified":"2026-04-21T06:22:27","modified_gmt":"2026-04-21T12:22:27","slug":"llave-francesa-12-pet-12x-truper","status":"publish","type":"product","link":"https:\/\/www.veneciacr.com\/index.php\/producto\/llave-francesa-12-pet-12x-truper\/","title":{"rendered":"LLAVE FRANCESA 12&#8243; PET-12X TRUPER"},"content":{"rendered":"<p>Forjado en acero al carbono<br \/>\nAcabado cromado que resiste la corrosi\u00f3n<br \/>\nMango con grip para mayor comodidad<br \/>\nGraduaci\u00f3n en pulgadas y mil\u00edmetros para identificar f\u00e1cilmente el tama\u00f1o de la pieza de trabajo<\/p>\n<p>NORMA<br \/>\nCumple la norma: ANSI: B-107.8 (Certificado no disponible)<\/p>\n<p>ESPECIFICACIONES<br \/>\nLongitud: 12&#8243; (30 cm)<br \/>\nApertura m\u00e1xima: 1 1\/2&#8243;<br \/>\nEmpaque individual: Tarjeta<\/p>\n","protected":false},"excerpt":{"rendered":"<p>Forjado en acero al carbono Acabado cromado que resiste la corrosi\u00f3n Mango con grip para mayor comodidad Graduaci\u00f3n en pulgadas<\/p>\n","protected":false},"featured_media":74306,"comment_status":"closed","ping_status":"open","template":"","meta":[],"product_brand":[],"product_cat":[15],"product_tag":[],"class_list":{"0":"post-86854","1":"product","2":"type-product","3":"status-publish","4":"has-post-thumbnail","6":"product_cat-uncategorized","8":"first","9":"instock","10":"purchasable","11":"product-type-simple"},"jetpack_sharing_enabled":true,"_links":{"self":[{"href":"https:\/\/www.veneciacr.com\/index.php\/wp-json\/wp\/v2\/product\/86854","targetHints":{"allow":["GET"]}}],"collection":[{"href":"https:\/\/www.veneciacr.com\/index.php\/wp-json\/wp\/v2\/product"}],"about":[{"href":"https:\/\/www.veneciacr.com\/index.php\/wp-json\/wp\/v2\/types\/product"}],"replies":[{"embeddable":true,"href":"https:\/\/www.veneciacr.com\/index.php\/wp-json\/wp\/v2\/comments?post=86854"}],"wp:featuredmedia":[{"embeddable":true,"href":"https:\/\/www.veneciacr.com\/index.php\/wp-json\/wp\/v2\/media\/74306"}],"wp:attachment":[{"href":"https:\/\/www.veneciacr.com\/index.php\/wp-json\/wp\/v2\/media?parent=86854"}],"wp:term":[{"taxonomy":"product_brand","embeddable":true,"href":"https:\/\/www.veneciacr.com\/index.php\/wp-json\/wp\/v2\/product_brand?post=86854"},{"taxonomy":"product_cat","embeddable":true,"href":"https:\/\/www.veneciacr.com\/index.php\/wp-json\/wp\/v2\/product_cat?post=86854"},{"taxonomy":"product_tag","embeddable":true,"href":"https:\/\/www.veneciacr.com\/index.php\/wp-json\/wp\/v2\/product_tag?post=86854"}],"curies":[{"name":"wp","href":"https:\/\/api.w.org\/{rel}","templated":true}]}}