{"id":86824,"date":"2026-04-21T03:47:05","date_gmt":"2026-04-21T09:47:05","guid":{"rendered":"https:\/\/www.veneciacr.com\/index.php\/producto\/grapas-3-8-1000pzs-et-21-3-8-truper\/"},"modified":"2026-04-21T03:47:06","modified_gmt":"2026-04-21T09:47:06","slug":"grapas-3-8-1000pzs-et-21-3-8-truper","status":"publish","type":"product","link":"https:\/\/www.veneciacr.com\/index.php\/producto\/grapas-3-8-1000pzs-et-21-3-8-truper\/","title":{"rendered":"GRAPAS 3\/8&#8243; 1000PZS ET-21-3\/8 TRUPER"},"content":{"rendered":"<p>Altura 3\/8&#8243; (9.5mm)<br \/>\nEspesor 0.5 mm<br \/>\nPara modelo ET-21<br \/>\nDureza 27 HRc<br \/>\nEmpaque Caja con 1000 pzas<\/p>\n<p>CARACTER\u00cdSTICAS<br \/>\nFabricadas en acero<\/p>\n<p>USOS<br \/>\nEn aplicaciones industriales tales como tapicer\u00eda, coj\u00edn de alfombras, cerrar cajas, forros, techos y trabajos livianos de exhibici\u00f3n<\/p>\n","protected":false},"excerpt":{"rendered":"<p>Altura 3\/8&#8243; (9.5mm) Espesor 0.5 mm Para modelo ET-21 Dureza 27 HRc Empaque Caja con 1000 pzas CARACTER\u00cdSTICAS Fabricadas en<\/p>\n","protected":false},"featured_media":96286,"comment_status":"closed","ping_status":"open","template":"","meta":[],"product_brand":[],"product_cat":[98,19],"product_tag":[],"class_list":{"0":"post-86824","1":"product","2":"type-product","3":"status-publish","4":"has-post-thumbnail","6":"product_cat-clavos-y-grapas","7":"product_cat-ferreteria","9":"first","10":"outofstock","11":"purchasable","12":"product-type-simple"},"jetpack_sharing_enabled":true,"_links":{"self":[{"href":"https:\/\/www.veneciacr.com\/index.php\/wp-json\/wp\/v2\/product\/86824","targetHints":{"allow":["GET"]}}],"collection":[{"href":"https:\/\/www.veneciacr.com\/index.php\/wp-json\/wp\/v2\/product"}],"about":[{"href":"https:\/\/www.veneciacr.com\/index.php\/wp-json\/wp\/v2\/types\/product"}],"replies":[{"embeddable":true,"href":"https:\/\/www.veneciacr.com\/index.php\/wp-json\/wp\/v2\/comments?post=86824"}],"wp:featuredmedia":[{"embeddable":true,"href":"https:\/\/www.veneciacr.com\/index.php\/wp-json\/wp\/v2\/media\/96286"}],"wp:attachment":[{"href":"https:\/\/www.veneciacr.com\/index.php\/wp-json\/wp\/v2\/media?parent=86824"}],"wp:term":[{"taxonomy":"product_brand","embeddable":true,"href":"https:\/\/www.veneciacr.com\/index.php\/wp-json\/wp\/v2\/product_brand?post=86824"},{"taxonomy":"product_cat","embeddable":true,"href":"https:\/\/www.veneciacr.com\/index.php\/wp-json\/wp\/v2\/product_cat?post=86824"},{"taxonomy":"product_tag","embeddable":true,"href":"https:\/\/www.veneciacr.com\/index.php\/wp-json\/wp\/v2\/product_tag?post=86824"}],"curies":[{"name":"wp","href":"https:\/\/api.w.org\/{rel}","templated":true}]}}