{"id":86800,"date":"2026-04-21T04:35:00","date_gmt":"2026-04-21T10:35:00","guid":{"rendered":"https:\/\/www.veneciacr.com\/index.php\/producto\/tubo-abasto-agua-calien-1-2-x-1-2-60cm-eabi60-coflex\/"},"modified":"2026-04-21T04:35:01","modified_gmt":"2026-04-21T10:35:01","slug":"tubo-abasto-agua-calien-1-2-x-1-2-60cm-eabi60-coflex","status":"publish","type":"product","link":"https:\/\/www.veneciacr.com\/index.php\/producto\/tubo-abasto-agua-calien-1-2-x-1-2-60cm-eabi60-coflex\/","title":{"rendered":"TUBO ABASTO AGUA CALIEN 1\/2 X 1\/2&#8243; 60CM EABI60 COFLEX"},"content":{"rendered":"<p>Trenzado: Acero Inoxidable<br \/>\nManguera Interior: EPDM<br \/>\nEspiga: Lat\u00f3n<br \/>\nF\u00e9rula: Acero Inoxidable<br \/>\nDi\u00e1metro interior: .500&#8243; (12.7 mm)<br \/>\nEmpaque: Plano de Hule<br \/>\nTemperatura de Trabajo: 0\u00b0C\/90\u00b0C<br \/>\nPresi\u00f3n de Trabajo: 10Kg\/cm<sup>2<\/sup>\/145 psi<\/p>\n","protected":false},"excerpt":{"rendered":"<p>Trenzado: Acero Inoxidable Manguera Interior: EPDM Espiga: Lat\u00f3n F\u00e9rula: Acero Inoxidable Di\u00e1metro interior: .500&#8243; (12.7 mm) Empaque: Plano de Hule<\/p>\n","protected":false},"featured_media":77752,"comment_status":"closed","ping_status":"open","template":"","meta":[],"product_brand":[],"product_cat":[15],"product_tag":[],"class_list":{"0":"post-86800","1":"product","2":"type-product","3":"status-publish","4":"has-post-thumbnail","6":"product_cat-uncategorized","8":"first","9":"outofstock","10":"purchasable","11":"product-type-simple"},"jetpack_sharing_enabled":true,"_links":{"self":[{"href":"https:\/\/www.veneciacr.com\/index.php\/wp-json\/wp\/v2\/product\/86800","targetHints":{"allow":["GET"]}}],"collection":[{"href":"https:\/\/www.veneciacr.com\/index.php\/wp-json\/wp\/v2\/product"}],"about":[{"href":"https:\/\/www.veneciacr.com\/index.php\/wp-json\/wp\/v2\/types\/product"}],"replies":[{"embeddable":true,"href":"https:\/\/www.veneciacr.com\/index.php\/wp-json\/wp\/v2\/comments?post=86800"}],"wp:featuredmedia":[{"embeddable":true,"href":"https:\/\/www.veneciacr.com\/index.php\/wp-json\/wp\/v2\/media\/77752"}],"wp:attachment":[{"href":"https:\/\/www.veneciacr.com\/index.php\/wp-json\/wp\/v2\/media?parent=86800"}],"wp:term":[{"taxonomy":"product_brand","embeddable":true,"href":"https:\/\/www.veneciacr.com\/index.php\/wp-json\/wp\/v2\/product_brand?post=86800"},{"taxonomy":"product_cat","embeddable":true,"href":"https:\/\/www.veneciacr.com\/index.php\/wp-json\/wp\/v2\/product_cat?post=86800"},{"taxonomy":"product_tag","embeddable":true,"href":"https:\/\/www.veneciacr.com\/index.php\/wp-json\/wp\/v2\/product_tag?post=86800"}],"curies":[{"name":"wp","href":"https:\/\/api.w.org\/{rel}","templated":true}]}}