{"id":86675,"date":"2026-04-21T02:58:33","date_gmt":"2026-04-21T08:58:33","guid":{"rendered":"https:\/\/www.veneciacr.com\/index.php\/producto\/medidor-laser-dist-60m-35176-tolsen\/"},"modified":"2026-04-21T02:58:36","modified_gmt":"2026-04-21T08:58:36","slug":"medidor-laser-dist-60m-35176-tolsen","status":"publish","type":"product","link":"https:\/\/www.veneciacr.com\/index.php\/producto\/medidor-laser-dist-60m-35176-tolsen\/","title":{"rendered":"MEDIDOR LASER DIST 60M 35176 TOLSEN"},"content":{"rendered":"<p>MEDIDOR LASER DIST 60M 35176 TOLSEN<\/p>\n<p>\u2022 Aprobaci\u00f3n CE<br \/>\n\u2022 Tama\u00f1o: 120 \u00d7 48,5 \u00d7 28,5 mm<br \/>\n\u2022 Funciones:<br \/>\nmedici\u00f3n de distancia,<br \/>\nmedici\u00f3n de \u00e1rea, medici\u00f3n de volumen,<br \/>\nmedici\u00f3n pitag\u00f3rica,<br \/>\nc\u00e1lculo de suma y resta,<br \/>\nmedici\u00f3n continua,<br \/>\n20 grupos de almacenamiento de datos<br \/>\n\u2022 Resistencia a ca\u00eddas de 1,5 m<br \/>\n\u2022 Burbuja horizontal<br \/>\n\u2022 Interruptor de l\u00ednea de base ajustable<br \/>\n\u2022 Unidades de medici\u00f3n: m\/\/in<br \/>\n\u2022 Precisi\u00f3n de medici\u00f3n: \u00b12,0 mm<br \/>\n\u2022 Tipo de bater\u00eda: 2xAAA (1,5 V)<br \/>\n\u2022 Duraci\u00f3n de la bater\u00eda: 5000 mediciones<br \/>\n\u2022 Luz de fondo<br \/>\n\u2022 Caracter\u00edsticas:<br \/>\ntama\u00f1o peque\u00f1o<br \/>\n, extremadamente f\u00e1cil de usar<br \/>\n, carcasa de goma,<br \/>\npantalla de 1,6 pulgadas (negro sobre blanco)<br \/>\n\u2022 Embalaje: caja de color<\/p>\n","protected":false},"excerpt":{"rendered":"<p>MEDIDOR LASER DIST 60M 35176 TOLSEN \u2022 Aprobaci\u00f3n CE \u2022 Tama\u00f1o: 120 \u00d7 48,5 \u00d7 28,5 mm \u2022 Funciones: medici\u00f3n<\/p>\n","protected":false},"featured_media":97547,"comment_status":"closed","ping_status":"open","template":"","meta":[],"product_brand":[],"product_cat":[15],"product_tag":[],"class_list":{"0":"post-86675","1":"product","2":"type-product","3":"status-publish","4":"has-post-thumbnail","6":"product_cat-uncategorized","8":"first","9":"instock","10":"purchasable","11":"product-type-simple"},"jetpack_sharing_enabled":true,"_links":{"self":[{"href":"https:\/\/www.veneciacr.com\/index.php\/wp-json\/wp\/v2\/product\/86675","targetHints":{"allow":["GET"]}}],"collection":[{"href":"https:\/\/www.veneciacr.com\/index.php\/wp-json\/wp\/v2\/product"}],"about":[{"href":"https:\/\/www.veneciacr.com\/index.php\/wp-json\/wp\/v2\/types\/product"}],"replies":[{"embeddable":true,"href":"https:\/\/www.veneciacr.com\/index.php\/wp-json\/wp\/v2\/comments?post=86675"}],"wp:featuredmedia":[{"embeddable":true,"href":"https:\/\/www.veneciacr.com\/index.php\/wp-json\/wp\/v2\/media\/97547"}],"wp:attachment":[{"href":"https:\/\/www.veneciacr.com\/index.php\/wp-json\/wp\/v2\/media?parent=86675"}],"wp:term":[{"taxonomy":"product_brand","embeddable":true,"href":"https:\/\/www.veneciacr.com\/index.php\/wp-json\/wp\/v2\/product_brand?post=86675"},{"taxonomy":"product_cat","embeddable":true,"href":"https:\/\/www.veneciacr.com\/index.php\/wp-json\/wp\/v2\/product_cat?post=86675"},{"taxonomy":"product_tag","embeddable":true,"href":"https:\/\/www.veneciacr.com\/index.php\/wp-json\/wp\/v2\/product_tag?post=86675"}],"curies":[{"name":"wp","href":"https:\/\/api.w.org\/{rel}","templated":true}]}}