{"id":86606,"date":"2026-05-06T01:11:11","date_gmt":"2026-05-06T07:11:11","guid":{"rendered":"https:\/\/www.veneciacr.com\/index.php\/producto\/cortadora-cabello-mascota-pet-clipper-9653-708-wahl\/"},"modified":"2026-05-06T01:11:11","modified_gmt":"2026-05-06T07:11:11","slug":"cortadora-mascotas-pet-clipper-9653-708-wahl","status":"publish","type":"product","link":"https:\/\/www.veneciacr.com\/index.php\/producto\/cortadora-mascotas-pet-clipper-9653-708-wahl\/","title":{"rendered":"CORTADORA MASCOTAS PET CLIPPER 9653-708 WAHL"},"content":{"rendered":"<p>La cortadora de cabello Wahl est\u00e1 enfocado para la mayor\u00eda de los tipos de pelo de los animales. Su funcionamiento es totalmente silencioso ideal para los animales sensibles al ruido. Sus cuchillas en acero inoxidable est\u00e1n construidas en alto contenido en carbono para que se mantengan m\u00e1s afiladas por m\u00e1s tiempo. Adem\u00e1s, posee una geometr\u00eda de cuchilla superior y una alimentaci\u00f3n excepcional para proteger a su mascota detirones y cortes.<\/p>\n<p>CARACTERISTICAS<\/p>\n<p>Tipo recortadoras.<br \/>\nTipo de cabezales navajas.<br \/>\nCortadora enfocada para mascotas.<br \/>\nDise\u00f1o ergon\u00f3mico.<br \/>\nIdeal para cara, patas y cuerpo.<br \/>\nCuchillas de acero inoxidable.<br \/>\nFuncionamiento silencioso.<\/p>\n","protected":false},"excerpt":{"rendered":"<p>La cortadora de cabello Wahl est\u00e1 enfocado para la mayor\u00eda de los tipos de pelo de los animales. Su funcionamiento<\/p>\n","protected":false},"featured_media":100193,"comment_status":"closed","ping_status":"open","template":"","meta":[],"product_brand":[],"product_cat":[15],"product_tag":[],"class_list":{"0":"post-86606","1":"product","2":"type-product","3":"status-publish","4":"has-post-thumbnail","6":"product_cat-uncategorized","8":"first","9":"instock","10":"purchasable","11":"product-type-simple"},"jetpack_sharing_enabled":true,"_links":{"self":[{"href":"https:\/\/www.veneciacr.com\/index.php\/wp-json\/wp\/v2\/product\/86606","targetHints":{"allow":["GET"]}}],"collection":[{"href":"https:\/\/www.veneciacr.com\/index.php\/wp-json\/wp\/v2\/product"}],"about":[{"href":"https:\/\/www.veneciacr.com\/index.php\/wp-json\/wp\/v2\/types\/product"}],"replies":[{"embeddable":true,"href":"https:\/\/www.veneciacr.com\/index.php\/wp-json\/wp\/v2\/comments?post=86606"}],"wp:featuredmedia":[{"embeddable":true,"href":"https:\/\/www.veneciacr.com\/index.php\/wp-json\/wp\/v2\/media\/100193"}],"wp:attachment":[{"href":"https:\/\/www.veneciacr.com\/index.php\/wp-json\/wp\/v2\/media?parent=86606"}],"wp:term":[{"taxonomy":"product_brand","embeddable":true,"href":"https:\/\/www.veneciacr.com\/index.php\/wp-json\/wp\/v2\/product_brand?post=86606"},{"taxonomy":"product_cat","embeddable":true,"href":"https:\/\/www.veneciacr.com\/index.php\/wp-json\/wp\/v2\/product_cat?post=86606"},{"taxonomy":"product_tag","embeddable":true,"href":"https:\/\/www.veneciacr.com\/index.php\/wp-json\/wp\/v2\/product_tag?post=86606"}],"curies":[{"name":"wp","href":"https:\/\/api.w.org\/{rel}","templated":true}]}}