{"id":86405,"date":"2026-04-21T03:42:29","date_gmt":"2026-04-21T09:42:29","guid":{"rendered":"https:\/\/www.veneciacr.com\/index.php\/producto\/sargento-14-8-30-tht1320801-total\/"},"modified":"2026-04-21T03:42:29","modified_gmt":"2026-04-21T09:42:29","slug":"sargento-14-8-30-tht1320801-total","status":"publish","type":"product","link":"https:\/\/www.veneciacr.com\/index.php\/producto\/sargento-14-8-30-tht1320801-total\/","title":{"rendered":"SARGENTO 14&#8243; 8\/30 THT1320801 TOTAL"},"content":{"rendered":"<p>TAMA\u00d1O:<br \/>\n80 MM * 300 MM<\/p>\n<p>USO:<br \/>\nMEDIANO<\/p>\n<p>CARACTERISTICAS:<\/p>\n<p>&#8211; Fuerza m\u00e1xima de sujeci\u00f3n: 270 kg.<br \/>\n&#8211; Prensa elaborada con acero inoxidable de alta calidad.<br \/>\n&#8211; Espesor y ancho de la platina de hierro: 6 mm * 22 mm.<br \/>\n&#8211; Di\u00e1metro de la rosca del tornillo: 15.3 mm.<\/p>\n","protected":false},"excerpt":{"rendered":"<p>TAMA\u00d1O: 80 MM * 300 MM USO: MEDIANO CARACTERISTICAS: &#8211; Fuerza m\u00e1xima de sujeci\u00f3n: 270 kg. &#8211; Prensa elaborada con<\/p>\n","protected":false},"featured_media":77896,"comment_status":"closed","ping_status":"open","template":"","meta":[],"product_brand":[],"product_cat":[15],"product_tag":[],"class_list":{"0":"post-86405","1":"product","2":"type-product","3":"status-publish","4":"has-post-thumbnail","6":"product_cat-uncategorized","8":"first","9":"outofstock","10":"purchasable","11":"product-type-simple"},"jetpack_sharing_enabled":true,"_links":{"self":[{"href":"https:\/\/www.veneciacr.com\/index.php\/wp-json\/wp\/v2\/product\/86405","targetHints":{"allow":["GET"]}}],"collection":[{"href":"https:\/\/www.veneciacr.com\/index.php\/wp-json\/wp\/v2\/product"}],"about":[{"href":"https:\/\/www.veneciacr.com\/index.php\/wp-json\/wp\/v2\/types\/product"}],"replies":[{"embeddable":true,"href":"https:\/\/www.veneciacr.com\/index.php\/wp-json\/wp\/v2\/comments?post=86405"}],"wp:featuredmedia":[{"embeddable":true,"href":"https:\/\/www.veneciacr.com\/index.php\/wp-json\/wp\/v2\/media\/77896"}],"wp:attachment":[{"href":"https:\/\/www.veneciacr.com\/index.php\/wp-json\/wp\/v2\/media?parent=86405"}],"wp:term":[{"taxonomy":"product_brand","embeddable":true,"href":"https:\/\/www.veneciacr.com\/index.php\/wp-json\/wp\/v2\/product_brand?post=86405"},{"taxonomy":"product_cat","embeddable":true,"href":"https:\/\/www.veneciacr.com\/index.php\/wp-json\/wp\/v2\/product_cat?post=86405"},{"taxonomy":"product_tag","embeddable":true,"href":"https:\/\/www.veneciacr.com\/index.php\/wp-json\/wp\/v2\/product_tag?post=86405"}],"curies":[{"name":"wp","href":"https:\/\/api.w.org\/{rel}","templated":true}]}}