{"id":86397,"date":"2026-04-21T02:59:01","date_gmt":"2026-04-21T08:59:01","guid":{"rendered":"https:\/\/www.veneciacr.com\/index.php\/producto\/thermoducha-5500w-110v-thermosolutions-c0307\/"},"modified":"2026-04-21T02:59:02","modified_gmt":"2026-04-21T08:59:02","slug":"thermoducha-5500w-110v-thermosolutions","status":"publish","type":"product","link":"https:\/\/www.veneciacr.com\/index.php\/producto\/thermoducha-5500w-110v-thermosolutions\/","title":{"rendered":"THERMODUCHA 5500W 110V THERMOSOLUTIONS"},"content":{"rendered":"<p>Calentador de punto de uso dise\u00f1ado pensando en la seguridad de los usuarios, la durabilidad del producto y su f\u00e1cil instalaci\u00f3n. Incluye resistencia blindada que evita el contacto con el agua y regulador de potencia el\u00e9ctrica que permite seleccionar dos posiciones de potencia el\u00e9ctrica, lo que le da al usuario una forma de ajustar seg\u00fan el flujo de agua.<\/p>\n","protected":false},"excerpt":{"rendered":"<p>Calentador de punto de uso dise\u00f1ado pensando en la seguridad de los usuarios, la durabilidad del producto y su f\u00e1cil<\/p>\n","protected":false},"featured_media":86398,"comment_status":"closed","ping_status":"open","template":"","meta":[],"product_brand":[],"product_cat":[15],"product_tag":[],"class_list":{"0":"post-86397","1":"product","2":"type-product","3":"status-publish","4":"has-post-thumbnail","6":"product_cat-uncategorized","8":"first","9":"instock","10":"purchasable","11":"product-type-simple"},"jetpack_sharing_enabled":true,"_links":{"self":[{"href":"https:\/\/www.veneciacr.com\/index.php\/wp-json\/wp\/v2\/product\/86397","targetHints":{"allow":["GET"]}}],"collection":[{"href":"https:\/\/www.veneciacr.com\/index.php\/wp-json\/wp\/v2\/product"}],"about":[{"href":"https:\/\/www.veneciacr.com\/index.php\/wp-json\/wp\/v2\/types\/product"}],"replies":[{"embeddable":true,"href":"https:\/\/www.veneciacr.com\/index.php\/wp-json\/wp\/v2\/comments?post=86397"}],"wp:featuredmedia":[{"embeddable":true,"href":"https:\/\/www.veneciacr.com\/index.php\/wp-json\/wp\/v2\/media\/86398"}],"wp:attachment":[{"href":"https:\/\/www.veneciacr.com\/index.php\/wp-json\/wp\/v2\/media?parent=86397"}],"wp:term":[{"taxonomy":"product_brand","embeddable":true,"href":"https:\/\/www.veneciacr.com\/index.php\/wp-json\/wp\/v2\/product_brand?post=86397"},{"taxonomy":"product_cat","embeddable":true,"href":"https:\/\/www.veneciacr.com\/index.php\/wp-json\/wp\/v2\/product_cat?post=86397"},{"taxonomy":"product_tag","embeddable":true,"href":"https:\/\/www.veneciacr.com\/index.php\/wp-json\/wp\/v2\/product_tag?post=86397"}],"curies":[{"name":"wp","href":"https:\/\/api.w.org\/{rel}","templated":true}]}}