{"id":86354,"date":"2026-04-21T02:59:08","date_gmt":"2026-04-21T08:59:08","guid":{"rendered":"https:\/\/www.veneciacr.com\/index.php\/producto\/disco-diamantado-segm-9-did-390-truper\/"},"modified":"2026-04-21T02:59:10","modified_gmt":"2026-04-21T08:59:10","slug":"disco-diamantado-segm-9-did-390-truper","status":"publish","type":"product","link":"https:\/\/www.veneciacr.com\/index.php\/producto\/disco-diamantado-segm-9-did-390-truper\/","title":{"rendered":"DISCO DIAMANTADO SEGM 9&#8243; DID-390 TRUPER"},"content":{"rendered":"<p>Di\u00e1metro externo 9&#8243; (228.6mm)<br \/>\nEspesor 2.5 mm<br \/>\nSecci\u00f3n abrasiva 7.5 mm<br \/>\nDi\u00e1metro interno 7\/8&#8243; (22.2mm)<br \/>\nVelocidad m\u00e1xima 6,700 rpm<br \/>\nEmpaque Blister<\/p>\n<p>Incluye:<br \/>\n2 Reductores de acero al carbono: 7\/8&#8243; (22.2mm) a 5\/8&#8243; (15.8mm) y 7\/8&#8243; (22.2mm) a 3\/4&#8243; (19mm)<\/p>\n<p>CARACTER\u00cdSTICAS<br \/>\nFabricado en acero con banda de diamante<br \/>\nPrensado en fr\u00edo<\/p>\n<p>USOS<br \/>\nPara cortes en concreto, block, ladrillo, piedra y materiales de construcci\u00f3n<br \/>\nPara esmeriladora angular port\u00e1til<\/p>\n<p>CUIDADOS<br \/>\nNo recomendable para loseta o m\u00e1rmol por su acabado burdo<\/p>\n","protected":false},"excerpt":{"rendered":"<p>Di\u00e1metro externo 9&#8243; (228.6mm) Espesor 2.5 mm Secci\u00f3n abrasiva 7.5 mm Di\u00e1metro interno 7\/8&#8243; (22.2mm) Velocidad m\u00e1xima 6,700 rpm Empaque<\/p>\n","protected":false},"featured_media":86355,"comment_status":"closed","ping_status":"open","template":"","meta":[],"product_brand":[],"product_cat":[86,23],"product_tag":[],"class_list":{"0":"post-86354","1":"product","2":"type-product","3":"status-publish","4":"has-post-thumbnail","6":"product_cat-accesorios-para-herramientas-electricas","7":"product_cat-herramientas","9":"first","10":"instock","11":"purchasable","12":"product-type-simple"},"jetpack_sharing_enabled":true,"_links":{"self":[{"href":"https:\/\/www.veneciacr.com\/index.php\/wp-json\/wp\/v2\/product\/86354","targetHints":{"allow":["GET"]}}],"collection":[{"href":"https:\/\/www.veneciacr.com\/index.php\/wp-json\/wp\/v2\/product"}],"about":[{"href":"https:\/\/www.veneciacr.com\/index.php\/wp-json\/wp\/v2\/types\/product"}],"replies":[{"embeddable":true,"href":"https:\/\/www.veneciacr.com\/index.php\/wp-json\/wp\/v2\/comments?post=86354"}],"wp:featuredmedia":[{"embeddable":true,"href":"https:\/\/www.veneciacr.com\/index.php\/wp-json\/wp\/v2\/media\/86355"}],"wp:attachment":[{"href":"https:\/\/www.veneciacr.com\/index.php\/wp-json\/wp\/v2\/media?parent=86354"}],"wp:term":[{"taxonomy":"product_brand","embeddable":true,"href":"https:\/\/www.veneciacr.com\/index.php\/wp-json\/wp\/v2\/product_brand?post=86354"},{"taxonomy":"product_cat","embeddable":true,"href":"https:\/\/www.veneciacr.com\/index.php\/wp-json\/wp\/v2\/product_cat?post=86354"},{"taxonomy":"product_tag","embeddable":true,"href":"https:\/\/www.veneciacr.com\/index.php\/wp-json\/wp\/v2\/product_tag?post=86354"}],"curies":[{"name":"wp","href":"https:\/\/api.w.org\/{rel}","templated":true}]}}