{"id":86350,"date":"2026-04-21T02:59:17","date_gmt":"2026-04-21T08:59:17","guid":{"rendered":"https:\/\/www.veneciacr.com\/index.php\/producto\/zapato-bota-seg-negro-41-tsp202sp-41-total\/"},"modified":"2026-04-21T02:59:19","modified_gmt":"2026-04-21T08:59:19","slug":"zapato-seg-negro-41-tsp202sp-41-total","status":"publish","type":"product","link":"https:\/\/www.veneciacr.com\/index.php\/producto\/zapato-seg-negro-41-tsp202sp-41-total\/","title":{"rendered":"ZAPATO SEG NEGRO #41 TSP202SP.41 TOTAL"},"content":{"rendered":"<p>Talla 41<br \/>\nCategor\u00eda de calzado de protecci\u00f3n:<br \/>\nS1P: puntera de acero + entresuela + antiest\u00e1tico + antivibraci\u00f3n<br \/>\nParte superior de piel dividida<br \/>\nSuela de polieuretano de doble densidad<br \/>\nEmpacado en caja de color<\/p>\n","protected":false},"excerpt":{"rendered":"<p>Talla 41 Categor\u00eda de calzado de protecci\u00f3n: S1P: puntera de acero + entresuela + antiest\u00e1tico + antivibraci\u00f3n Parte superior de<\/p>\n","protected":false},"featured_media":101290,"comment_status":"closed","ping_status":"open","template":"","meta":[],"product_brand":[],"product_cat":[23,88],"product_tag":[],"class_list":{"0":"post-86350","1":"product","2":"type-product","3":"status-publish","4":"has-post-thumbnail","6":"product_cat-herramientas","7":"product_cat-proteccion-y-seguridad","9":"first","10":"instock","11":"purchasable","12":"product-type-simple"},"jetpack_sharing_enabled":true,"_links":{"self":[{"href":"https:\/\/www.veneciacr.com\/index.php\/wp-json\/wp\/v2\/product\/86350","targetHints":{"allow":["GET"]}}],"collection":[{"href":"https:\/\/www.veneciacr.com\/index.php\/wp-json\/wp\/v2\/product"}],"about":[{"href":"https:\/\/www.veneciacr.com\/index.php\/wp-json\/wp\/v2\/types\/product"}],"replies":[{"embeddable":true,"href":"https:\/\/www.veneciacr.com\/index.php\/wp-json\/wp\/v2\/comments?post=86350"}],"wp:featuredmedia":[{"embeddable":true,"href":"https:\/\/www.veneciacr.com\/index.php\/wp-json\/wp\/v2\/media\/101290"}],"wp:attachment":[{"href":"https:\/\/www.veneciacr.com\/index.php\/wp-json\/wp\/v2\/media?parent=86350"}],"wp:term":[{"taxonomy":"product_brand","embeddable":true,"href":"https:\/\/www.veneciacr.com\/index.php\/wp-json\/wp\/v2\/product_brand?post=86350"},{"taxonomy":"product_cat","embeddable":true,"href":"https:\/\/www.veneciacr.com\/index.php\/wp-json\/wp\/v2\/product_cat?post=86350"},{"taxonomy":"product_tag","embeddable":true,"href":"https:\/\/www.veneciacr.com\/index.php\/wp-json\/wp\/v2\/product_tag?post=86350"}],"curies":[{"name":"wp","href":"https:\/\/api.w.org\/{rel}","templated":true}]}}