{"id":86341,"date":"2026-04-21T02:59:11","date_gmt":"2026-04-21T08:59:11","guid":{"rendered":"https:\/\/www.veneciacr.com\/index.php\/producto\/pistola-gravedad-v-metal-50psi-1mm-pipi-411-truper\/"},"modified":"2026-04-21T02:59:13","modified_gmt":"2026-04-21T08:59:13","slug":"pistola-pintar-gravedad-1mm-v-metal-50psi-pipi-411-truper","status":"publish","type":"product","link":"https:\/\/www.veneciacr.com\/index.php\/producto\/pistola-pintar-gravedad-1mm-v-metal-50psi-pipi-411-truper\/","title":{"rendered":"PISTOLA PINTAR GRAVEDAD 1MM V.METAL 50PSI PIPI-411 TRUPER"},"content":{"rendered":"<p>Serie 400 tecnolog\u00eda LVMP (Bajo volumen \/ Media presi\u00f3n) ideal para usos generales a una velocidad \u00f3ptima de aplicaci\u00f3n<br \/>\nCuerpo pulido y vaso de aluminio multiposici\u00f3n<br \/>\nTobera y aguja de acero inoxidable<br \/>\nBoquillas de lat\u00f3n galvanizado con pulverizado fino<br \/>\n3 perillas de control: flujo de aire, flujo de material y tama\u00f1o de abanico<\/p>\n<p>Especificaciones<br \/>\nGenerales<br \/>\nCapacidad del vaso 400 ml<br \/>\nTama\u00f1o de abanico 18 &#8211; 25 cm<br \/>\nEntrada de aire Inferior<br \/>\nTipo de conexi\u00f3n 1\/4&#8243; NPT<br \/>\nConsumo de aire 4 CFM (113 L\/min)<br \/>\nEmpaque individual Caja<\/p>\n","protected":false},"excerpt":{"rendered":"<p>Serie 400 tecnolog\u00eda LVMP (Bajo volumen \/ Media presi\u00f3n) ideal para usos generales a una velocidad \u00f3ptima de aplicaci\u00f3n Cuerpo<\/p>\n","protected":false},"featured_media":86342,"comment_status":"closed","ping_status":"open","template":"","meta":[],"product_brand":[],"product_cat":[15],"product_tag":[],"class_list":{"0":"post-86341","1":"product","2":"type-product","3":"status-publish","4":"has-post-thumbnail","6":"product_cat-uncategorized","8":"first","9":"instock","10":"purchasable","11":"product-type-simple"},"jetpack_sharing_enabled":true,"_links":{"self":[{"href":"https:\/\/www.veneciacr.com\/index.php\/wp-json\/wp\/v2\/product\/86341","targetHints":{"allow":["GET"]}}],"collection":[{"href":"https:\/\/www.veneciacr.com\/index.php\/wp-json\/wp\/v2\/product"}],"about":[{"href":"https:\/\/www.veneciacr.com\/index.php\/wp-json\/wp\/v2\/types\/product"}],"replies":[{"embeddable":true,"href":"https:\/\/www.veneciacr.com\/index.php\/wp-json\/wp\/v2\/comments?post=86341"}],"wp:featuredmedia":[{"embeddable":true,"href":"https:\/\/www.veneciacr.com\/index.php\/wp-json\/wp\/v2\/media\/86342"}],"wp:attachment":[{"href":"https:\/\/www.veneciacr.com\/index.php\/wp-json\/wp\/v2\/media?parent=86341"}],"wp:term":[{"taxonomy":"product_brand","embeddable":true,"href":"https:\/\/www.veneciacr.com\/index.php\/wp-json\/wp\/v2\/product_brand?post=86341"},{"taxonomy":"product_cat","embeddable":true,"href":"https:\/\/www.veneciacr.com\/index.php\/wp-json\/wp\/v2\/product_cat?post=86341"},{"taxonomy":"product_tag","embeddable":true,"href":"https:\/\/www.veneciacr.com\/index.php\/wp-json\/wp\/v2\/product_tag?post=86341"}],"curies":[{"name":"wp","href":"https:\/\/api.w.org\/{rel}","templated":true}]}}