{"id":86205,"date":"2026-04-22T02:02:03","date_gmt":"2026-04-22T08:02:03","guid":{"rendered":"https:\/\/www.veneciacr.com\/index.php\/producto\/bisagra-inv-menos-45grados-par-be-1-45-be-1dtc-45\/"},"modified":"2026-04-22T02:02:03","modified_gmt":"2026-04-22T08:02:03","slug":"bisagra-inv-menos-45grados-par-bidi-135-hermex","status":"publish","type":"product","link":"https:\/\/www.veneciacr.com\/index.php\/producto\/bisagra-inv-menos-45grados-par-bidi-135-hermex\/","title":{"rendered":"BISAGRA INV MENOS 45GRADOS PAR BIDI-135 HERMEX"},"content":{"rendered":"<p>Fabricadas en acero con acabado niquelado<\/p>\n<p>Cierre autom\u00e1tico<\/p>\n<p>Instalaci\u00f3n oculta para gabinetes<\/p>\n<p>Uso en carpinter\u00eda y en la industria mueblera<\/p>\n","protected":false},"excerpt":{"rendered":"<p>Fabricadas en acero con acabado niquelado Cierre autom\u00e1tico Instalaci\u00f3n oculta para gabinetes Uso en carpinter\u00eda y en la industria mueblera<\/p>\n","protected":false},"featured_media":86206,"comment_status":"closed","ping_status":"open","template":"","meta":[],"product_brand":[],"product_cat":[91,19],"product_tag":[],"class_list":{"0":"post-86205","1":"product","2":"type-product","3":"status-publish","4":"has-post-thumbnail","6":"product_cat-agarraderas-y-bisagras","7":"product_cat-ferreteria","9":"first","10":"instock","11":"purchasable","12":"product-type-simple"},"jetpack_sharing_enabled":true,"_links":{"self":[{"href":"https:\/\/www.veneciacr.com\/index.php\/wp-json\/wp\/v2\/product\/86205","targetHints":{"allow":["GET"]}}],"collection":[{"href":"https:\/\/www.veneciacr.com\/index.php\/wp-json\/wp\/v2\/product"}],"about":[{"href":"https:\/\/www.veneciacr.com\/index.php\/wp-json\/wp\/v2\/types\/product"}],"replies":[{"embeddable":true,"href":"https:\/\/www.veneciacr.com\/index.php\/wp-json\/wp\/v2\/comments?post=86205"}],"wp:featuredmedia":[{"embeddable":true,"href":"https:\/\/www.veneciacr.com\/index.php\/wp-json\/wp\/v2\/media\/86206"}],"wp:attachment":[{"href":"https:\/\/www.veneciacr.com\/index.php\/wp-json\/wp\/v2\/media?parent=86205"}],"wp:term":[{"taxonomy":"product_brand","embeddable":true,"href":"https:\/\/www.veneciacr.com\/index.php\/wp-json\/wp\/v2\/product_brand?post=86205"},{"taxonomy":"product_cat","embeddable":true,"href":"https:\/\/www.veneciacr.com\/index.php\/wp-json\/wp\/v2\/product_cat?post=86205"},{"taxonomy":"product_tag","embeddable":true,"href":"https:\/\/www.veneciacr.com\/index.php\/wp-json\/wp\/v2\/product_tag?post=86205"}],"curies":[{"name":"wp","href":"https:\/\/api.w.org\/{rel}","templated":true}]}}