{"id":86011,"date":"2026-04-21T02:59:38","date_gmt":"2026-04-21T08:59:38","guid":{"rendered":"https:\/\/www.veneciacr.com\/index.php\/producto\/timer-digital-120v-1875w-tem-8-volteck\/"},"modified":"2026-04-21T02:59:40","modified_gmt":"2026-04-21T08:59:40","slug":"timer-digital-120v-1875w-tem-8-volteck","status":"publish","type":"product","link":"https:\/\/www.veneciacr.com\/index.php\/producto\/timer-digital-120v-1875w-tem-8-volteck\/","title":{"rendered":"TIMER DIGITAL 120V 1875W TEM-8 VOLTECK"},"content":{"rendered":"<p>Fabricado en policarbonato<br \/>\nPantalla LCD<br \/>\nPermite programar hasta 8 Eventos por d\u00eda<br \/>\nProgramaci\u00f3n desde 1 min. hasta 7 d\u00edas<br \/>\nCuenta con una bater\u00eda recargable Ni-MH interna para conservar la programaci\u00f3n y la horas<br \/>\nAterrizado<\/p>\n<p>NORMA<br \/>\nCumple la norma: NOM-003-SCFI<\/p>\n<p>ESPECIFICACIONES<br \/>\nTensi\u00f3n: 125 V<br \/>\nFrecuencia: 60 Hz<br \/>\nConsumo: 15 A<br \/>\nLargo: 72 mm<br \/>\nAncho: 45 mm<br \/>\nAlto: 121 mm<br \/>\nPeso: 180 g<br \/>\nEmpaque individual: Bl\u00edster<\/p>\n<p>Aplicaciones<br \/>\nPara programar el encendido o apagado de diferentes aparatos el\u00e9ctricos como televisores, l\u00e1mparas, alarmas, ventiladores, entre otros<br \/>\nIdeal para simular presencia en casa u oficinas<\/p>\n","protected":false},"excerpt":{"rendered":"<p>Fabricado en policarbonato Pantalla LCD Permite programar hasta 8 Eventos por d\u00eda Programaci\u00f3n desde 1 min. hasta 7 d\u00edas Cuenta<\/p>\n","protected":false},"featured_media":86012,"comment_status":"closed","ping_status":"open","template":"","meta":[],"product_brand":[],"product_cat":[15],"product_tag":[],"class_list":{"0":"post-86011","1":"product","2":"type-product","3":"status-publish","4":"has-post-thumbnail","6":"product_cat-uncategorized","8":"first","9":"instock","10":"purchasable","11":"product-type-simple"},"jetpack_sharing_enabled":true,"_links":{"self":[{"href":"https:\/\/www.veneciacr.com\/index.php\/wp-json\/wp\/v2\/product\/86011","targetHints":{"allow":["GET"]}}],"collection":[{"href":"https:\/\/www.veneciacr.com\/index.php\/wp-json\/wp\/v2\/product"}],"about":[{"href":"https:\/\/www.veneciacr.com\/index.php\/wp-json\/wp\/v2\/types\/product"}],"replies":[{"embeddable":true,"href":"https:\/\/www.veneciacr.com\/index.php\/wp-json\/wp\/v2\/comments?post=86011"}],"wp:featuredmedia":[{"embeddable":true,"href":"https:\/\/www.veneciacr.com\/index.php\/wp-json\/wp\/v2\/media\/86012"}],"wp:attachment":[{"href":"https:\/\/www.veneciacr.com\/index.php\/wp-json\/wp\/v2\/media?parent=86011"}],"wp:term":[{"taxonomy":"product_brand","embeddable":true,"href":"https:\/\/www.veneciacr.com\/index.php\/wp-json\/wp\/v2\/product_brand?post=86011"},{"taxonomy":"product_cat","embeddable":true,"href":"https:\/\/www.veneciacr.com\/index.php\/wp-json\/wp\/v2\/product_cat?post=86011"},{"taxonomy":"product_tag","embeddable":true,"href":"https:\/\/www.veneciacr.com\/index.php\/wp-json\/wp\/v2\/product_tag?post=86011"}],"curies":[{"name":"wp","href":"https:\/\/api.w.org\/{rel}","templated":true}]}}