{"id":86009,"date":"2026-04-24T01:58:37","date_gmt":"2026-04-24T07:58:37","guid":{"rendered":"https:\/\/www.veneciacr.com\/index.php\/producto\/timbre-inalambrico-100m-36-tonos-timi-100-volteck\/"},"modified":"2026-04-24T01:58:38","modified_gmt":"2026-04-24T07:58:38","slug":"timbre-inalambrico-100m-36-tonos-timi-100-volteck","status":"publish","type":"product","link":"https:\/\/www.veneciacr.com\/index.php\/producto\/timbre-inalambrico-100m-36-tonos-timi-100-volteck\/","title":{"rendered":"TIMBRE INALAMBRICO 100M 36 TONOS TIMI-100 VOLTECK"},"content":{"rendered":"<div class=\"row body_especs tamanio_text\">\n<div class=\"col-11 especs_margen\">\n<p class=\"lh-2\">Fabricado en ABS<\/p>\n<\/div>\n<\/div>\n<div class=\"row body_especs_text tamanio_text\">\n<div class=\"col-1 col_list text-center\"><\/div>\n<div class=\"col-11 especs_margen\">\n<p class=\"lh-2\">Volumen y tonos ajustables<\/p>\n<\/div>\n<\/div>\n<div class=\"row body_especs_text tamanio_text\">\n<div class=\"col-1 col_list text-center\"><\/div>\n<div class=\"col-11 especs_margen\">\n<p class=\"lh-2\">Indicador LED de activaci\u00f3n<\/p>\n<\/div>\n<\/div>\n<div class=\"row body_especs_text tamanio_text\">\n<div class=\"col-1 col_list text-center\"><\/div>\n<div class=\"col-11 especs_margen\">\n<p class=\"lh-2\">Inal\u00e1mbrico, f\u00e1cil de instalar,\u00a0no requiere corriente alterna<\/p>\n<\/div>\n<\/div>\n<div class=\"row body_especs_text tamanio_text\">\n<div class=\"col-1 col_list text-center\"><\/div>\n<div class=\"col-11 especs_margen\">\n<p class=\"lh-2\">Ideal para casas, oficinas, \u00e1reas de recepci\u00f3n, tiendas, talleres, f\u00e1bricas y garajes<\/p>\n<\/div>\n<\/div>\n<div class=\"row top_vin text-center\">\n<div class=\"col vinieta_class\"><img loading=\"lazy\" decoding=\"async\" class=\"img_vinietas\" src=\"https:\/\/www.truper.com\/admin\/images\/vinietas\/TRU-IP44-TRANS.svg\" width=\"151\" height=\"151\" \/> <img loading=\"lazy\" decoding=\"async\" class=\"img_vinietas\" src=\"https:\/\/www.truper.com\/admin\/images\/vinietas\/TRU-PILA-02.svg\" width=\"147\" height=\"147\" \/> <img loading=\"lazy\" decoding=\"async\" class=\"img_vinietas\" src=\"https:\/\/www.truper.com\/admin\/images\/vinietas\/TRU-36TONOS.svg\" width=\"146\" height=\"146\" \/> <img loading=\"lazy\" decoding=\"async\" class=\"img_vinietas\" src=\"https:\/\/www.truper.com\/admin\/images\/vinietas\/TRU-200M-01.svg\" width=\"146\" height=\"146\" \/><\/div>\n<\/div>\n<div>\n<div class=\"col-6\">\n<div class=\"table-responsive tabla_border\">\n<table class=\"table table-bordered table_info_prod align-middle m-0\">\n<tbody>\n<tr id=\"tabla_especs\">\n<th class=\"tamanio_th_especs\" scope=\"row\">\n<p class=\"margen_tabla_especs\">Alcance<\/p>\n<\/th>\n<td>\n<p class=\"margen_tabla_especs\">200 m en \u00e1reas abiertas<\/p>\n<\/td>\n<\/tr>\n<tr id=\"tabla_especs\">\n<th class=\"tamanio_th_especs\" scope=\"row\">\n<p class=\"margen_tabla_especs\">Decibeles<\/p>\n<\/th>\n<td>\n<p class=\"margen_tabla_especs\">75 dB<\/p>\n<\/td>\n<\/tr>\n<tr id=\"tabla_especs\">\n<th class=\"tamanio_th_especs\" scope=\"row\">\n<p class=\"margen_tabla_especs\">Receptor<\/p>\n<\/th>\n<td>\n<p class=\"margen_tabla_especs\">4,5 V<\/p>\n<\/td>\n<\/tr>\n<tr id=\"tabla_especs\">\n<th class=\"tamanio_th_especs\" scope=\"row\">\n<p class=\"margen_tabla_especs\">Grado IP<\/p>\n<\/th>\n<td>\n<p class=\"margen_tabla_especs\">44<\/p>\n<\/td>\n<\/tr>\n<\/tbody>\n<\/table>\n<\/div>\n<\/div>\n<div class=\"col-6\">\n<div class=\"table-responsive tabla_border\">\n<table class=\"table table-bordered table_info_prod align-middle m-0\">\n<tbody>\n<tr id=\"tabla_especs\">\n<th class=\"tamanio_th_especs\" scope=\"row\">\n<p class=\"margen_tabla_especs\">Tonos<\/p>\n<\/th>\n<td>\n<p class=\"margen_tabla_especs\">36<\/p>\n<\/td>\n<\/tr>\n<tr id=\"tabla_especs\">\n<th class=\"tamanio_th_especs\" scope=\"row\">\n<p class=\"margen_tabla_especs\">Bot\u00f3n transmisor<\/p>\n<\/th>\n<td>\n<p class=\"margen_tabla_especs\">210 mAh<\/p>\n<\/td>\n<\/tr>\n<tr id=\"tabla_especs\">\n<th class=\"tamanio_th_especs\" scope=\"row\">\n<p class=\"margen_tabla_especs\">Temperatura de trabajo<\/p>\n<\/th>\n<td>\n<p class=\"margen_tabla_especs\">-10 \u00baC T 55 \u00baC<\/p>\n<\/td>\n<\/tr>\n<\/tbody>\n<\/table>\n<\/div>\n<\/div>\n<\/div>\n<div class=\"row top_vin text-center\">\n<div class=\"col\"><\/div>\n<\/div>\n","protected":false},"excerpt":{"rendered":"<p>Fabricado en ABS Volumen y tonos ajustables Indicador LED de activaci\u00f3n Inal\u00e1mbrico, f\u00e1cil de instalar,\u00a0no requiere corriente alterna Ideal para<\/p>\n","protected":false},"featured_media":86010,"comment_status":"closed","ping_status":"open","template":"","meta":[],"product_brand":[],"product_cat":[15],"product_tag":[],"class_list":{"0":"post-86009","1":"product","2":"type-product","3":"status-publish","4":"has-post-thumbnail","6":"product_cat-uncategorized","8":"first","9":"instock","10":"purchasable","11":"product-type-simple"},"jetpack_sharing_enabled":true,"_links":{"self":[{"href":"https:\/\/www.veneciacr.com\/index.php\/wp-json\/wp\/v2\/product\/86009","targetHints":{"allow":["GET"]}}],"collection":[{"href":"https:\/\/www.veneciacr.com\/index.php\/wp-json\/wp\/v2\/product"}],"about":[{"href":"https:\/\/www.veneciacr.com\/index.php\/wp-json\/wp\/v2\/types\/product"}],"replies":[{"embeddable":true,"href":"https:\/\/www.veneciacr.com\/index.php\/wp-json\/wp\/v2\/comments?post=86009"}],"wp:featuredmedia":[{"embeddable":true,"href":"https:\/\/www.veneciacr.com\/index.php\/wp-json\/wp\/v2\/media\/86010"}],"wp:attachment":[{"href":"https:\/\/www.veneciacr.com\/index.php\/wp-json\/wp\/v2\/media?parent=86009"}],"wp:term":[{"taxonomy":"product_brand","embeddable":true,"href":"https:\/\/www.veneciacr.com\/index.php\/wp-json\/wp\/v2\/product_brand?post=86009"},{"taxonomy":"product_cat","embeddable":true,"href":"https:\/\/www.veneciacr.com\/index.php\/wp-json\/wp\/v2\/product_cat?post=86009"},{"taxonomy":"product_tag","embeddable":true,"href":"https:\/\/www.veneciacr.com\/index.php\/wp-json\/wp\/v2\/product_tag?post=86009"}],"curies":[{"name":"wp","href":"https:\/\/api.w.org\/{rel}","templated":true}]}}