{"id":86007,"date":"2026-04-21T02:59:38","date_gmt":"2026-04-21T08:59:38","guid":{"rendered":"https:\/\/www.veneciacr.com\/index.php\/producto\/protector-picos-2-tomas-y-usb-mul-230u-volteck\/"},"modified":"2026-04-21T02:59:41","modified_gmt":"2026-04-21T08:59:41","slug":"protector-picos-2-tomas-y-usb-mul-230u-volteck","status":"publish","type":"product","link":"https:\/\/www.veneciacr.com\/index.php\/producto\/protector-picos-2-tomas-y-usb-mul-230u-volteck\/","title":{"rendered":"PROTECTOR PICOS 2 TOMAS Y USB MUL-230U VOLTECK"},"content":{"rendered":"<p>N\u00famero de contactos 2<br \/>\nProtecci\u00f3n 300 joules<br \/>\nTensi\u00f3n m\u00e1xima 6,000 V<br \/>\nTensi\u00f3n de alimentaci\u00f3n 125 V<br \/>\nFrecuencia de operaci\u00f3n 60 Hz<br \/>\nCorriente 15 A<br \/>\nPotencia 1,875 W<br \/>\nSalida de USB 5V \/ 1.1 A<br \/>\nTiempo de respuesta 1 ns<br \/>\nEmpaque Blister<\/p>\n<p>CARACTER\u00cdSTICAS<br \/>\nCuerpo fabricado en PVC<br \/>\n2 Puertos USB para cargar tabletas, tel\u00e9fonos inteligentes y otros dispositivos m\u00f3viles<br \/>\nPolarizado y aterrizado<\/p>\n","protected":false},"excerpt":{"rendered":"<p>N\u00famero de contactos 2 Protecci\u00f3n 300 joules Tensi\u00f3n m\u00e1xima 6,000 V Tensi\u00f3n de alimentaci\u00f3n 125 V Frecuencia de operaci\u00f3n 60<\/p>\n","protected":false},"featured_media":86008,"comment_status":"closed","ping_status":"open","template":"","meta":[],"product_brand":[],"product_cat":[15],"product_tag":[],"class_list":{"0":"post-86007","1":"product","2":"type-product","3":"status-publish","4":"has-post-thumbnail","6":"product_cat-uncategorized","8":"first","9":"outofstock","10":"purchasable","11":"product-type-simple"},"jetpack_sharing_enabled":true,"_links":{"self":[{"href":"https:\/\/www.veneciacr.com\/index.php\/wp-json\/wp\/v2\/product\/86007","targetHints":{"allow":["GET"]}}],"collection":[{"href":"https:\/\/www.veneciacr.com\/index.php\/wp-json\/wp\/v2\/product"}],"about":[{"href":"https:\/\/www.veneciacr.com\/index.php\/wp-json\/wp\/v2\/types\/product"}],"replies":[{"embeddable":true,"href":"https:\/\/www.veneciacr.com\/index.php\/wp-json\/wp\/v2\/comments?post=86007"}],"wp:featuredmedia":[{"embeddable":true,"href":"https:\/\/www.veneciacr.com\/index.php\/wp-json\/wp\/v2\/media\/86008"}],"wp:attachment":[{"href":"https:\/\/www.veneciacr.com\/index.php\/wp-json\/wp\/v2\/media?parent=86007"}],"wp:term":[{"taxonomy":"product_brand","embeddable":true,"href":"https:\/\/www.veneciacr.com\/index.php\/wp-json\/wp\/v2\/product_brand?post=86007"},{"taxonomy":"product_cat","embeddable":true,"href":"https:\/\/www.veneciacr.com\/index.php\/wp-json\/wp\/v2\/product_cat?post=86007"},{"taxonomy":"product_tag","embeddable":true,"href":"https:\/\/www.veneciacr.com\/index.php\/wp-json\/wp\/v2\/product_tag?post=86007"}],"curies":[{"name":"wp","href":"https:\/\/api.w.org\/{rel}","templated":true}]}}