{"id":86001,"date":"2026-04-21T02:59:35","date_gmt":"2026-04-21T08:59:35","guid":{"rendered":"https:\/\/www.veneciacr.com\/index.php\/producto\/escuadra-combinada-6-ect-6-truper\/"},"modified":"2026-04-21T02:59:36","modified_gmt":"2026-04-21T08:59:36","slug":"escuadra-combinada-6-ect-6-truper","status":"publish","type":"product","link":"https:\/\/www.veneciacr.com\/index.php\/producto\/escuadra-combinada-6-ect-6-truper\/","title":{"rendered":"ESCUADRA COMBINADA 6&#8243; ECT-6 TRUPER"},"content":{"rendered":"<p>Regla fabricada en acero inoxidable con graduaci\u00f3n estampada de cent\u00edmetros y pulgadas en ambas caras<br \/>\nCaras rectificadas para \u00e1ngulos de 45\u00b0 y 90\u00b0<br \/>\nGota para nivelar<br \/>\nPerno de apriete met\u00e1lico autoalineable para conseguir un reensamble r\u00e1pido y sencillo<\/p>\n<p>NORMA<br \/>\nExcede la norma Especif. Federal: GGG-S-656c<\/p>\n<p>ESPECIFICACIONES<\/p>\n<p>Largo: 6&#8243; (15 cm)<br \/>\nAncho: 1&#8243; (25.4 mm)<br \/>\nEmpaque individual: Tarjeta<\/p>\n","protected":false},"excerpt":{"rendered":"<p>Regla fabricada en acero inoxidable con graduaci\u00f3n estampada de cent\u00edmetros y pulgadas en ambas caras Caras rectificadas para \u00e1ngulos de<\/p>\n","protected":false},"featured_media":86002,"comment_status":"closed","ping_status":"open","template":"","meta":[],"product_brand":[],"product_cat":[15],"product_tag":[],"class_list":{"0":"post-86001","1":"product","2":"type-product","3":"status-publish","4":"has-post-thumbnail","6":"product_cat-uncategorized","8":"first","9":"instock","10":"purchasable","11":"product-type-simple"},"jetpack_sharing_enabled":true,"_links":{"self":[{"href":"https:\/\/www.veneciacr.com\/index.php\/wp-json\/wp\/v2\/product\/86001","targetHints":{"allow":["GET"]}}],"collection":[{"href":"https:\/\/www.veneciacr.com\/index.php\/wp-json\/wp\/v2\/product"}],"about":[{"href":"https:\/\/www.veneciacr.com\/index.php\/wp-json\/wp\/v2\/types\/product"}],"replies":[{"embeddable":true,"href":"https:\/\/www.veneciacr.com\/index.php\/wp-json\/wp\/v2\/comments?post=86001"}],"wp:featuredmedia":[{"embeddable":true,"href":"https:\/\/www.veneciacr.com\/index.php\/wp-json\/wp\/v2\/media\/86002"}],"wp:attachment":[{"href":"https:\/\/www.veneciacr.com\/index.php\/wp-json\/wp\/v2\/media?parent=86001"}],"wp:term":[{"taxonomy":"product_brand","embeddable":true,"href":"https:\/\/www.veneciacr.com\/index.php\/wp-json\/wp\/v2\/product_brand?post=86001"},{"taxonomy":"product_cat","embeddable":true,"href":"https:\/\/www.veneciacr.com\/index.php\/wp-json\/wp\/v2\/product_cat?post=86001"},{"taxonomy":"product_tag","embeddable":true,"href":"https:\/\/www.veneciacr.com\/index.php\/wp-json\/wp\/v2\/product_tag?post=86001"}],"curies":[{"name":"wp","href":"https:\/\/api.w.org\/{rel}","templated":true}]}}