{"id":85980,"date":"2026-04-21T02:59:41","date_gmt":"2026-04-21T08:59:41","guid":{"rendered":"https:\/\/www.veneciacr.com\/index.php\/producto\/romana-digital-base-abs-5kg-base-5ep-truper\/"},"modified":"2026-04-21T02:59:42","modified_gmt":"2026-04-21T08:59:42","slug":"romana-digital-base-abs-5kg-base-5ep-truper","status":"publish","type":"product","link":"https:\/\/www.veneciacr.com\/index.php\/producto\/romana-digital-base-abs-5kg-base-5ep-truper\/","title":{"rendered":"ROMANA DIGITAL BASE ABS 5KG BASE-5EP TRUPER"},"content":{"rendered":"<p>Cuerpo de polipropileno y pantalla de LCD de lectura f\u00e1cil<br \/>\nSensor de alta precisi\u00f3n<br \/>\nIndicador de sobrepeso (sobrecarga) &#8220;0-Ld&#8221;<br \/>\nFunci\u00f3n TARA, elimina el peso del recipiente<br \/>\nRestablecimiento cero autom\u00e1tico<br \/>\nApagado autom\u00e1tico<br \/>\nIndicador de bater\u00eda baja<br \/>\nUtiliza pilas de carbono tipo AA de 1.5 V<br \/>\nGAR-1<br \/>\n15161-01<\/p>\n<p>ESPECIFICACIONES<br \/>\nCapacidad 5 kg<br \/>\nDivisi\u00f3n m\u00ednima 1 g \/ 0.1 oz<br \/>\nPesada m\u00ednima 20 g \/ 2 oz<br \/>\nUnidades de medici\u00f3n Gramos (g) \/ Onzas (oz)<\/p>\n","protected":false},"excerpt":{"rendered":"<p>Cuerpo de polipropileno y pantalla de LCD de lectura f\u00e1cil Sensor de alta precisi\u00f3n Indicador de sobrepeso (sobrecarga) &#8220;0-Ld&#8221; Funci\u00f3n<\/p>\n","protected":false},"featured_media":85981,"comment_status":"closed","ping_status":"open","template":"","meta":[],"product_brand":[],"product_cat":[15],"product_tag":[],"class_list":{"0":"post-85980","1":"product","2":"type-product","3":"status-publish","4":"has-post-thumbnail","6":"product_cat-uncategorized","8":"first","9":"instock","10":"purchasable","11":"product-type-simple"},"jetpack_sharing_enabled":true,"_links":{"self":[{"href":"https:\/\/www.veneciacr.com\/index.php\/wp-json\/wp\/v2\/product\/85980","targetHints":{"allow":["GET"]}}],"collection":[{"href":"https:\/\/www.veneciacr.com\/index.php\/wp-json\/wp\/v2\/product"}],"about":[{"href":"https:\/\/www.veneciacr.com\/index.php\/wp-json\/wp\/v2\/types\/product"}],"replies":[{"embeddable":true,"href":"https:\/\/www.veneciacr.com\/index.php\/wp-json\/wp\/v2\/comments?post=85980"}],"wp:featuredmedia":[{"embeddable":true,"href":"https:\/\/www.veneciacr.com\/index.php\/wp-json\/wp\/v2\/media\/85981"}],"wp:attachment":[{"href":"https:\/\/www.veneciacr.com\/index.php\/wp-json\/wp\/v2\/media?parent=85980"}],"wp:term":[{"taxonomy":"product_brand","embeddable":true,"href":"https:\/\/www.veneciacr.com\/index.php\/wp-json\/wp\/v2\/product_brand?post=85980"},{"taxonomy":"product_cat","embeddable":true,"href":"https:\/\/www.veneciacr.com\/index.php\/wp-json\/wp\/v2\/product_cat?post=85980"},{"taxonomy":"product_tag","embeddable":true,"href":"https:\/\/www.veneciacr.com\/index.php\/wp-json\/wp\/v2\/product_tag?post=85980"}],"curies":[{"name":"wp","href":"https:\/\/api.w.org\/{rel}","templated":true}]}}