{"id":85976,"date":"2026-04-21T04:34:21","date_gmt":"2026-04-21T10:34:21","guid":{"rendered":"https:\/\/www.veneciacr.com\/index.php\/producto\/cepillo-limpiador-baterias-4-en-1-ceal-4-truper\/"},"modified":"2026-04-21T04:34:23","modified_gmt":"2026-04-21T10:34:23","slug":"cepillo-limpiador-baterias-4-en-1-ceal-4-truper","status":"publish","type":"product","link":"https:\/\/www.veneciacr.com\/index.php\/producto\/cepillo-limpiador-baterias-4-en-1-ceal-4-truper\/","title":{"rendered":"CEPILLO LIMPIADOR BATERIAS 4 EN 1 CEAL-4 TRUPER"},"content":{"rendered":"<p>Cerdas de acero<\/p>\n<p>Cuerpo de polipropileno<\/p>\n<p>Limpia el interior y exterior de tuber\u00edas, as\u00ed como terminales y postes de bater\u00edas<\/p>\n<p>\u00datil en la limpieza de accesorios para soldadura<\/p>\n","protected":false},"excerpt":{"rendered":"<p>Cerdas de acero Cuerpo de polipropileno Limpia el interior y exterior de tuber\u00edas, as\u00ed como terminales y postes de bater\u00edas<\/p>\n","protected":false},"featured_media":85977,"comment_status":"closed","ping_status":"open","template":"","meta":[],"product_brand":[],"product_cat":[15],"product_tag":[],"class_list":{"0":"post-85976","1":"product","2":"type-product","3":"status-publish","4":"has-post-thumbnail","6":"product_cat-uncategorized","8":"first","9":"instock","10":"purchasable","11":"product-type-simple"},"jetpack_sharing_enabled":true,"_links":{"self":[{"href":"https:\/\/www.veneciacr.com\/index.php\/wp-json\/wp\/v2\/product\/85976","targetHints":{"allow":["GET"]}}],"collection":[{"href":"https:\/\/www.veneciacr.com\/index.php\/wp-json\/wp\/v2\/product"}],"about":[{"href":"https:\/\/www.veneciacr.com\/index.php\/wp-json\/wp\/v2\/types\/product"}],"replies":[{"embeddable":true,"href":"https:\/\/www.veneciacr.com\/index.php\/wp-json\/wp\/v2\/comments?post=85976"}],"wp:featuredmedia":[{"embeddable":true,"href":"https:\/\/www.veneciacr.com\/index.php\/wp-json\/wp\/v2\/media\/85977"}],"wp:attachment":[{"href":"https:\/\/www.veneciacr.com\/index.php\/wp-json\/wp\/v2\/media?parent=85976"}],"wp:term":[{"taxonomy":"product_brand","embeddable":true,"href":"https:\/\/www.veneciacr.com\/index.php\/wp-json\/wp\/v2\/product_brand?post=85976"},{"taxonomy":"product_cat","embeddable":true,"href":"https:\/\/www.veneciacr.com\/index.php\/wp-json\/wp\/v2\/product_cat?post=85976"},{"taxonomy":"product_tag","embeddable":true,"href":"https:\/\/www.veneciacr.com\/index.php\/wp-json\/wp\/v2\/product_tag?post=85976"}],"curies":[{"name":"wp","href":"https:\/\/api.w.org\/{rel}","templated":true}]}}