{"id":85948,"date":"2026-04-21T03:23:04","date_gmt":"2026-04-21T09:23:04","guid":{"rendered":"https:\/\/www.veneciacr.com\/index.php\/producto\/cachera-fregadero-clasica-036-cslc-pp\/"},"modified":"2026-04-21T03:23:05","modified_gmt":"2026-04-21T09:23:05","slug":"cachera-fregadero-clasica-036-cslc-pp","status":"publish","type":"product","link":"https:\/\/www.veneciacr.com\/index.php\/producto\/cachera-fregadero-clasica-036-cslc-pp\/","title":{"rendered":"CACHERA FREGADERO CLASICA 036-CSLC PP"},"content":{"rendered":"<p>TAMA\u00d1O:<br \/>\n8&#8243;<\/p>\n<p>ACABADO:<br \/>\nCROMADO<\/p>\n<p>CARACTERISTICAS:<\/p>\n<p>&#8211; Instalaci\u00f3n de 8&#8243;.<br \/>\n&#8211; Cuerpo s\u00f3lido de metal.<br \/>\n&#8211; Cuello giratorio.<br \/>\n&#8211; Manijas de palanca.<br \/>\n&#8211; V\u00e1lvulas de cer\u00e1mica.<br \/>\n&#8211; Acabado en cromo pulido.<br \/>\n&#8211; Entrada para alimentaci\u00f3n de agua de \u00bd&#8221;.<\/p>\n","protected":false},"excerpt":{"rendered":"<p>TAMA\u00d1O: 8&#8243; ACABADO: CROMADO CARACTERISTICAS: &#8211; Instalaci\u00f3n de 8&#8243;. &#8211; Cuerpo s\u00f3lido de metal. &#8211; Cuello giratorio. &#8211; Manijas de<\/p>\n","protected":false},"featured_media":85949,"comment_status":"closed","ping_status":"open","template":"","meta":[],"product_brand":[],"product_cat":[163,29],"product_tag":[],"class_list":{"0":"post-85948","1":"product","2":"type-product","3":"status-publish","4":"has-post-thumbnail","6":"product_cat-llaves-de-fregadero","7":"product_cat-plomeria","9":"first","10":"instock","11":"purchasable","12":"product-type-simple"},"jetpack_sharing_enabled":true,"_links":{"self":[{"href":"https:\/\/www.veneciacr.com\/index.php\/wp-json\/wp\/v2\/product\/85948","targetHints":{"allow":["GET"]}}],"collection":[{"href":"https:\/\/www.veneciacr.com\/index.php\/wp-json\/wp\/v2\/product"}],"about":[{"href":"https:\/\/www.veneciacr.com\/index.php\/wp-json\/wp\/v2\/types\/product"}],"replies":[{"embeddable":true,"href":"https:\/\/www.veneciacr.com\/index.php\/wp-json\/wp\/v2\/comments?post=85948"}],"wp:featuredmedia":[{"embeddable":true,"href":"https:\/\/www.veneciacr.com\/index.php\/wp-json\/wp\/v2\/media\/85949"}],"wp:attachment":[{"href":"https:\/\/www.veneciacr.com\/index.php\/wp-json\/wp\/v2\/media?parent=85948"}],"wp:term":[{"taxonomy":"product_brand","embeddable":true,"href":"https:\/\/www.veneciacr.com\/index.php\/wp-json\/wp\/v2\/product_brand?post=85948"},{"taxonomy":"product_cat","embeddable":true,"href":"https:\/\/www.veneciacr.com\/index.php\/wp-json\/wp\/v2\/product_cat?post=85948"},{"taxonomy":"product_tag","embeddable":true,"href":"https:\/\/www.veneciacr.com\/index.php\/wp-json\/wp\/v2\/product_tag?post=85948"}],"curies":[{"name":"wp","href":"https:\/\/api.w.org\/{rel}","templated":true}]}}