{"id":85166,"date":"2026-04-21T02:59:54","date_gmt":"2026-04-21T08:59:54","guid":{"rendered":"https:\/\/www.veneciacr.com\/index.php\/producto\/bombillo-led-vela-3w-amarilla-led-v3fc-volteck\/"},"modified":"2026-04-21T02:59:55","modified_gmt":"2026-04-21T08:59:55","slug":"bombillo-led-vela-3w-amarilla-e27-led-v3fc-volteck","status":"publish","type":"product","link":"https:\/\/www.veneciacr.com\/index.php\/producto\/bombillo-led-vela-3w-amarilla-e27-led-v3fc-volteck\/","title":{"rendered":"BOMBILLO LED VELA 3W AMARILLA E27 LED-V3FC VOLTECK"},"content":{"rendered":"<p>L\u00e1mpara LED tipo vela 3 W con filamento luz c\u00e1lida, bl\u00edster<br \/>\nAhorra hasta 90% en el ahorro de energ\u00eda<br \/>\nPantalla de vidrio<br \/>\nEncendido instant\u00e1neo (proporciona el 100% de brillo al encender)<br \/>\nTipo vintage<br \/>\nNo utilice con atenuadores (dimmers)<\/p>\n<p>Especificaciones<\/p>\n<p>Consumo 3 W<br \/>\nEquivalencia 25 W<br \/>\nFlujo luminoso 320 lm<br \/>\nTensi\u00f3n \/ Frecuencia 100 V &#8211; 240 V \/ 60 Hz<br \/>\nCorriente 50 mA -20 mA<br \/>\nTiempo de vida 30 a\u00f1os (30,000 h)<br \/>\nTemperatura de color 2 700 K \/ Luz c\u00e1lida<br \/>\nTipo BA<br \/>\nIRC 77<br \/>\nTipo de base E26 \/ E27<br \/>\nMedidas (di\u00e1metro x alto) 4 x 10 cm<br \/>\nEmpaque individual Bl\u00edster<\/p>\n","protected":false},"excerpt":{"rendered":"<p>L\u00e1mpara LED tipo vela 3 W con filamento luz c\u00e1lida, bl\u00edster Ahorra hasta 90% en el ahorro de energ\u00eda Pantalla<\/p>\n","protected":false},"featured_media":85167,"comment_status":"closed","ping_status":"open","template":"","meta":[],"product_brand":[],"product_cat":[15],"product_tag":[],"class_list":{"0":"post-85166","1":"product","2":"type-product","3":"status-publish","4":"has-post-thumbnail","6":"product_cat-uncategorized","8":"first","9":"instock","10":"purchasable","11":"product-type-simple"},"jetpack_sharing_enabled":true,"_links":{"self":[{"href":"https:\/\/www.veneciacr.com\/index.php\/wp-json\/wp\/v2\/product\/85166","targetHints":{"allow":["GET"]}}],"collection":[{"href":"https:\/\/www.veneciacr.com\/index.php\/wp-json\/wp\/v2\/product"}],"about":[{"href":"https:\/\/www.veneciacr.com\/index.php\/wp-json\/wp\/v2\/types\/product"}],"replies":[{"embeddable":true,"href":"https:\/\/www.veneciacr.com\/index.php\/wp-json\/wp\/v2\/comments?post=85166"}],"wp:featuredmedia":[{"embeddable":true,"href":"https:\/\/www.veneciacr.com\/index.php\/wp-json\/wp\/v2\/media\/85167"}],"wp:attachment":[{"href":"https:\/\/www.veneciacr.com\/index.php\/wp-json\/wp\/v2\/media?parent=85166"}],"wp:term":[{"taxonomy":"product_brand","embeddable":true,"href":"https:\/\/www.veneciacr.com\/index.php\/wp-json\/wp\/v2\/product_brand?post=85166"},{"taxonomy":"product_cat","embeddable":true,"href":"https:\/\/www.veneciacr.com\/index.php\/wp-json\/wp\/v2\/product_cat?post=85166"},{"taxonomy":"product_tag","embeddable":true,"href":"https:\/\/www.veneciacr.com\/index.php\/wp-json\/wp\/v2\/product_tag?post=85166"}],"curies":[{"name":"wp","href":"https:\/\/api.w.org\/{rel}","templated":true}]}}