{"id":85160,"date":"2026-04-21T02:59:57","date_gmt":"2026-04-21T08:59:57","guid":{"rendered":"https:\/\/www.veneciacr.com\/index.php\/producto\/broca-escalonada-1-8-a-1-2-bes-13-truper\/"},"modified":"2026-04-21T02:59:58","modified_gmt":"2026-04-21T08:59:58","slug":"broca-escalonada-1-8-a-1-2-bes-13-truper","status":"publish","type":"product","link":"https:\/\/www.veneciacr.com\/index.php\/producto\/broca-escalonada-1-8-a-1-2-bes-13-truper\/","title":{"rendered":"BROCA ESCALONADA 1\/8 A 1\/2&#8243; BES-13 TRUPER"},"content":{"rendered":"<p>Punta Split Point autocentrable con dos filos de corte, para perforaciones m\u00e1s r\u00e1pidas y precisas<\/p>\n<p>Rango de perforaci\u00f3n 1\/8&#8243; &#8211; 1\/2&#8243;<\/p>\n<p>Di\u00e1metro marcado en l\u00e1ser de larga duraci\u00f3n para identificar r\u00e1pidamente el tama\u00f1o a perforar<\/p>\n<p>Fabricada en acero de alta velocidad (HSS) con acabado \u00f3xido negro<\/p>\n<p>Una sola broca realiza perforaciones de diferentes di\u00e1metros<\/p>\n<div class=\"col-6\">\n<div class=\"table-responsive tabla_border\">\n<table class=\"table table-bordered table_info_prod align-middle m-0\">\n<tbody>\n<tr id=\"tabla_especs\">\n<th class=\"tamanio_th_especs\" scope=\"row\">\n<p class=\"margen_tabla_especs\">Zanco (P3)<\/p>\n<\/th>\n<td>\n<p class=\"margen_tabla_especs\">1\/4&#8243;<\/p>\n<\/td>\n<\/tr>\n<tr id=\"tabla_especs\">\n<th class=\"tamanio_th_especs\" scope=\"row\">\n<p class=\"margen_tabla_especs\">Di\u00e1metros de perforaci\u00f3n<\/p>\n<\/th>\n<td>\n<p class=\"margen_tabla_especs\">1\/8&#8243;, 5\/32&#8243;, 3\/16&#8243;, 7\/32&#8243;, 1\/4&#8243;, 9\/32&#8243;, 5\/16&#8243;, 11\/32&#8243;, 3\/8&#8243;, 13\/32&#8243;, 7\/16&#8243;, 15\/32&#8243; y\u00a01\/2&#8243;<\/p>\n<\/td>\n<\/tr>\n<tr id=\"tabla_especs\">\n<th class=\"tamanio_th_especs\" scope=\"row\"><\/th>\n<td><\/td>\n<\/tr>\n<tr id=\"tabla_especs\">\n<th class=\"tamanio_th_especs\" scope=\"row\"><\/th>\n<td><\/td>\n<\/tr>\n<\/tbody>\n<\/table>\n<\/div>\n<\/div>\n<div class=\"col-6\">\n<div class=\"table-responsive tabla_border\">\n<table class=\"table table-bordered table_info_prod align-middle m-0\">\n<tbody>\n<tr id=\"tabla_especs\">\n<th class=\"tamanio_th_especs\" scope=\"row\">\n<p class=\"margen_tabla_especs\">Escalones<\/p>\n<\/th>\n<td>\n<p class=\"margen_tabla_especs\">13<\/p>\n<\/td>\n<\/tr>\n<tr id=\"tabla_especs\">\n<th class=\"tamanio_th_especs\" scope=\"row\">\n<p class=\"margen_tabla_especs\">Empaque individual<\/p>\n<\/th>\n<td>\n<p class=\"margen_tabla_especs\">Bl\u00edster<\/p>\n<\/td>\n<\/tr>\n<\/tbody>\n<\/table>\n<\/div>\n<\/div>\n","protected":false},"excerpt":{"rendered":"<p>Punta Split Point autocentrable con dos filos de corte, para perforaciones m\u00e1s r\u00e1pidas y precisas Rango de perforaci\u00f3n 1\/8&#8243; &#8211;<\/p>\n","protected":false},"featured_media":85161,"comment_status":"closed","ping_status":"open","template":"","meta":[],"product_brand":[],"product_cat":[15],"product_tag":[],"class_list":{"0":"post-85160","1":"product","2":"type-product","3":"status-publish","4":"has-post-thumbnail","6":"product_cat-uncategorized","8":"first","9":"outofstock","10":"purchasable","11":"product-type-simple"},"jetpack_sharing_enabled":true,"_links":{"self":[{"href":"https:\/\/www.veneciacr.com\/index.php\/wp-json\/wp\/v2\/product\/85160","targetHints":{"allow":["GET"]}}],"collection":[{"href":"https:\/\/www.veneciacr.com\/index.php\/wp-json\/wp\/v2\/product"}],"about":[{"href":"https:\/\/www.veneciacr.com\/index.php\/wp-json\/wp\/v2\/types\/product"}],"replies":[{"embeddable":true,"href":"https:\/\/www.veneciacr.com\/index.php\/wp-json\/wp\/v2\/comments?post=85160"}],"wp:featuredmedia":[{"embeddable":true,"href":"https:\/\/www.veneciacr.com\/index.php\/wp-json\/wp\/v2\/media\/85161"}],"wp:attachment":[{"href":"https:\/\/www.veneciacr.com\/index.php\/wp-json\/wp\/v2\/media?parent=85160"}],"wp:term":[{"taxonomy":"product_brand","embeddable":true,"href":"https:\/\/www.veneciacr.com\/index.php\/wp-json\/wp\/v2\/product_brand?post=85160"},{"taxonomy":"product_cat","embeddable":true,"href":"https:\/\/www.veneciacr.com\/index.php\/wp-json\/wp\/v2\/product_cat?post=85160"},{"taxonomy":"product_tag","embeddable":true,"href":"https:\/\/www.veneciacr.com\/index.php\/wp-json\/wp\/v2\/product_tag?post=85160"}],"curies":[{"name":"wp","href":"https:\/\/api.w.org\/{rel}","templated":true}]}}