{"id":85156,"date":"2026-04-21T02:59:54","date_gmt":"2026-04-21T08:59:54","guid":{"rendered":"https:\/\/www.veneciacr.com\/index.php\/producto\/anunciador-c-sensor-puerta-semo-al-volteck\/"},"modified":"2026-04-21T02:59:57","modified_gmt":"2026-04-21T08:59:57","slug":"anunciador-con-sensor-puerta-semo-al-volteck","status":"publish","type":"product","link":"https:\/\/www.veneciacr.com\/index.php\/producto\/anunciador-con-sensor-puerta-semo-al-volteck\/","title":{"rendered":"ANUNCIADOR CON SENSOR PUERTA SEMO-AL VOLTECK"},"content":{"rendered":"<p>Distancia de detecci\u00f3n 8 m m\u00e1x.<br \/>\nRango de detecci\u00f3n 60\u00b0<br \/>\nIntervalo de sensibilidad 1 min<br \/>\nTiempo de retardo 5 s<br \/>\nAltura de instalaci\u00f3n 1 m a 1.6 m<br \/>\nTemperatura de trabajo -20 \u00b0C a 40 \u00b0C<br \/>\nHumedad relativa &lt; 93% HR<br \/>\nVolumen de alarma &gt; 75 dB<br \/>\nVolumen de timbre &gt; 60 dB<br \/>\nPila (no incluida) 9 V<br \/>\nEmpaque Caja<\/p>\n<p>CARACTER\u00cdSTICAS<br \/>\nFabricado en policarbonato<br \/>\nMultidireccional<br \/>\n2 Funciones: alarma y timbre<br \/>\nMontaje horizontal<\/p>\n<p>USOS<br \/>\nIdeal para casa y comercio, avisa la llegada de visitantes<\/p>\n","protected":false},"excerpt":{"rendered":"<p>Distancia de detecci\u00f3n 8 m m\u00e1x. Rango de detecci\u00f3n 60\u00b0 Intervalo de sensibilidad 1 min Tiempo de retardo 5 s<\/p>\n","protected":false},"featured_media":85157,"comment_status":"closed","ping_status":"open","template":"","meta":[],"product_brand":[],"product_cat":[15],"product_tag":[],"class_list":{"0":"post-85156","1":"product","2":"type-product","3":"status-publish","4":"has-post-thumbnail","6":"product_cat-uncategorized","8":"first","9":"instock","10":"purchasable","11":"product-type-simple"},"jetpack_sharing_enabled":true,"_links":{"self":[{"href":"https:\/\/www.veneciacr.com\/index.php\/wp-json\/wp\/v2\/product\/85156","targetHints":{"allow":["GET"]}}],"collection":[{"href":"https:\/\/www.veneciacr.com\/index.php\/wp-json\/wp\/v2\/product"}],"about":[{"href":"https:\/\/www.veneciacr.com\/index.php\/wp-json\/wp\/v2\/types\/product"}],"replies":[{"embeddable":true,"href":"https:\/\/www.veneciacr.com\/index.php\/wp-json\/wp\/v2\/comments?post=85156"}],"wp:featuredmedia":[{"embeddable":true,"href":"https:\/\/www.veneciacr.com\/index.php\/wp-json\/wp\/v2\/media\/85157"}],"wp:attachment":[{"href":"https:\/\/www.veneciacr.com\/index.php\/wp-json\/wp\/v2\/media?parent=85156"}],"wp:term":[{"taxonomy":"product_brand","embeddable":true,"href":"https:\/\/www.veneciacr.com\/index.php\/wp-json\/wp\/v2\/product_brand?post=85156"},{"taxonomy":"product_cat","embeddable":true,"href":"https:\/\/www.veneciacr.com\/index.php\/wp-json\/wp\/v2\/product_cat?post=85156"},{"taxonomy":"product_tag","embeddable":true,"href":"https:\/\/www.veneciacr.com\/index.php\/wp-json\/wp\/v2\/product_tag?post=85156"}],"curies":[{"name":"wp","href":"https:\/\/api.w.org\/{rel}","templated":true}]}}