{"id":85136,"date":"2026-04-30T01:59:34","date_gmt":"2026-04-30T07:59:34","guid":{"rendered":"https:\/\/www.veneciacr.com\/index.php\/producto\/soporte-lcd-32-70-fijo-tvsf-70-volteck\/"},"modified":"2026-04-30T01:59:34","modified_gmt":"2026-04-30T07:59:34","slug":"soporte-lcd-32-70-fijo-tvsf-70-volteck","status":"publish","type":"product","link":"https:\/\/www.veneciacr.com\/index.php\/producto\/soporte-lcd-32-70-fijo-tvsf-70-volteck\/","title":{"rendered":"SOPORTE LCD 32-70&#8243; FIJO TVSF-70 VOLTECK"},"content":{"rendered":"<p>Soporte para pantallas de 32&#8243; a 70&#8243;, fijo, Volteck<br \/>\nFabricado en acero<br \/>\nDise\u00f1o ultra delgado<br \/>\nF\u00e1cil instalaci\u00f3n<br \/>\nCompatible con VESA 100, 200, 400, 600<\/p>\n<p>Especificaciones<br \/>\nCarga m\u00e1xima 45 Kg<br \/>\nDistancia de la pared a TV 2 cm<br \/>\nEmpaque individual Caja<\/p>\n","protected":false},"excerpt":{"rendered":"<p>Soporte para pantallas de 32&#8243; a 70&#8243;, fijo, Volteck Fabricado en acero Dise\u00f1o ultra delgado F\u00e1cil instalaci\u00f3n Compatible con VESA<\/p>\n","protected":false},"featured_media":85137,"comment_status":"closed","ping_status":"open","template":"","meta":[],"product_brand":[],"product_cat":[15],"product_tag":[],"class_list":{"0":"post-85136","1":"product","2":"type-product","3":"status-publish","4":"has-post-thumbnail","6":"product_cat-uncategorized","8":"first","9":"instock","10":"purchasable","11":"product-type-simple"},"jetpack_sharing_enabled":true,"_links":{"self":[{"href":"https:\/\/www.veneciacr.com\/index.php\/wp-json\/wp\/v2\/product\/85136","targetHints":{"allow":["GET"]}}],"collection":[{"href":"https:\/\/www.veneciacr.com\/index.php\/wp-json\/wp\/v2\/product"}],"about":[{"href":"https:\/\/www.veneciacr.com\/index.php\/wp-json\/wp\/v2\/types\/product"}],"replies":[{"embeddable":true,"href":"https:\/\/www.veneciacr.com\/index.php\/wp-json\/wp\/v2\/comments?post=85136"}],"wp:featuredmedia":[{"embeddable":true,"href":"https:\/\/www.veneciacr.com\/index.php\/wp-json\/wp\/v2\/media\/85137"}],"wp:attachment":[{"href":"https:\/\/www.veneciacr.com\/index.php\/wp-json\/wp\/v2\/media?parent=85136"}],"wp:term":[{"taxonomy":"product_brand","embeddable":true,"href":"https:\/\/www.veneciacr.com\/index.php\/wp-json\/wp\/v2\/product_brand?post=85136"},{"taxonomy":"product_cat","embeddable":true,"href":"https:\/\/www.veneciacr.com\/index.php\/wp-json\/wp\/v2\/product_cat?post=85136"},{"taxonomy":"product_tag","embeddable":true,"href":"https:\/\/www.veneciacr.com\/index.php\/wp-json\/wp\/v2\/product_tag?post=85136"}],"curies":[{"name":"wp","href":"https:\/\/api.w.org\/{rel}","templated":true}]}}