{"id":85077,"date":"2026-04-30T01:59:35","date_gmt":"2026-04-30T07:59:35","guid":{"rendered":"https:\/\/www.veneciacr.com\/index.php\/producto\/lampara-c-sensor-movim-negra-arb-902s-volteck\/"},"modified":"2026-04-30T01:59:36","modified_gmt":"2026-04-30T07:59:36","slug":"lampara-con-sensor-movim-negra-arb-902s-volteck","status":"publish","type":"product","link":"https:\/\/www.veneciacr.com\/index.php\/producto\/lampara-con-sensor-movim-negra-arb-902s-volteck\/","title":{"rendered":"LAMPARA CON SENSOR MOVIM NEGRA ARB-902S VOLTECK"},"content":{"rendered":"<p>Color Negro<br \/>\nPotencia m\u00e1xima 300 W<br \/>\nTensi\u00f3n 120 V<br \/>\nFrecuencia 60 Hz<br \/>\nRango de detecci\u00f3n 180\u00b0<br \/>\nDistancia de detecci\u00f3n 10 m \u00b1 1 m<br \/>\nTemperatura de trabajo -20\u00b0C a 40\u00b0C<br \/>\nTiempo retardado m\u00ednimo 10 s \u00b1 5 s<br \/>\nTiempo retardado m\u00e1ximo 7 min \u00b1 2 min<br \/>\nAltura de instalaci\u00f3n 1.8 &#8211; 2.5 m<br \/>\nLuz ambiente &lt; 10 &#8211; 2,000 lux<br \/>\nHumedad relativa &lt; 93% HR<br \/>\nAltura del luminario 22 cm<br \/>\nAncho del luminario 29 cm<br \/>\nPeso 450 g<br \/>\nEmpaque Caja<\/p>\n<p>CARACTER\u00cdSTICAS<br \/>\nCuerpo fabricado en policarbonato<br \/>\nDoble socket para focos incandescentes tipo PAR 38 de 150 W m\u00e1ximo cada uno (no incluidos)<br \/>\n3 Ajustes: tiempo, luz y sensibilidad<\/p>\n","protected":false},"excerpt":{"rendered":"<p>Color Negro Potencia m\u00e1xima 300 W Tensi\u00f3n 120 V Frecuencia 60 Hz Rango de detecci\u00f3n 180\u00b0 Distancia de detecci\u00f3n 10<\/p>\n","protected":false},"featured_media":85078,"comment_status":"closed","ping_status":"open","template":"","meta":[],"product_brand":[],"product_cat":[15],"product_tag":[],"class_list":{"0":"post-85077","1":"product","2":"type-product","3":"status-publish","4":"has-post-thumbnail","6":"product_cat-uncategorized","8":"first","9":"instock","10":"purchasable","11":"product-type-simple"},"jetpack_sharing_enabled":true,"_links":{"self":[{"href":"https:\/\/www.veneciacr.com\/index.php\/wp-json\/wp\/v2\/product\/85077","targetHints":{"allow":["GET"]}}],"collection":[{"href":"https:\/\/www.veneciacr.com\/index.php\/wp-json\/wp\/v2\/product"}],"about":[{"href":"https:\/\/www.veneciacr.com\/index.php\/wp-json\/wp\/v2\/types\/product"}],"replies":[{"embeddable":true,"href":"https:\/\/www.veneciacr.com\/index.php\/wp-json\/wp\/v2\/comments?post=85077"}],"wp:featuredmedia":[{"embeddable":true,"href":"https:\/\/www.veneciacr.com\/index.php\/wp-json\/wp\/v2\/media\/85078"}],"wp:attachment":[{"href":"https:\/\/www.veneciacr.com\/index.php\/wp-json\/wp\/v2\/media?parent=85077"}],"wp:term":[{"taxonomy":"product_brand","embeddable":true,"href":"https:\/\/www.veneciacr.com\/index.php\/wp-json\/wp\/v2\/product_brand?post=85077"},{"taxonomy":"product_cat","embeddable":true,"href":"https:\/\/www.veneciacr.com\/index.php\/wp-json\/wp\/v2\/product_cat?post=85077"},{"taxonomy":"product_tag","embeddable":true,"href":"https:\/\/www.veneciacr.com\/index.php\/wp-json\/wp\/v2\/product_tag?post=85077"}],"curies":[{"name":"wp","href":"https:\/\/api.w.org\/{rel}","templated":true}]}}