{"id":85075,"date":"2026-04-22T01:55:45","date_gmt":"2026-04-22T07:55:45","guid":{"rendered":"https:\/\/www.veneciacr.com\/index.php\/producto\/mototool-130w-c-100-acc-total-utg501032\/"},"modified":"2026-04-22T01:55:45","modified_gmt":"2026-04-22T07:55:45","slug":"mototool-130w-con-110-acc-total-utg513326-total","status":"publish","type":"product","link":"https:\/\/www.veneciacr.com\/index.php\/producto\/mototool-130w-con-110-acc-total-utg513326-total\/","title":{"rendered":"MOTOTOOL 130W CON 110 ACC TOTAL UTG513326 TOTAL"},"content":{"rendered":"<p>-\u00bfD\u00f3nde usarlo?: Dom\u00e9stico\/taller, fabricaci\u00f3n general, construcci\u00f3n.<\/p>\n<p>-Caracter\u00edsticas: Industrial, ergon\u00f3mico, escobillas de carb\u00f3n de alta resistencia.<\/p>\n<p>-Mandril: 1\/8\u2033.<\/p>\n<p>-Material: Pl\u00e1stico \u2013 metal.<\/p>\n<p>-Tama\u00f1o de cuello: 3.2mm.<\/p>\n<p>-Potencia: 130W.<\/p>\n<p>-Velocidad sin carga: 10000-32000\/min.<\/p>\n<p>-Incluye: Maleta de transporte, 109 piezas en accesorios, Spindle Lock (desbloqueo sencillo), varilla flexible y un set de escobillas de carb\u00f3n resistencia.<\/p>\n","protected":false},"excerpt":{"rendered":"<p>-\u00bfD\u00f3nde usarlo?: Dom\u00e9stico\/taller, fabricaci\u00f3n general, construcci\u00f3n. -Caracter\u00edsticas: Industrial, ergon\u00f3mico, escobillas de carb\u00f3n de alta resistencia. -Mandril: 1\/8\u2033. -Material: Pl\u00e1stico \u2013<\/p>\n","protected":false},"featured_media":97589,"comment_status":"closed","ping_status":"open","template":"","meta":[],"product_brand":[],"product_cat":[23,87],"product_tag":[],"class_list":{"0":"post-85075","1":"product","2":"type-product","3":"status-publish","4":"has-post-thumbnail","6":"product_cat-herramientas","7":"product_cat-herramientas-electricas","9":"first","10":"instock","11":"purchasable","12":"product-type-simple"},"jetpack_sharing_enabled":true,"_links":{"self":[{"href":"https:\/\/www.veneciacr.com\/index.php\/wp-json\/wp\/v2\/product\/85075","targetHints":{"allow":["GET"]}}],"collection":[{"href":"https:\/\/www.veneciacr.com\/index.php\/wp-json\/wp\/v2\/product"}],"about":[{"href":"https:\/\/www.veneciacr.com\/index.php\/wp-json\/wp\/v2\/types\/product"}],"replies":[{"embeddable":true,"href":"https:\/\/www.veneciacr.com\/index.php\/wp-json\/wp\/v2\/comments?post=85075"}],"wp:featuredmedia":[{"embeddable":true,"href":"https:\/\/www.veneciacr.com\/index.php\/wp-json\/wp\/v2\/media\/97589"}],"wp:attachment":[{"href":"https:\/\/www.veneciacr.com\/index.php\/wp-json\/wp\/v2\/media?parent=85075"}],"wp:term":[{"taxonomy":"product_brand","embeddable":true,"href":"https:\/\/www.veneciacr.com\/index.php\/wp-json\/wp\/v2\/product_brand?post=85075"},{"taxonomy":"product_cat","embeddable":true,"href":"https:\/\/www.veneciacr.com\/index.php\/wp-json\/wp\/v2\/product_cat?post=85075"},{"taxonomy":"product_tag","embeddable":true,"href":"https:\/\/www.veneciacr.com\/index.php\/wp-json\/wp\/v2\/product_tag?post=85075"}],"curies":[{"name":"wp","href":"https:\/\/api.w.org\/{rel}","templated":true}]}}