{"id":85023,"date":"2026-04-21T03:10:35","date_gmt":"2026-04-21T09:10:35","guid":{"rendered":"https:\/\/www.veneciacr.com\/index.php\/producto\/sierra-circular-7-1-4-1500w-sici-7-1-4a3-truper\/"},"modified":"2026-04-21T03:10:37","modified_gmt":"2026-04-21T09:10:37","slug":"sierra-circular-7-1-4-1750w-sici-7-1-4a3-truper","status":"publish","type":"product","link":"https:\/\/www.veneciacr.com\/index.php\/producto\/sierra-circular-7-1-4-1750w-sici-7-1-4a3-truper\/","title":{"rendered":"SIERRA CIRCULAR 7-1\/4&#8243; 1750W SICI-7-1\/4A3 TRUPER"},"content":{"rendered":"<p>Motor de 1500 W, montado sobre balero de bolas para mayor vida \u00fatil y mejor desempe\u00f1o<br \/>\nDoble agarre con dise\u00f1o ergon\u00f3mico y grip antiderrapante<br \/>\nGuarda retr\u00e1ctil de aluminio<br \/>\nZapata de metal con palanca para ajuste del \u00e1ngulo de corte<br \/>\nPara corte en madera<br \/>\nCapacidad biselado 0 &#8211; 45\u00b0<\/p>\n<p>NORMA<br \/>\nCumple la norma NOM-003-SCFI<\/p>\n<p>ESPECIFICACIONES<br \/>\nPotencia: 1 500 W<br \/>\nTensi\u00f3n \/ Frecuencia: 127 V \/ 60 Hz<br \/>\nConsumo: 12 A<br \/>\nVelocidad: 5,500 rpm<br \/>\nCapacidad de biselado: 0\u00b0 &#8211; 45\u00b0<br \/>\nCapacidad de corte a 90\u00b0: 2 9\/16&#8243;(65 mm)<br \/>\nCapacidad de corte a 45\u00b0 : 1 3\/4&#8243; (45 mm)<br \/>\nDi\u00e1metro interior del disco: 5\/8&#8243; (16 mm)<br \/>\nDi\u00e1metro m\u00e1ximo de sierra : 7 1\/4&#8243; (184 mm)<br \/>\nCarbones expuestos: S\u00ed<br \/>\nCiclo de Trabajo: 30 minutos de trabajo por 15 minutos de descanso. M\u00e1ximo diario 3 horas<br \/>\nPeso: 4.1 kg<br \/>\nEmpaque individual: Caja<br \/>\nDisco Truper Expert de 7 1\/4&#8243; de 24 dientes de carburo de tungsteno de alta densidad<br \/>\nGu\u00eda paralela<br \/>\nLlave<br \/>\nCarbones de repuesto<\/p>\n","protected":false},"excerpt":{"rendered":"<p>Motor de 1500 W, montado sobre balero de bolas para mayor vida \u00fatil y mejor desempe\u00f1o Doble agarre con dise\u00f1o<\/p>\n","protected":false},"featured_media":85024,"comment_status":"closed","ping_status":"open","template":"","meta":[],"product_brand":[],"product_cat":[23,87],"product_tag":[],"class_list":{"0":"post-85023","1":"product","2":"type-product","3":"status-publish","4":"has-post-thumbnail","6":"product_cat-herramientas","7":"product_cat-herramientas-electricas","9":"first","10":"instock","11":"purchasable","12":"product-type-simple"},"jetpack_sharing_enabled":true,"_links":{"self":[{"href":"https:\/\/www.veneciacr.com\/index.php\/wp-json\/wp\/v2\/product\/85023","targetHints":{"allow":["GET"]}}],"collection":[{"href":"https:\/\/www.veneciacr.com\/index.php\/wp-json\/wp\/v2\/product"}],"about":[{"href":"https:\/\/www.veneciacr.com\/index.php\/wp-json\/wp\/v2\/types\/product"}],"replies":[{"embeddable":true,"href":"https:\/\/www.veneciacr.com\/index.php\/wp-json\/wp\/v2\/comments?post=85023"}],"wp:featuredmedia":[{"embeddable":true,"href":"https:\/\/www.veneciacr.com\/index.php\/wp-json\/wp\/v2\/media\/85024"}],"wp:attachment":[{"href":"https:\/\/www.veneciacr.com\/index.php\/wp-json\/wp\/v2\/media?parent=85023"}],"wp:term":[{"taxonomy":"product_brand","embeddable":true,"href":"https:\/\/www.veneciacr.com\/index.php\/wp-json\/wp\/v2\/product_brand?post=85023"},{"taxonomy":"product_cat","embeddable":true,"href":"https:\/\/www.veneciacr.com\/index.php\/wp-json\/wp\/v2\/product_cat?post=85023"},{"taxonomy":"product_tag","embeddable":true,"href":"https:\/\/www.veneciacr.com\/index.php\/wp-json\/wp\/v2\/product_tag?post=85023"}],"curies":[{"name":"wp","href":"https:\/\/api.w.org\/{rel}","templated":true}]}}