{"id":85017,"date":"2026-04-21T03:55:08","date_gmt":"2026-04-21T09:55:08","guid":{"rendered":"https:\/\/www.veneciacr.com\/index.php\/producto\/set-destor-30pzs-c-base-set-30x-truper\/"},"modified":"2026-04-21T03:55:08","modified_gmt":"2026-04-21T09:55:08","slug":"set-destornilladores-30pzs-con-base-set-30x-truper","status":"publish","type":"product","link":"https:\/\/www.veneciacr.com\/index.php\/producto\/set-destornilladores-30pzs-con-base-set-30x-truper\/","title":{"rendered":"SET DESTORNILLADORES 30PZS CON BASE SET-30X TRUPER"},"content":{"rendered":"<p>Mango bimaterial y barras de acero al cromo vanadio<\/p>\n<p>Puntas magnetizadas, para colocar los tornillos en los puntos de dif\u00edcil acceso m\u00e1s f\u00e1cilmente<\/p>\n<p>Hex\u00e1gono en la barra que maximiza el torque con llave<\/p>\n<p>Marcado y c\u00f3digo de color para f\u00e1cil identificaci\u00f3n de medida y punta<\/p>\n<div class=\"col-6\">\n<div class=\"table-responsive tabla_border\">\n<table class=\"table table-bordered table_info_prod align-middle m-0\">\n<tbody>\n<tr id=\"tabla_especs\">\n<td>\n<p class=\"margen_tabla_especs\">4 Puntas phillips de PH0 a PH3<\/p>\n<\/td>\n<\/tr>\n<tr id=\"tabla_especs\">\n<td>\n<p class=\"margen_tabla_especs\">3 Puntas planas de 4 a 6 mm<\/p>\n<\/td>\n<\/tr>\n<tr id=\"tabla_especs\">\n<td>\n<p class=\"margen_tabla_especs\">7 Desarmadores phillips de PH00 a PH2<\/p>\n<\/td>\n<\/tr>\n<tr id=\"tabla_especs\">\n<td>\n<p class=\"margen_tabla_especs\">2 Desarmadores torx de T15 y T20<\/p>\n<\/td>\n<\/tr>\n<\/tbody>\n<\/table>\n<\/div>\n<\/div>\n<div class=\"col-6\">\n<div class=\"table-responsive tabla_border\">\n<table class=\"table table-bordered table_info_prod align-middle m-0\">\n<tbody>\n<tr id=\"tabla_especs\">\n<td>\n<p class=\"margen_tabla_especs\">3 Puntas torx de T15 a T25<\/p>\n<\/td>\n<\/tr>\n<tr id=\"tabla_especs\">\n<td>\n<p class=\"margen_tabla_especs\">7 Desarmadores planos de 3 a 6 mm<\/p>\n<\/td>\n<\/tr>\n<tr id=\"tabla_especs\">\n<td>\n<p class=\"margen_tabla_especs\">3 Desarmadores pozidriv de PZ0 a PZ2<\/p>\n<\/td>\n<\/tr>\n<tr id=\"tabla_especs\">\n<td>\n<p class=\"margen_tabla_especs\">1 Desarmador multipunta magn\u00e9tico<\/p>\n<\/td>\n<\/tr>\n<\/tbody>\n<\/table>\n<\/div>\n<\/div>\n","protected":false},"excerpt":{"rendered":"<p>Mango bimaterial y barras de acero al cromo vanadio Puntas magnetizadas, para colocar los tornillos en los puntos de dif\u00edcil<\/p>\n","protected":false},"featured_media":85018,"comment_status":"closed","ping_status":"open","template":"","meta":[],"product_brand":[],"product_cat":[15],"product_tag":[],"class_list":{"0":"post-85017","1":"product","2":"type-product","3":"status-publish","4":"has-post-thumbnail","6":"product_cat-uncategorized","8":"first","9":"outofstock","10":"purchasable","11":"product-type-simple"},"jetpack_sharing_enabled":true,"_links":{"self":[{"href":"https:\/\/www.veneciacr.com\/index.php\/wp-json\/wp\/v2\/product\/85017","targetHints":{"allow":["GET"]}}],"collection":[{"href":"https:\/\/www.veneciacr.com\/index.php\/wp-json\/wp\/v2\/product"}],"about":[{"href":"https:\/\/www.veneciacr.com\/index.php\/wp-json\/wp\/v2\/types\/product"}],"replies":[{"embeddable":true,"href":"https:\/\/www.veneciacr.com\/index.php\/wp-json\/wp\/v2\/comments?post=85017"}],"wp:featuredmedia":[{"embeddable":true,"href":"https:\/\/www.veneciacr.com\/index.php\/wp-json\/wp\/v2\/media\/85018"}],"wp:attachment":[{"href":"https:\/\/www.veneciacr.com\/index.php\/wp-json\/wp\/v2\/media?parent=85017"}],"wp:term":[{"taxonomy":"product_brand","embeddable":true,"href":"https:\/\/www.veneciacr.com\/index.php\/wp-json\/wp\/v2\/product_brand?post=85017"},{"taxonomy":"product_cat","embeddable":true,"href":"https:\/\/www.veneciacr.com\/index.php\/wp-json\/wp\/v2\/product_cat?post=85017"},{"taxonomy":"product_tag","embeddable":true,"href":"https:\/\/www.veneciacr.com\/index.php\/wp-json\/wp\/v2\/product_tag?post=85017"}],"curies":[{"name":"wp","href":"https:\/\/api.w.org\/{rel}","templated":true}]}}