{"id":85013,"date":"2026-04-30T02:02:38","date_gmt":"2026-04-30T08:02:38","guid":{"rendered":"https:\/\/www.veneciacr.com\/index.php\/producto\/soplete-c-encendido-electrico-boq-90-truper\/"},"modified":"2026-04-30T02:02:38","modified_gmt":"2026-04-30T08:02:38","slug":"soplete-encendido-electrico-boq-90-truper","status":"publish","type":"product","link":"https:\/\/www.veneciacr.com\/index.php\/producto\/soplete-encendido-electrico-boq-90-truper\/","title":{"rendered":"SOPLETE ENCENDIDO ELECTRICO BOQ-90 TRUPER"},"content":{"rendered":"<p>Cuerpo de aluminio<br \/>\nAjuste preciso de flama<br \/>\nEncendido instant\u00e1neo<br \/>\nDifusor de calor para direccionar la flama y calentar m\u00e1s r\u00e1pido el \u00e1rea de trabajo<br \/>\nV\u00e1lvula 1\/4 de vuelta<\/p>\n<p>ESPECIFICACIONES<br \/>\nLargo: 143 mm<br \/>\nAltura: 45 mm<br \/>\nDi\u00e1metro del soplete: 22.5 mm<br \/>\nRosca: 7\/16&#8243; &#8211; 27<br \/>\nPeso: 160 g<br \/>\nEmpaque individual: Bl\u00edster<\/p>\n<p>Aplicaciones<br \/>\nPara uso dom\u00e9stico y manualidades<\/p>\n","protected":false},"excerpt":{"rendered":"<p>Cuerpo de aluminio Ajuste preciso de flama Encendido instant\u00e1neo Difusor de calor para direccionar la flama y calentar m\u00e1s r\u00e1pido<\/p>\n","protected":false},"featured_media":85014,"comment_status":"closed","ping_status":"open","template":"","meta":[],"product_brand":[],"product_cat":[15],"product_tag":[],"class_list":{"0":"post-85013","1":"product","2":"type-product","3":"status-publish","4":"has-post-thumbnail","6":"product_cat-uncategorized","8":"first","9":"instock","10":"purchasable","11":"product-type-simple"},"jetpack_sharing_enabled":true,"_links":{"self":[{"href":"https:\/\/www.veneciacr.com\/index.php\/wp-json\/wp\/v2\/product\/85013","targetHints":{"allow":["GET"]}}],"collection":[{"href":"https:\/\/www.veneciacr.com\/index.php\/wp-json\/wp\/v2\/product"}],"about":[{"href":"https:\/\/www.veneciacr.com\/index.php\/wp-json\/wp\/v2\/types\/product"}],"replies":[{"embeddable":true,"href":"https:\/\/www.veneciacr.com\/index.php\/wp-json\/wp\/v2\/comments?post=85013"}],"wp:featuredmedia":[{"embeddable":true,"href":"https:\/\/www.veneciacr.com\/index.php\/wp-json\/wp\/v2\/media\/85014"}],"wp:attachment":[{"href":"https:\/\/www.veneciacr.com\/index.php\/wp-json\/wp\/v2\/media?parent=85013"}],"wp:term":[{"taxonomy":"product_brand","embeddable":true,"href":"https:\/\/www.veneciacr.com\/index.php\/wp-json\/wp\/v2\/product_brand?post=85013"},{"taxonomy":"product_cat","embeddable":true,"href":"https:\/\/www.veneciacr.com\/index.php\/wp-json\/wp\/v2\/product_cat?post=85013"},{"taxonomy":"product_tag","embeddable":true,"href":"https:\/\/www.veneciacr.com\/index.php\/wp-json\/wp\/v2\/product_tag?post=85013"}],"curies":[{"name":"wp","href":"https:\/\/api.w.org\/{rel}","templated":true}]}}