{"id":84993,"date":"2026-04-21T03:39:09","date_gmt":"2026-04-21T09:39:09","guid":{"rendered":"https:\/\/www.veneciacr.com\/index.php\/producto\/lapiz-magnetico-pesado-pick-upx-truper\/"},"modified":"2026-04-21T03:39:09","modified_gmt":"2026-04-21T09:39:09","slug":"lapiz-magnetico-pesado-pick-upx-truper","status":"publish","type":"product","link":"https:\/\/www.veneciacr.com\/index.php\/producto\/lapiz-magnetico-pesado-pick-upx-truper\/","title":{"rendered":"LAPIZ MAGNETICO PESADO PICK-UPX TRUPER"},"content":{"rendered":"<p>Capacidad de levante 3.6 kg<br \/>\nExtensi\u00f3n m\u00ednima 163 mm<br \/>\nExtensi\u00f3n m\u00e1xima 630 mm<br \/>\nPeso 52.5 g<br \/>\nEmpaque Blister<\/p>\n<p>CARACTER\u00cdSTICAS<br \/>\nExtensi\u00f3n imantada tipo antena fabricada en acero inoxidable<br \/>\nClip tipo bol\u00edgrafo<\/p>\n<p>USOS<br \/>\nMec\u00e1nica automotriz<br \/>\nIdeal para recuperar objetos de metal en zonas de dif\u00edcil acceso<\/p>\n","protected":false},"excerpt":{"rendered":"<p>Capacidad de levante 3.6 kg Extensi\u00f3n m\u00ednima 163 mm Extensi\u00f3n m\u00e1xima 630 mm Peso 52.5 g Empaque Blister CARACTER\u00cdSTICAS Extensi\u00f3n<\/p>\n","protected":false},"featured_media":84994,"comment_status":"closed","ping_status":"open","template":"","meta":[],"product_brand":[],"product_cat":[15],"product_tag":[],"class_list":{"0":"post-84993","1":"product","2":"type-product","3":"status-publish","4":"has-post-thumbnail","6":"product_cat-uncategorized","8":"first","9":"outofstock","10":"purchasable","11":"product-type-simple"},"jetpack_sharing_enabled":true,"_links":{"self":[{"href":"https:\/\/www.veneciacr.com\/index.php\/wp-json\/wp\/v2\/product\/84993","targetHints":{"allow":["GET"]}}],"collection":[{"href":"https:\/\/www.veneciacr.com\/index.php\/wp-json\/wp\/v2\/product"}],"about":[{"href":"https:\/\/www.veneciacr.com\/index.php\/wp-json\/wp\/v2\/types\/product"}],"replies":[{"embeddable":true,"href":"https:\/\/www.veneciacr.com\/index.php\/wp-json\/wp\/v2\/comments?post=84993"}],"wp:featuredmedia":[{"embeddable":true,"href":"https:\/\/www.veneciacr.com\/index.php\/wp-json\/wp\/v2\/media\/84994"}],"wp:attachment":[{"href":"https:\/\/www.veneciacr.com\/index.php\/wp-json\/wp\/v2\/media?parent=84993"}],"wp:term":[{"taxonomy":"product_brand","embeddable":true,"href":"https:\/\/www.veneciacr.com\/index.php\/wp-json\/wp\/v2\/product_brand?post=84993"},{"taxonomy":"product_cat","embeddable":true,"href":"https:\/\/www.veneciacr.com\/index.php\/wp-json\/wp\/v2\/product_cat?post=84993"},{"taxonomy":"product_tag","embeddable":true,"href":"https:\/\/www.veneciacr.com\/index.php\/wp-json\/wp\/v2\/product_tag?post=84993"}],"curies":[{"name":"wp","href":"https:\/\/api.w.org\/{rel}","templated":true}]}}