{"id":84955,"date":"2026-04-21T04:35:03","date_gmt":"2026-04-21T10:35:03","guid":{"rendered":"https:\/\/www.veneciacr.com\/index.php\/producto\/paq-amarra-plastica-20-trans-cin-5050-25-unds-voltech\/"},"modified":"2026-04-21T04:35:05","modified_gmt":"2026-04-21T10:35:05","slug":"paq-amarra-plastica-20-trans-25pzs-cin-5050-volteck","status":"publish","type":"product","link":"https:\/\/www.veneciacr.com\/index.php\/producto\/paq-amarra-plastica-20-trans-25pzs-cin-5050-volteck\/","title":{"rendered":"PAQ AMARRA PLASTICA 20&#8243; TRANS 25PZS CIN-5050 VOLTECK"},"content":{"rendered":"<p>Tensi\u00f3n: 50 lb<br \/>\nResistencia a la tensi\u00f3n: 22.7 Kg<br \/>\nLongitud: 50 cm<br \/>\nAncho: 4.5 mm<br \/>\nN\u00famero de piezas: 25<br \/>\nEmpaque individual: Bolsa con etiqueta<\/p>\n<p>Aplicaciones<br \/>\n\u00datiles para bolsas de basura, equipaje, almac\u00e9n, herramientas, artesan\u00edas, campamento, jard\u00edn, mec\u00e1nica, el\u00e9ctricos y m\u00e1s<\/p>\n","protected":false},"excerpt":{"rendered":"<p>Tensi\u00f3n: 50 lb Resistencia a la tensi\u00f3n: 22.7 Kg Longitud: 50 cm Ancho: 4.5 mm N\u00famero de piezas: 25 Empaque<\/p>\n","protected":false},"featured_media":84956,"comment_status":"closed","ping_status":"open","template":"","meta":[],"product_brand":[],"product_cat":[15],"product_tag":[],"class_list":{"0":"post-84955","1":"product","2":"type-product","3":"status-publish","4":"has-post-thumbnail","6":"product_cat-uncategorized","8":"first","9":"instock","10":"purchasable","11":"product-type-simple"},"jetpack_sharing_enabled":true,"_links":{"self":[{"href":"https:\/\/www.veneciacr.com\/index.php\/wp-json\/wp\/v2\/product\/84955","targetHints":{"allow":["GET"]}}],"collection":[{"href":"https:\/\/www.veneciacr.com\/index.php\/wp-json\/wp\/v2\/product"}],"about":[{"href":"https:\/\/www.veneciacr.com\/index.php\/wp-json\/wp\/v2\/types\/product"}],"replies":[{"embeddable":true,"href":"https:\/\/www.veneciacr.com\/index.php\/wp-json\/wp\/v2\/comments?post=84955"}],"wp:featuredmedia":[{"embeddable":true,"href":"https:\/\/www.veneciacr.com\/index.php\/wp-json\/wp\/v2\/media\/84956"}],"wp:attachment":[{"href":"https:\/\/www.veneciacr.com\/index.php\/wp-json\/wp\/v2\/media?parent=84955"}],"wp:term":[{"taxonomy":"product_brand","embeddable":true,"href":"https:\/\/www.veneciacr.com\/index.php\/wp-json\/wp\/v2\/product_brand?post=84955"},{"taxonomy":"product_cat","embeddable":true,"href":"https:\/\/www.veneciacr.com\/index.php\/wp-json\/wp\/v2\/product_cat?post=84955"},{"taxonomy":"product_tag","embeddable":true,"href":"https:\/\/www.veneciacr.com\/index.php\/wp-json\/wp\/v2\/product_tag?post=84955"}],"curies":[{"name":"wp","href":"https:\/\/api.w.org\/{rel}","templated":true}]}}