{"id":84953,"date":"2026-04-21T04:34:21","date_gmt":"2026-04-21T10:34:21","guid":{"rendered":"https:\/\/www.veneciacr.com\/index.php\/producto\/paq-amarra-plastica-16-blanca-25pzs-cin-5040-truper\/"},"modified":"2026-04-21T04:34:23","modified_gmt":"2026-04-21T10:34:23","slug":"paq-amarra-plastica-16-blanca-25pzs-cin-5040-truper","status":"publish","type":"product","link":"https:\/\/www.veneciacr.com\/index.php\/producto\/paq-amarra-plastica-16-blanca-25pzs-cin-5040-truper\/","title":{"rendered":"PAQ AMARRA PLASTICA 16&#8243; BLANCA 25PZS CIN-5040 TRUPER"},"content":{"rendered":"<p>Tensi\u00f3n 50 lb<br \/>\nLongitud 400 mm<br \/>\nAncho 4.5 mm<br \/>\nPiezas por bolsa 25<br \/>\nEmpaque Caballete<\/p>\n<p>CARACTER\u00cdSTICAS<br \/>\nFabricados en nylon color natural<br \/>\nSeguro autom\u00e1tico<\/p>\n<p>USOS<br \/>\n\u00datiles para bolsas de basura, equipaje, almac\u00e9n, herramientas, artesan\u00edas, campamento, jard\u00edn, mec\u00e1nica, el\u00e9ctricos, seguridad, etc\u00e9tera<\/p>\n","protected":false},"excerpt":{"rendered":"<p>Tensi\u00f3n 50 lb Longitud 400 mm Ancho 4.5 mm Piezas por bolsa 25 Empaque Caballete CARACTER\u00cdSTICAS Fabricados en nylon color<\/p>\n","protected":false},"featured_media":84954,"comment_status":"closed","ping_status":"open","template":"","meta":[],"product_brand":[],"product_cat":[15],"product_tag":[],"class_list":{"0":"post-84953","1":"product","2":"type-product","3":"status-publish","4":"has-post-thumbnail","6":"product_cat-uncategorized","8":"first","9":"outofstock","10":"purchasable","11":"product-type-simple"},"jetpack_sharing_enabled":true,"_links":{"self":[{"href":"https:\/\/www.veneciacr.com\/index.php\/wp-json\/wp\/v2\/product\/84953","targetHints":{"allow":["GET"]}}],"collection":[{"href":"https:\/\/www.veneciacr.com\/index.php\/wp-json\/wp\/v2\/product"}],"about":[{"href":"https:\/\/www.veneciacr.com\/index.php\/wp-json\/wp\/v2\/types\/product"}],"replies":[{"embeddable":true,"href":"https:\/\/www.veneciacr.com\/index.php\/wp-json\/wp\/v2\/comments?post=84953"}],"wp:featuredmedia":[{"embeddable":true,"href":"https:\/\/www.veneciacr.com\/index.php\/wp-json\/wp\/v2\/media\/84954"}],"wp:attachment":[{"href":"https:\/\/www.veneciacr.com\/index.php\/wp-json\/wp\/v2\/media?parent=84953"}],"wp:term":[{"taxonomy":"product_brand","embeddable":true,"href":"https:\/\/www.veneciacr.com\/index.php\/wp-json\/wp\/v2\/product_brand?post=84953"},{"taxonomy":"product_cat","embeddable":true,"href":"https:\/\/www.veneciacr.com\/index.php\/wp-json\/wp\/v2\/product_cat?post=84953"},{"taxonomy":"product_tag","embeddable":true,"href":"https:\/\/www.veneciacr.com\/index.php\/wp-json\/wp\/v2\/product_tag?post=84953"}],"curies":[{"name":"wp","href":"https:\/\/api.w.org\/{rel}","templated":true}]}}