{"id":84928,"date":"2026-04-30T02:07:43","date_gmt":"2026-04-30T08:07:43","guid":{"rendered":"https:\/\/www.veneciacr.com\/index.php\/producto\/extension-elect-pol-15m-era-15x14-voltech\/"},"modified":"2026-04-30T02:07:44","modified_gmt":"2026-04-30T08:07:44","slug":"extension-elect-pol-15m-14awg-era-15x14-volteck","status":"publish","type":"product","link":"https:\/\/www.veneciacr.com\/index.php\/producto\/extension-elect-pol-15m-14awg-era-15x14-volteck\/","title":{"rendered":"EXTENSION ELECT POL 15M 14AWG ERA-15X14 VOLTECK"},"content":{"rendered":"<p>Recubierta de PVC autoextinguible<br \/>\nCon 1 recept\u00e1culo y 1 clavija aterrizada<br \/>\nResiste m\u00e1s carga el\u00e9ctrica que el calibre 16 AWG sin sobrecalentarse<br \/>\n3 x 14 AWG<br \/>\nAterrizado<\/p>\n<p>NORMA<br \/>\nCumple la norma: NOM-003-SCFI<\/p>\n<p>ESPECIFICACIONES<\/p>\n<p>Color: Amarillo<br \/>\nLongitud: 15 m<br \/>\nCalibre: 14 AWG<br \/>\nTensi\u00f3n: 127 V<br \/>\nFrecuencia: 60 Hz<br \/>\nCorriente: 13 A<br \/>\nTemperatura m\u00e1xima de operaci\u00f3n: 60 \u00b0C<br \/>\nEmpaque individual: Porta extensi\u00f3n<\/p>\n<p>Usos<br \/>\nPara uso industrial<br \/>\nIdeal para conectar herramientas industriales y para usarse en distancias largas<\/p>\n<p>CUIDADOS<br \/>\nNo sobrepase la corriente indicada<br \/>\nNo la modifique o repare<br \/>\nRevise peri\u00f3dicamente para identificar cualquier desgaste en el cable o clavija que pudiera representar un riesgo el\u00e9ctrico<br \/>\nDesconectar cuando no se utilice<br \/>\nConectar la clavija totalmente<br \/>\nNo jale del cable para desconectar<br \/>\nNo conectar m\u00e1s de 1650 W<\/p>\n","protected":false},"excerpt":{"rendered":"<p>Recubierta de PVC autoextinguible Con 1 recept\u00e1culo y 1 clavija aterrizada Resiste m\u00e1s carga el\u00e9ctrica que el calibre 16 AWG<\/p>\n","protected":false},"featured_media":84929,"comment_status":"closed","ping_status":"open","template":"","meta":[],"product_brand":[],"product_cat":[80],"product_tag":[],"class_list":{"0":"post-84928","1":"product","2":"type-product","3":"status-publish","4":"has-post-thumbnail","6":"product_cat-electrico","8":"first","9":"instock","10":"purchasable","11":"product-type-simple"},"jetpack_sharing_enabled":true,"_links":{"self":[{"href":"https:\/\/www.veneciacr.com\/index.php\/wp-json\/wp\/v2\/product\/84928","targetHints":{"allow":["GET"]}}],"collection":[{"href":"https:\/\/www.veneciacr.com\/index.php\/wp-json\/wp\/v2\/product"}],"about":[{"href":"https:\/\/www.veneciacr.com\/index.php\/wp-json\/wp\/v2\/types\/product"}],"replies":[{"embeddable":true,"href":"https:\/\/www.veneciacr.com\/index.php\/wp-json\/wp\/v2\/comments?post=84928"}],"wp:featuredmedia":[{"embeddable":true,"href":"https:\/\/www.veneciacr.com\/index.php\/wp-json\/wp\/v2\/media\/84929"}],"wp:attachment":[{"href":"https:\/\/www.veneciacr.com\/index.php\/wp-json\/wp\/v2\/media?parent=84928"}],"wp:term":[{"taxonomy":"product_brand","embeddable":true,"href":"https:\/\/www.veneciacr.com\/index.php\/wp-json\/wp\/v2\/product_brand?post=84928"},{"taxonomy":"product_cat","embeddable":true,"href":"https:\/\/www.veneciacr.com\/index.php\/wp-json\/wp\/v2\/product_cat?post=84928"},{"taxonomy":"product_tag","embeddable":true,"href":"https:\/\/www.veneciacr.com\/index.php\/wp-json\/wp\/v2\/product_tag?post=84928"}],"curies":[{"name":"wp","href":"https:\/\/api.w.org\/{rel}","templated":true}]}}